{"id":98,"date":"2020-01-13T21:27:14","date_gmt":"2020-01-13T20:27:14","guid":{"rendered":"http:\/\/www.klubvss.eu\/?page_id=98"},"modified":"2024-01-21T15:16:12","modified_gmt":"2024-01-21T14:16:12","slug":"specialka-klubu","status":"publish","type":"page","link":"http:\/\/www.klubvss.eu\/?page_id=98","title":{"rendered":"\u0160peci\u00e1lne v\u00fdstavy klubu"},"content":{"rendered":"\n<div class=\"wp-block-file\"><\/div>\n\n\n\n<div class=\"wp-block-file\"><a id=\"wp-block-file--media-32505f47-88f2-4941-a2b8-bf2aeacc8555\" href=\"http:\/\/www.klubvss.eu\/wp-content\/uploads\/2020\/01\/Specialna_vystava_klubu_Vss_2009.pdf\">\u0160peci\u00e1lna v\u00fdstava klubu Vss 2009<\/a><\/div>\n\n\n\n<div class=\"wp-block-file\"><a id=\"wp-block-file--media-e2639c35-4cd5-4498-93d6-c3f1c32333f2\" href=\"http:\/\/www.klubvss.eu\/wp-content\/uploads\/2020\/01\/vyhodnotenie_vystav_za_rok_2010.pdf\">\u0160peci\u00e1lna v\u00fdstava klubu Vss 2010<\/a><\/div>\n\n\n\n<div class=\"wp-block-file\"><a id=\"wp-block-file--media-dc4bcde6-d48c-4df0-b38f-bf24a0b3784c\" href=\"http:\/\/www.klubvss.eu\/wp-content\/uploads\/2020\/01\/specialka_2011.pdf\">\u0160peci\u00e1lna v\u00fdstava klubu Vss 2011<\/a><\/div>\n\n\n\n<div class=\"wp-block-file\"><a id=\"wp-block-file--media-e07f37ef-9376-4654-bb86-81218fb19487\" href=\"http:\/\/www.klubvss.eu\/wp-content\/uploads\/2020\/01\/vysledky_2012.pdf\">\u0160peci\u00e1lna v\u00fdstava klubu Vss 2012<\/a><\/div>\n\n\n\n<div class=\"wp-block-file\"><a id=\"wp-block-file--media-cea2f63e-5848-4d18-8965-8d79259082c4\" href=\"http:\/\/www.klubvss.eu\/wp-content\/uploads\/2020\/01\/vysledky_2013.pdf\">\u0160peci\u00e1lna v\u00fdstava klubu Vss 2013<\/a><\/div>\n\n\n\n<div class=\"wp-block-file\"><a id=\"wp-block-file--media-7c03a02d-8d95-40b6-b1c7-411a9a4b3d0a\" href=\"http:\/\/www.klubvss.eu\/wp-content\/uploads\/2020\/01\/specialna_vystava_klubu_vss_2014.docx\">\u0160peci\u00e1lna v\u00fdstava klubu Vss 2014<\/a><\/div>\n\n\n\n<div class=\"wp-block-file\"><a id=\"wp-block-file--media-2a4ac90a-c6d5-4512-bd05-72f457d3a3bd\" href=\"http:\/\/www.klubvss.eu\/wp-content\/uploads\/2020\/01\/specialka_klubu_2015.docx\">\u0160peci\u00e1lna v\u00fdstava klubu Vss 2015<\/a><\/div>\n\n\n\n<div class=\"wp-block-file\"><a id=\"wp-block-file--media-d576c657-e9dc-449a-a477-47005e159d7f\" href=\"http:\/\/www.klubvss.eu\/wp-content\/uploads\/2020\/01\/specialka_klubu_zilina_2016.docx\">\u0160peci\u00e1lna v\u00fdstava klubu Vss 2016<\/a><\/div>\n\n\n\n<p><a href=\"http:\/\/www.klubvss.eu\/?page_id=1018\" data-type=\"page\" data-id=\"1018\">\u0160peci\u00e1lna v\u00fdstava klubu Vss \u017dilina 2023<\/a><\/p>\n","protected":false},"excerpt":{"rendered":"<p>\u0160peci\u00e1lna v\u00fdstava klubu Vss \u017dilina 2023<\/p>\n","protected":false},"author":1,"featured_media":0,"parent":0,"menu_order":0,"comment_status":"closed","ping_status":"closed","template":"","meta":{"ngg_post_thumbnail":0,"footnotes":""},"class_list":["post-98","page","type-page","status-publish","hentry"],"_links":{"self":[{"href":"http:\/\/www.klubvss.eu\/index.php?rest_route=\/wp\/v2\/pages\/98","targetHints":{"allow":["GET"]}}],"collection":[{"href":"http:\/\/www.klubvss.eu\/index.php?rest_route=\/wp\/v2\/pages"}],"about":[{"href":"http:\/\/www.klubvss.eu\/index.php?rest_route=\/wp\/v2\/types\/page"}],"author":[{"embeddable":true,"href":"http:\/\/www.klubvss.eu\/index.php?rest_route=\/wp\/v2\/users\/1"}],"replies":[{"embeddable":true,"href":"http:\/\/www.klubvss.eu\/index.php?rest_route=%2Fwp%2Fv2%2Fcomments&post=98"}],"version-history":[{"count":4,"href":"http:\/\/www.klubvss.eu\/index.php?rest_route=\/wp\/v2\/pages\/98\/revisions"}],"predecessor-version":[{"id":1041,"href":"http:\/\/www.klubvss.eu\/index.php?rest_route=\/wp\/v2\/pages\/98\/revisions\/1041"}],"wp:attachment":[{"href":"http:\/\/www.klubvss.eu\/index.php?rest_route=%2Fwp%2Fv2%2Fmedia&parent=98"}],"curies":[{"name":"wp","href":"https:\/\/api.w.org\/{rel}","templated":true}]}}