{"id":949,"date":"2023-09-16T11:55:17","date_gmt":"2023-09-16T09:55:17","guid":{"rendered":"http:\/\/www.klubvss.eu\/?page_id=949"},"modified":"2023-09-22T12:29:38","modified_gmt":"2023-09-22T10:29:38","slug":"cvmk-hniezdne-26-27-8-2023","status":"publish","type":"page","link":"http:\/\/www.klubvss.eu\/?page_id=949","title":{"rendered":"CVMK Hniezdne 2023"},"content":{"rendered":"\n<h2 class=\"wp-block-heading has-text-align-center\"><strong>CVMK Hniezdne 26.-27.8.2023<\/strong><\/h2>\n\n\n\n<p><\/p>\n\n\n\n<p><\/p>\n\n\n\n<p><strong>Majster:<\/strong> Stanko Peter- 382,5 b&#8230;&#8230;&#8230;&#8230;..<strong>400<\/strong><br><strong>Vicemajster:<\/strong> Stapinsk\u00fd Peter &#8211; 382.b&#8230;&#8230;.<strong>350<\/strong><br><strong>\u0160ampi\u00f3n:<\/strong> Stanko Peter -96.-b&#8230;&#8230;&#8230;&#8230;&#8230;&#8230;<strong>300<\/strong><br><strong>Vice\u0161ampi\u00f3n:<\/strong> Mojcher Juraj -95,5b&#8230;&#8230;&#8230;.<strong>250<\/strong><br><strong>\u0160ampi\u00f3nka:<\/strong> Stanko Peter 96,5 b&#8230;&#8230;&#8230;&#8230;..<strong>300<\/strong><br><strong>\u010cestn\u00e1 cena<\/strong> Salva Laurinec 0.1 96,-b&#8230;.<strong>100<\/strong><\/p>\n\n\n\n<p><\/p>\n\n\n\n<p>K\u00f4ver Milo\u0161 &#8230;&#8230;&#8230;&#8230;&#8230;&#8230;&#8230;&#8230;&#8230;&#8230;&#8230;2\/94,5-95-95,5 = <strong>190<\/strong><br>Stapinsk\u00fd Peter&#8230;&#8230;&#8230;&#8230;&#8230;&#8230;&#8230;&#8230;&#8230;.1\/94,5-2\/95-5\/95,5=<strong>350<\/strong><br>Nem\u010d\u00edk Mario&#8230;&#8230;&#8230;&#8230;&#8230;&#8230;&#8230;&#8230;&#8230;&#8230;.2\/95-3\/95,5=<strong>280<\/strong><br>Stanko Peter&#8230;&#8230;&#8230;&#8230;&#8230;&#8230;&#8230;&#8230;&#8230;&#8230;&#8230;1\/94,5-4\/95-4\/95,5-1\/96-1\/96,5=<strong>390<\/strong><br>Mojcher Juraj&#8230;&#8230;&#8230;&#8230;&#8230;&#8230;&#8230;&#8230;&#8230;&#8230;..1\/94-4\/95-4\/95,5=<strong>340<\/strong><br>Hovan Jozef&#8230;&#8230;&#8230;&#8230;&#8230;&#8230;&#8230;&#8230;&#8230;&#8230;&#8230;2\/95-2\/95,5=<strong>220<\/strong><br>Salva Laurinec&#8230;&#8230;&#8230;&#8230;&#8230;&#8230;&#8230;&#8230;&#8230;..1\/93,5-1\/95-1\/95,5-1\/96=<strong>200<\/strong><\/p>\n\n\n\n<p><\/p>\n\n\n\n<p><strong>Fs:<\/strong><\/p>\n\n\n\n<p>K\u00f4ver Milo\u0161 &#8230;&#8230;&#8230;&#8230;&#8230;&#8230;&#8230;&#8230;&#8230;&#8230;..1\/94-4\/94,5-1\/95-2\/95,5=<strong>290<\/strong><\/p>\n\n\n\n<p>\u010cestn\u00e1 cena 1.0 95,5b &#8230;&#8230;&#8230;<strong>100<\/strong><\/p>\n\n\n\n<p><\/p>\n\n\n\n<p><strong>Tabulka:<\/strong><br>Stanko&#8230;&#8230;&#8230;&#8230;&#8230;&#8230;&#8230;. 1000-390=1390<br>Stapinsk\u00fd&#8230;&#8230;&#8230;&#8230;&#8230;&#8230;.350-350=700<br>Mojcher&#8230;&#8230;&#8230;&#8230;&#8230;&#8230;&#8230;.250-340=590<br>Salva&#8230;&#8230;&#8230;&#8230;&#8230;&#8230;&#8230;&#8230;..100-200=300<br>Nem\u010d\u00edk&#8230;&#8230;&#8230;&#8230;&#8230;&#8230;&#8230;&#8230;280=280<br>Hovan&#8230;&#8230;&#8230;&#8230;&#8230;&#8230;&#8230;&#8230;.230=230<br>K\u00f4ver&#8230;&#8230;&#8230;&#8230;&#8230;&#8230;&#8230;&#8230;..190=190<\/p>\n\n\n\n<p><\/p>\n\n\n\n<p>Fs: <br>K\u00f4ver&#8230;&#8230;&#8230;&#8230;&#8230;&#8230;..100-290=390<\/p>\n\n\n\n<figure class=\"wp-block-image size-large\"><img loading=\"lazy\" decoding=\"async\" width=\"1024\" height=\"683\" src=\"http:\/\/www.klubvss.eu\/wp-content\/uploads\/2023\/09\/sampion-majitel-Peter-Stanko-1024x683.jpg\" alt=\"\" class=\"wp-image-956\" srcset=\"http:\/\/www.klubvss.eu\/wp-content\/uploads\/2023\/09\/sampion-majitel-Peter-Stanko-1024x683.jpg 1024w, http:\/\/www.klubvss.eu\/wp-content\/uploads\/2023\/09\/sampion-majitel-Peter-Stanko-300x200.jpg 300w, http:\/\/www.klubvss.eu\/wp-content\/uploads\/2023\/09\/sampion-majitel-Peter-Stanko-768x512.jpg 768w, http:\/\/www.klubvss.eu\/wp-content\/uploads\/2023\/09\/sampion-majitel-Peter-Stanko-1536x1024.jpg 1536w, http:\/\/www.klubvss.eu\/wp-content\/uploads\/2023\/09\/sampion-majitel-Peter-Stanko-1600x1067.jpg 1600w, http:\/\/www.klubvss.eu\/wp-content\/uploads\/2023\/09\/sampion-majitel-Peter-Stanko.jpg 1920w\" sizes=\"auto, (max-width: 1024px) 100vw, 1024px\" \/><\/figure>\n\n\n\n<p>\u0160ampi\u00f3n majitel Peter Stanko<\/p>\n\n\n\n<figure class=\"wp-block-image size-large\"><img loading=\"lazy\" decoding=\"async\" width=\"1024\" height=\"683\" src=\"http:\/\/www.klubvss.eu\/wp-content\/uploads\/2023\/09\/sampionka-majitel-Peter-Stanko-1024x683.jpg\" alt=\"\" class=\"wp-image-958\" srcset=\"http:\/\/www.klubvss.eu\/wp-content\/uploads\/2023\/09\/sampionka-majitel-Peter-Stanko-1024x683.jpg 1024w, http:\/\/www.klubvss.eu\/wp-content\/uploads\/2023\/09\/sampionka-majitel-Peter-Stanko-300x200.jpg 300w, http:\/\/www.klubvss.eu\/wp-content\/uploads\/2023\/09\/sampionka-majitel-Peter-Stanko-768x512.jpg 768w, http:\/\/www.klubvss.eu\/wp-content\/uploads\/2023\/09\/sampionka-majitel-Peter-Stanko-1536x1024.jpg 1536w, http:\/\/www.klubvss.eu\/wp-content\/uploads\/2023\/09\/sampionka-majitel-Peter-Stanko-1600x1067.jpg 1600w, http:\/\/www.klubvss.eu\/wp-content\/uploads\/2023\/09\/sampionka-majitel-Peter-Stanko.jpg 1920w\" sizes=\"auto, (max-width: 1024px) 100vw, 1024px\" \/><\/figure>\n\n\n\n<p>\u0160ampi\u00f3nka majitel Peter Stanko<\/p>\n\n\n\n<figure class=\"wp-block-image size-large is-resized\"><img loading=\"lazy\" decoding=\"async\" src=\"http:\/\/www.klubvss.eu\/wp-content\/uploads\/2023\/09\/vice-sampion-Juraj-Mojcher-1024x683.jpg\" alt=\"\" class=\"wp-image-959\" width=\"640\" height=\"426\" srcset=\"http:\/\/www.klubvss.eu\/wp-content\/uploads\/2023\/09\/vice-sampion-Juraj-Mojcher-1024x683.jpg 1024w, http:\/\/www.klubvss.eu\/wp-content\/uploads\/2023\/09\/vice-sampion-Juraj-Mojcher-300x200.jpg 300w, http:\/\/www.klubvss.eu\/wp-content\/uploads\/2023\/09\/vice-sampion-Juraj-Mojcher-768x512.jpg 768w, http:\/\/www.klubvss.eu\/wp-content\/uploads\/2023\/09\/vice-sampion-Juraj-Mojcher-1536x1024.jpg 1536w, http:\/\/www.klubvss.eu\/wp-content\/uploads\/2023\/09\/vice-sampion-Juraj-Mojcher-1600x1067.jpg 1600w, http:\/\/www.klubvss.eu\/wp-content\/uploads\/2023\/09\/vice-sampion-Juraj-Mojcher.jpg 1920w\" sizes=\"auto, (max-width: 640px) 100vw, 640px\" \/><\/figure>\n\n\n\n<p>V\u00edce \u0161ampi\u00f3n Juraj Mojch\u00e9r<\/p>\n\n\n\n<figure class=\"wp-block-image size-large\"><img loading=\"lazy\" decoding=\"async\" width=\"1024\" height=\"683\" src=\"http:\/\/www.klubvss.eu\/wp-content\/uploads\/2023\/09\/Vitazna-kolekcia-z-majitelom-Petrom-Stankom_1-1024x683.jpg\" alt=\"\" class=\"wp-image-960\" srcset=\"http:\/\/www.klubvss.eu\/wp-content\/uploads\/2023\/09\/Vitazna-kolekcia-z-majitelom-Petrom-Stankom_1-1024x683.jpg 1024w, http:\/\/www.klubvss.eu\/wp-content\/uploads\/2023\/09\/Vitazna-kolekcia-z-majitelom-Petrom-Stankom_1-300x200.jpg 300w, http:\/\/www.klubvss.eu\/wp-content\/uploads\/2023\/09\/Vitazna-kolekcia-z-majitelom-Petrom-Stankom_1-768x512.jpg 768w, http:\/\/www.klubvss.eu\/wp-content\/uploads\/2023\/09\/Vitazna-kolekcia-z-majitelom-Petrom-Stankom_1-1536x1024.jpg 1536w, http:\/\/www.klubvss.eu\/wp-content\/uploads\/2023\/09\/Vitazna-kolekcia-z-majitelom-Petrom-Stankom_1-1600x1067.jpg 1600w, http:\/\/www.klubvss.eu\/wp-content\/uploads\/2023\/09\/Vitazna-kolekcia-z-majitelom-Petrom-Stankom_1.jpg 1920w\" sizes=\"auto, (max-width: 1024px) 100vw, 1024px\" \/><\/figure>\n\n\n\n<p>V\u00ed\u0165azn\u00e1 kolekcia majitela P. Stanka<\/p>\n\n\n\n<figure class=\"wp-block-image size-large\"><img loading=\"lazy\" decoding=\"async\" width=\"1024\" height=\"683\" src=\"http:\/\/www.klubvss.eu\/wp-content\/uploads\/2023\/09\/Vitazna-kolekcia-z-majitelom-Petrom-Stankom_2-1024x683.jpg\" alt=\"\" class=\"wp-image-961\" srcset=\"http:\/\/www.klubvss.eu\/wp-content\/uploads\/2023\/09\/Vitazna-kolekcia-z-majitelom-Petrom-Stankom_2-1024x683.jpg 1024w, http:\/\/www.klubvss.eu\/wp-content\/uploads\/2023\/09\/Vitazna-kolekcia-z-majitelom-Petrom-Stankom_2-300x200.jpg 300w, http:\/\/www.klubvss.eu\/wp-content\/uploads\/2023\/09\/Vitazna-kolekcia-z-majitelom-Petrom-Stankom_2-768x512.jpg 768w, http:\/\/www.klubvss.eu\/wp-content\/uploads\/2023\/09\/Vitazna-kolekcia-z-majitelom-Petrom-Stankom_2-1536x1024.jpg 1536w, http:\/\/www.klubvss.eu\/wp-content\/uploads\/2023\/09\/Vitazna-kolekcia-z-majitelom-Petrom-Stankom_2-1600x1067.jpg 1600w, http:\/\/www.klubvss.eu\/wp-content\/uploads\/2023\/09\/Vitazna-kolekcia-z-majitelom-Petrom-Stankom_2.jpg 1920w\" sizes=\"auto, (max-width: 1024px) 100vw, 1024px\" \/><\/figure>\n\n\n\n<p>V\u00ed\u0165azn\u00e1 kolekcia s majitelom Petrom Stankom<\/p>\n\n\n\n<figure class=\"wp-block-image size-large\"><img loading=\"lazy\" decoding=\"async\" width=\"1024\" height=\"683\" src=\"http:\/\/www.klubvss.eu\/wp-content\/uploads\/2023\/09\/kolekcia-vicemajster-majitel-Peter-Stapinsky-1024x683.jpg\" alt=\"\" class=\"wp-image-962\" srcset=\"http:\/\/www.klubvss.eu\/wp-content\/uploads\/2023\/09\/kolekcia-vicemajster-majitel-Peter-Stapinsky-1024x683.jpg 1024w, http:\/\/www.klubvss.eu\/wp-content\/uploads\/2023\/09\/kolekcia-vicemajster-majitel-Peter-Stapinsky-300x200.jpg 300w, http:\/\/www.klubvss.eu\/wp-content\/uploads\/2023\/09\/kolekcia-vicemajster-majitel-Peter-Stapinsky-768x512.jpg 768w, http:\/\/www.klubvss.eu\/wp-content\/uploads\/2023\/09\/kolekcia-vicemajster-majitel-Peter-Stapinsky-1536x1024.jpg 1536w, http:\/\/www.klubvss.eu\/wp-content\/uploads\/2023\/09\/kolekcia-vicemajster-majitel-Peter-Stapinsky-1600x1067.jpg 1600w, http:\/\/www.klubvss.eu\/wp-content\/uploads\/2023\/09\/kolekcia-vicemajster-majitel-Peter-Stapinsky.jpg 1920w\" sizes=\"auto, (max-width: 1024px) 100vw, 1024px\" \/><\/figure>\n\n\n\n<p>Kolekcia v\u00edcemajster majitel Peter Stapinsky<\/p>\n\n\n\n<figure class=\"wp-block-gallery has-nested-images columns-default is-cropped wp-block-gallery-1 is-layout-flex wp-block-gallery-is-layout-flex\">\n<figure class=\"wp-block-image size-large\"><img loading=\"lazy\" decoding=\"async\" width=\"768\" height=\"1024\" data-id=\"966\" src=\"http:\/\/www.klubvss.eu\/wp-content\/uploads\/2023\/09\/370300683_1359176705010267_6515416131934600899_n-768x1024.jpg\" alt=\"\" class=\"wp-image-966\" srcset=\"http:\/\/www.klubvss.eu\/wp-content\/uploads\/2023\/09\/370300683_1359176705010267_6515416131934600899_n-768x1024.jpg 768w, http:\/\/www.klubvss.eu\/wp-content\/uploads\/2023\/09\/370300683_1359176705010267_6515416131934600899_n-225x300.jpg 225w, http:\/\/www.klubvss.eu\/wp-content\/uploads\/2023\/09\/370300683_1359176705010267_6515416131934600899_n-1152x1536.jpg 1152w, http:\/\/www.klubvss.eu\/wp-content\/uploads\/2023\/09\/370300683_1359176705010267_6515416131934600899_n.jpg 1536w\" sizes=\"auto, (max-width: 768px) 100vw, 768px\" \/><\/figure>\n\n\n\n<figure class=\"wp-block-image size-large\"><img loading=\"lazy\" decoding=\"async\" width=\"1024\" height=\"768\" data-id=\"965\" src=\"http:\/\/www.klubvss.eu\/wp-content\/uploads\/2023\/09\/370312803_827570368959112_1683599557132037528_n-1024x768.jpg\" alt=\"\" class=\"wp-image-965\" srcset=\"http:\/\/www.klubvss.eu\/wp-content\/uploads\/2023\/09\/370312803_827570368959112_1683599557132037528_n-1024x768.jpg 1024w, http:\/\/www.klubvss.eu\/wp-content\/uploads\/2023\/09\/370312803_827570368959112_1683599557132037528_n-300x225.jpg 300w, http:\/\/www.klubvss.eu\/wp-content\/uploads\/2023\/09\/370312803_827570368959112_1683599557132037528_n-768x576.jpg 768w, http:\/\/www.klubvss.eu\/wp-content\/uploads\/2023\/09\/370312803_827570368959112_1683599557132037528_n-1536x1152.jpg 1536w, http:\/\/www.klubvss.eu\/wp-content\/uploads\/2023\/09\/370312803_827570368959112_1683599557132037528_n-1600x1200.jpg 1600w, http:\/\/www.klubvss.eu\/wp-content\/uploads\/2023\/09\/370312803_827570368959112_1683599557132037528_n.jpg 2048w\" sizes=\"auto, (max-width: 1024px) 100vw, 1024px\" \/><\/figure>\n\n\n\n<figure class=\"wp-block-image size-large\"><img loading=\"lazy\" decoding=\"async\" width=\"768\" height=\"1024\" data-id=\"963\" src=\"http:\/\/www.klubvss.eu\/wp-content\/uploads\/2023\/09\/370312843_319929390435396_8173602874616665616_n-768x1024.jpg\" alt=\"\" class=\"wp-image-963\" srcset=\"http:\/\/www.klubvss.eu\/wp-content\/uploads\/2023\/09\/370312843_319929390435396_8173602874616665616_n-768x1024.jpg 768w, http:\/\/www.klubvss.eu\/wp-content\/uploads\/2023\/09\/370312843_319929390435396_8173602874616665616_n-225x300.jpg 225w, http:\/\/www.klubvss.eu\/wp-content\/uploads\/2023\/09\/370312843_319929390435396_8173602874616665616_n-1152x1536.jpg 1152w, http:\/\/www.klubvss.eu\/wp-content\/uploads\/2023\/09\/370312843_319929390435396_8173602874616665616_n.jpg 1536w\" sizes=\"auto, (max-width: 768px) 100vw, 768px\" \/><\/figure>\n\n\n\n<figure class=\"wp-block-image size-large\"><img loading=\"lazy\" decoding=\"async\" width=\"768\" height=\"1024\" data-id=\"964\" src=\"http:\/\/www.klubvss.eu\/wp-content\/uploads\/2023\/09\/370316721_324279340068228_7858459689998800112_n-768x1024.jpg\" alt=\"\" class=\"wp-image-964\" srcset=\"http:\/\/www.klubvss.eu\/wp-content\/uploads\/2023\/09\/370316721_324279340068228_7858459689998800112_n-768x1024.jpg 768w, http:\/\/www.klubvss.eu\/wp-content\/uploads\/2023\/09\/370316721_324279340068228_7858459689998800112_n-225x300.jpg 225w, http:\/\/www.klubvss.eu\/wp-content\/uploads\/2023\/09\/370316721_324279340068228_7858459689998800112_n-1152x1536.jpg 1152w, http:\/\/www.klubvss.eu\/wp-content\/uploads\/2023\/09\/370316721_324279340068228_7858459689998800112_n.jpg 1536w\" sizes=\"auto, (max-width: 768px) 100vw, 768px\" \/><\/figure>\n<\/figure>\n","protected":false},"excerpt":{"rendered":"<p>CVMK Hniezdne 26.-27.8.2023 Majster: Stanko Peter- 382,5 b&#8230;&#8230;&#8230;&#8230;..400Vicemajster: Stapinsk\u00fd Peter &#8211; 382.b&#8230;&#8230;.350\u0160ampi\u00f3n: Stanko Peter -96.-b&#8230;&#8230;&#8230;&#8230;&#8230;&#8230;300Vice\u0161ampi\u00f3n: Mojcher Juraj -95,5b&#8230;&#8230;&#8230;.250\u0160ampi\u00f3nka: Stanko Peter&hellip;<\/p>\n","protected":false},"author":1,"featured_media":0,"parent":0,"menu_order":0,"comment_status":"closed","ping_status":"closed","template":"","meta":{"ngg_post_thumbnail":0,"footnotes":""},"class_list":["post-949","page","type-page","status-publish","hentry"],"_links":{"self":[{"href":"http:\/\/www.klubvss.eu\/index.php?rest_route=\/wp\/v2\/pages\/949","targetHints":{"allow":["GET"]}}],"collection":[{"href":"http:\/\/www.klubvss.eu\/index.php?rest_route=\/wp\/v2\/pages"}],"about":[{"href":"http:\/\/www.klubvss.eu\/index.php?rest_route=\/wp\/v2\/types\/page"}],"author":[{"embeddable":true,"href":"http:\/\/www.klubvss.eu\/index.php?rest_route=\/wp\/v2\/users\/1"}],"replies":[{"embeddable":true,"href":"http:\/\/www.klubvss.eu\/index.php?rest_route=%2Fwp%2Fv2%2Fcomments&post=949"}],"version-history":[{"count":8,"href":"http:\/\/www.klubvss.eu\/index.php?rest_route=\/wp\/v2\/pages\/949\/revisions"}],"predecessor-version":[{"id":971,"href":"http:\/\/www.klubvss.eu\/index.php?rest_route=\/wp\/v2\/pages\/949\/revisions\/971"}],"wp:attachment":[{"href":"http:\/\/www.klubvss.eu\/index.php?rest_route=%2Fwp%2Fv2%2Fmedia&parent=949"}],"curies":[{"name":"wp","href":"https:\/\/api.w.org\/{rel}","templated":true}]}}