{"id":930,"date":"2023-03-05T09:58:16","date_gmt":"2023-03-05T08:58:16","guid":{"rendered":"http:\/\/www.klubvss.eu\/?page_id=930"},"modified":"2023-03-05T10:16:57","modified_gmt":"2023-03-05T09:16:57","slug":"galeria","status":"publish","type":"page","link":"http:\/\/www.klubvss.eu\/?page_id=930","title":{"rendered":"Gal\u00e9ria"},"content":{"rendered":"\n<p><a href=\"http:\/\/www.klubvss.eu\/?page_id=928\">Klubov\u00e9 v\u00fdstavy<\/a><\/p>\n\n\n\n<p><a href=\"http:\/\/www.klubvss.eu\/?page_id=39\" data-type=\"page\" data-id=\"39\">Arch\u00edv<\/a><\/p>\n","protected":false},"excerpt":{"rendered":"<p>Klubov\u00e9 v\u00fdstavy Arch\u00edv<\/p>\n","protected":false},"author":1,"featured_media":0,"parent":0,"menu_order":0,"comment_status":"closed","ping_status":"closed","template":"","meta":{"ngg_post_thumbnail":0,"footnotes":""},"class_list":["post-930","page","type-page","status-publish","hentry"],"_links":{"self":[{"href":"http:\/\/www.klubvss.eu\/index.php?rest_route=\/wp\/v2\/pages\/930","targetHints":{"allow":["GET"]}}],"collection":[{"href":"http:\/\/www.klubvss.eu\/index.php?rest_route=\/wp\/v2\/pages"}],"about":[{"href":"http:\/\/www.klubvss.eu\/index.php?rest_route=\/wp\/v2\/types\/page"}],"author":[{"embeddable":true,"href":"http:\/\/www.klubvss.eu\/index.php?rest_route=\/wp\/v2\/users\/1"}],"replies":[{"embeddable":true,"href":"http:\/\/www.klubvss.eu\/index.php?rest_route=%2Fwp%2Fv2%2Fcomments&post=930"}],"version-history":[{"count":2,"href":"http:\/\/www.klubvss.eu\/index.php?rest_route=\/wp\/v2\/pages\/930\/revisions"}],"predecessor-version":[{"id":939,"href":"http:\/\/www.klubvss.eu\/index.php?rest_route=\/wp\/v2\/pages\/930\/revisions\/939"}],"wp:attachment":[{"href":"http:\/\/www.klubvss.eu\/index.php?rest_route=%2Fwp%2Fv2%2Fmedia&parent=930"}],"curies":[{"name":"wp","href":"https:\/\/api.w.org\/{rel}","templated":true}]}}