{"id":89,"date":"2020-01-13T21:17:53","date_gmt":"2020-01-13T20:17:53","guid":{"rendered":"http:\/\/www.klubvss.eu\/?page_id=89"},"modified":"2025-12-30T11:49:40","modified_gmt":"2025-12-30T10:49:40","slug":"sutaz-klubu","status":"publish","type":"page","link":"http:\/\/www.klubvss.eu\/?page_id=89","title":{"rendered":"Vyhodnotenia s\u00fa\u0165a\u017ei klubu"},"content":{"rendered":"\n<p>&lt;&lt; <a href=\"http:\/\/www.klubvss.eu\/?page_id=253\"><strong><em>Podmienky s\u00fa\u0165a\u017ee klubu<\/em><\/strong> <\/a> &gt;&gt;<\/p>\n\n\n\n<div class=\"wp-block-file\"><a id=\"wp-block-file--media-c9faa19b-a100-4e1e-a7c3-9e6ef8882d44\" href=\"http:\/\/www.klubvss.eu\/wp-content\/uploads\/2024\/12\/Vyhodnotenie_klubu_2024.xlsx\" target=\"_blank\" rel=\"noreferrer noopener\">Vyhodnotenie klubu Vss za rok 2024<\/a><\/div>\n\n\n\n<div class=\"wp-block-file\"><a id=\"wp-block-file--media-e46d7433-0d22-4357-9a6d-26790e402601\" href=\"http:\/\/www.klubvss.eu\/wp-content\/uploads\/2023\/03\/Vyhodnotenie_klubu_2022.xlsx\" target=\"_blank\" rel=\"noreferrer noopener\">Vyhodnotenie klubu Vss za rok 2022<\/a><\/div>\n\n\n\n<div class=\"wp-block-file\"><a id=\"wp-block-file--media-b622089a-a18e-4e39-9511-98df6cf4bdd7\" href=\"http:\/\/www.klubvss.eu\/wp-content\/uploads\/2021\/11\/Vyhod-Specialka-Samp.plem-a-majster-klubu-2021.xlsx\" target=\"_blank\" rel=\"noreferrer noopener\">Vyhodnotenie s\u00fa\u0165a\u017ee \u0160pecialka \u0161amp. plemenn\u00edkov a majster klubu Vss 2021<\/a><\/div>\n\n\n\n<div class=\"wp-block-file\"><a id=\"wp-block-file--media-7f6c3245-d4a1-46c3-8190-b625e5468ca1\" href=\"http:\/\/www.klubvss.eu\/wp-content\/uploads\/2021\/09\/Vyhodnotenie-klubu-20203.xlsx\" target=\"_blank\" rel=\"noreferrer noopener\">Vyhodnotenie s\u00fa\u0165a\u017ee o najlep\u0161ieho chovate\u013ea klubu Vss za rok 2021<\/a><\/div>\n\n\n\n<div class=\"wp-block-file\"><a id=\"wp-block-file--media-4ae56d1e-ab06-46ba-ad5f-d718c0136e81\" href=\"http:\/\/www.klubvss.eu\/wp-content\/uploads\/2020\/12\/Vyhodnotenie-klubu-2020.xlsx\" target=\"_blank\" rel=\"noreferrer noopener\">Vyhodnotenie s\u00fa\u0165a\u017ee o najlep\u0161ieho chovate\u013ea klubu Vss za rok 2020<\/a><\/div>\n\n\n\n<div class=\"wp-block-file\"><a id=\"wp-block-file--media-3216d6ec-185d-4154-93ba-11c4d5e76caa\" href=\"http:\/\/www.klubvss.eu\/wp-content\/uploads\/2020\/01\/sutaz_klubu_rok_2016.docx\" target=\"_blank\" rel=\"noreferrer noopener\">Vyhodnotenie s\u00fa\u0165a\u017ee o najlep\u0161ieho chovate\u013ea klubu Vss za rok 2016<\/a><\/div>\n\n\n\n<div class=\"wp-block-file\"><a id=\"wp-block-file--media-f044f184-9220-4c26-bbe1-2e09d5d16be7\" href=\"http:\/\/www.klubvss.eu\/wp-content\/uploads\/2020\/01\/sutaz_klubu_rok_2015.docx\" target=\"_blank\" rel=\"noreferrer noopener\">Vyhodnotenie s\u00fa\u0165a\u017ee o najlep\u0161ieho chovate\u013ea klubu Vss za rok 2015<\/a><\/div>\n\n\n\n<div class=\"wp-block-file\"><a id=\"wp-block-file--media-77ff2498-e654-429d-aeb9-8fdc82cd2bc2\" href=\"http:\/\/www.klubvss.eu\/wp-content\/uploads\/2020\/01\/najlepsi_chov._r.2014.docx\" target=\"_blank\" rel=\"noreferrer noopener\">Vyhodnotenie s\u00fa\u0165a\u017ee o najlep\u0161ieho chovate\u013ea klubu Vss za rok 2014<\/a><\/div>\n\n\n\n<div class=\"wp-block-file\"><a id=\"wp-block-file--media-80b52cd4-cc5c-4040-8f6e-5d283eb1a08a\" href=\"http:\/\/www.klubvss.eu\/wp-content\/uploads\/2020\/01\/najlepsi_chovate___klubu_2013.pdf\" target=\"_blank\" rel=\"noreferrer noopener\">Vyhodnotenie s\u00fa\u0165a\u017ee o najlep\u0161ieho chovate\u013ea klubu Vss za rok 2013<\/a><\/div>\n\n\n\n<div class=\"wp-block-file\"><a id=\"wp-block-file--media-b0d62636-ad19-46e8-ae35-7e2ea091e7cf\" href=\"http:\/\/www.klubvss.eu\/wp-content\/uploads\/2020\/01\/najlepsi_chovate___klubu_2012.pdf\" target=\"_blank\" rel=\"noreferrer noopener\">Vyhodnotenie s\u00fa\u0165a\u017ee o najlep\u0161ieho chovate\u013ea klubu Vss za rok 2012<\/a><\/div>\n\n\n\n<div class=\"wp-block-file\"><a id=\"wp-block-file--media-d4b06bbd-da08-41b0-b0be-6c94410d6efd\" href=\"http:\/\/www.klubvss.eu\/wp-content\/uploads\/2020\/01\/najlepsi_chovate___klubu_2011.pdf\" target=\"_blank\" rel=\"noreferrer noopener\">Vyhodnotenie s\u00fa\u0165a\u017ee o najlep\u0161ieho chovate\u013ea klubu Vss za rok 2011<\/a><\/div>\n\n\n\n<p><\/p>\n","protected":false},"excerpt":{"rendered":"<p>&lt;&lt; Podmienky s\u00fa\u0165a\u017ee klubu &gt;&gt;<\/p>\n","protected":false},"author":1,"featured_media":0,"parent":0,"menu_order":0,"comment_status":"closed","ping_status":"closed","template":"","meta":{"ngg_post_thumbnail":0,"footnotes":""},"class_list":["post-89","page","type-page","status-publish","hentry"],"_links":{"self":[{"href":"http:\/\/www.klubvss.eu\/index.php?rest_route=\/wp\/v2\/pages\/89","targetHints":{"allow":["GET"]}}],"collection":[{"href":"http:\/\/www.klubvss.eu\/index.php?rest_route=\/wp\/v2\/pages"}],"about":[{"href":"http:\/\/www.klubvss.eu\/index.php?rest_route=\/wp\/v2\/types\/page"}],"author":[{"embeddable":true,"href":"http:\/\/www.klubvss.eu\/index.php?rest_route=\/wp\/v2\/users\/1"}],"replies":[{"embeddable":true,"href":"http:\/\/www.klubvss.eu\/index.php?rest_route=%2Fwp%2Fv2%2Fcomments&post=89"}],"version-history":[{"count":22,"href":"http:\/\/www.klubvss.eu\/index.php?rest_route=\/wp\/v2\/pages\/89\/revisions"}],"predecessor-version":[{"id":1127,"href":"http:\/\/www.klubvss.eu\/index.php?rest_route=\/wp\/v2\/pages\/89\/revisions\/1127"}],"wp:attachment":[{"href":"http:\/\/www.klubvss.eu\/index.php?rest_route=%2Fwp%2Fv2%2Fmedia&parent=89"}],"curies":[{"name":"wp","href":"https:\/\/api.w.org\/{rel}","templated":true}]}}