{"id":870,"date":"2022-09-16T08:59:45","date_gmt":"2022-09-16T06:59:45","guid":{"rendered":"http:\/\/www.klubvss.eu\/?page_id=870"},"modified":"2022-09-20T12:55:46","modified_gmt":"2022-09-20T10:55:46","slug":"cvmk-hniezdne-28-29-8-2022","status":"publish","type":"page","link":"http:\/\/www.klubvss.eu\/?page_id=870","title":{"rendered":"CVMK Hniezdne 2022"},"content":{"rendered":"\n<p><\/p>\n\n\n\n<p><\/p>\n\n\n\n<h2 class=\"has-text-align-center wp-block-heading\">CVMK Hniezdne 28.-29.8.2022<\/h2>\n\n\n\n<p><\/p>\n\n\n\n<p>Po\u010det prihl\u00e1sen\u00fdch a&nbsp;vystaven\u00fdch kr\u00e1likov za klub: <strong>Vss <\/strong>&nbsp;72 ks a<strong>&nbsp;Fs<\/strong> &nbsp;8ks<br>Po\u010det vystavovate\u013eov \u010dlenov klubu Vss&nbsp; &nbsp;&nbsp;&nbsp;&nbsp;&nbsp;&nbsp;9<br>Celkov\u00fd po\u010det vystaven\u00fdch kr\u00e1likov:&nbsp;&nbsp;&nbsp;&nbsp;&nbsp;&nbsp;&nbsp;&nbsp;&nbsp;&nbsp;&nbsp;&nbsp; <strong>Vss<\/strong>&nbsp;&nbsp; 93 ks a &nbsp;<strong>Fs <\/strong>&nbsp;8ks<br>Posudzovanie kr\u00e1likov vykonali p\u00e1ni Majersk\u00fd Juraj a&nbsp;Bla\u0161ko Pavel posudzovatelia SZCH.<\/p>\n\n\n\n<p><strong>Ocenenie v&nbsp;plemene Vss:<\/strong><\/p>\n\n\n\n<figure class=\"wp-block-table\"><table><tbody><tr><td><strong>MSR<\/strong><\/td><td>\u0160imek Peter<\/td><td>382,0-b<\/td><\/tr><tr><td><strong>1.VMSR<\/strong><\/td><td>Stanko Peter<\/td><td>381,5-b<\/td><\/tr><tr><td><strong>\u0160SR 0,1<\/strong><\/td><td>\u0160imek Petzr<\/td><td>96,0b<\/td><\/tr><tr><td><strong>\u0160SR 1,0<\/strong><\/td><td>Mojcher Juraj<\/td><td>95,5b<\/td><\/tr><tr><td><strong>1.V\u0160SR 0,1<\/strong><\/td><td>\u0160imek Peter<\/td><td>95,5b<\/td><\/tr><tr><td><strong>\u010c c<\/strong><\/td><td>Stapinsk\u00fd&nbsp; Peter<\/td><td>96,0b<\/td><\/tr><\/tbody><\/table><\/figure>\n\n\n\n<p><strong>\u010eal\u0161ie hodnotn\u00e9 kolekcie vystavovali \u010dlenovia klubu:<\/strong><\/p>\n\n\n\n<figure class=\"wp-block-table\"><table><tbody><tr><td><strong>Stanko Peter<\/strong><\/td><td>377,0-b ,377,5,-b ,379,5-b,380,5<\/td><\/tr><tr><td><strong>MUDr. Hovan Jozef<\/strong><\/td><td>38795-b<\/td><\/tr><tr><td><strong>\u0160imek Peter<\/strong><\/td><td>382,0-b<\/td><\/tr><tr><td><strong>Stapinsk\u00fd Peter<\/strong><\/td><td>377,50b<\/td><\/tr><tr><td><strong>MCH Nem\u010d\u00edk M\u00e1rio<\/strong><\/td><td>380,-b<\/td><\/tr><tr><td><strong>Pol\u00e1k \u0160tefan<\/strong><\/td><td>378-5b<\/td><\/tr><tr><td><strong>Mojcher Juraj<\/strong><\/td><td>382-b,379-b<\/td><\/tr><\/tbody><\/table><\/figure>\n\n\n\n<p><strong>VSS<\/strong><\/p>\n\n\n\n<figure class=\"wp-block-table\"><table><tbody><tr><td>1<\/td><td>\u0160imek Peter<\/td><td>MSR<\/td><td>300<\/td><td><\/td><\/tr><tr><td><\/td><td><\/td><td>\u0160SR 0,1<\/td><td>300<\/td><td><\/td><\/tr><tr><td><\/td><td><\/td><td>1V\u0160SR 0,1<\/td><td>250<\/td><td><\/td><\/tr><tr><td><\/td><td><\/td><td>95<\/td><td>50<\/td><td><\/td><\/tr><tr><td><\/td><td><\/td><td>95,5<\/td><td>60<\/td><td><\/td><\/tr><tr><td><\/td><td><\/td><td>96<\/td><td>70<\/td><td><\/td><\/tr><tr><td><\/td><td><\/td><td>95,5<\/td><td>60<\/td><td>382<\/td><\/tr><tr><td><\/td><td><\/td><td><\/td><td><strong>1090<\/strong><\/td><td><\/td><\/tr><tr><td>2<\/td><td>Stanko Peter<\/td><td>1VMSR<\/td><td>250<\/td><td><\/td><\/tr><tr><td><\/td><td><\/td><td>95<\/td><td><\/td><td><\/td><\/tr><tr><td><\/td><td><\/td><td>95,5<\/td><td>60<\/td><td><\/td><\/tr><tr><td><\/td><td><\/td><td>95,5<\/td><td>60<\/td><td><\/td><\/tr><tr><td><\/td><td><\/td><td>95,5<\/td><td>60<\/td><td>381,5<\/td><\/tr><tr><td><\/td><td><\/td><td>95<\/td><td><\/td><td><\/td><\/tr><tr><td><\/td><td><\/td><td>95<\/td><td><\/td><td><\/td><\/tr><tr><td><\/td><td><\/td><td>95,5<\/td><td>60<\/td><td><\/td><\/tr><tr><td><\/td><td><\/td><td>95<\/td><td>50<\/td><td>380,5<\/td><\/tr><tr><td><\/td><td><\/td><td>94<\/td><td><\/td><td><\/td><\/tr><tr><td><\/td><td><\/td><td>94,5<\/td><td><\/td><td><\/td><\/tr><tr><td><\/td><td><\/td><td>94,5<\/td><td><\/td><td><\/td><\/tr><tr><td><\/td><td><\/td><td>94<\/td><td><\/td><td>377<\/td><\/tr><tr><td><\/td><td><\/td><td>94,5<\/td><td><\/td><td><\/td><\/tr><tr><td><\/td><td><\/td><td>94<\/td><td><\/td><td><\/td><\/tr><tr><td><\/td><td><\/td><td>94,5<\/td><td><\/td><td><\/td><\/tr><tr><td><\/td><td><\/td><td>94,5<\/td><td><\/td><td>377,5<\/td><\/tr><tr><td><\/td><td><\/td><td>94,5<\/td><td><\/td><td><\/td><\/tr><tr><td><\/td><td><\/td><td>95<\/td><td><\/td><td><\/td><\/tr><tr><td><\/td><td><\/td><td>94,5<\/td><td><\/td><td><\/td><\/tr><tr><td><\/td><td><\/td><td>95,5<\/td><td>60<\/td><td>379,5<\/td><\/tr><tr><td><\/td><td><\/td><td><\/td><td><strong>600<\/strong><\/td><td><\/td><\/tr><tr><td>3<\/td><td>Mojcher Juraj<\/td><td>\u0160SR 1,0<\/td><td>300<\/td><td><\/td><\/tr><tr><td><\/td><td><\/td><td>95<\/td><td>50<\/td><td><\/td><\/tr><tr><td><\/td><td><\/td><td>94<\/td><td><\/td><td><\/td><\/tr><tr><td><\/td><td><\/td><td>95,5<\/td><td>60<\/td><td><\/td><\/tr><tr><td><\/td><td><\/td><td>95<\/td><td>50<\/td><td><\/td><\/tr><tr><td><\/td><td><\/td><td>95<\/td><td>50<\/td><td><\/td><\/tr><tr><td><\/td><td><\/td><td>94,5<\/td><td>40<\/td><td><\/td><\/tr><tr><td><\/td><td><\/td><td>94,5<\/td><td>40<\/td><td>379<\/td><\/tr><tr><td><\/td><td><\/td><td><\/td><td><strong>590<\/strong><\/td><td><\/td><\/tr><tr><td>4<\/td><td>Stapinsk\u00fd Peter<\/td><td>\u010cc<\/td><td>100<\/td><td><\/td><\/tr><tr><td><\/td><td><\/td><td>95<\/td><td>50<\/td><td><\/td><\/tr><tr><td><\/td><td><\/td><td>95,5<\/td><td>60<\/td><td><\/td><\/tr><tr><td><\/td><td><\/td><td>95<\/td><td>50<\/td><td><\/td><\/tr><tr><td><\/td><td><\/td><td>95<\/td><td>50<\/td><td>380,5<\/td><\/tr><tr><td><\/td><td><\/td><td>95<\/td><td>50<\/td><td><\/td><\/tr><tr><td><\/td><td><\/td><td>94,5<\/td><td><\/td><td><\/td><\/tr><tr><td><\/td><td><\/td><td>95,5<\/td><td>60<\/td><td><\/td><\/tr><tr><td><\/td><td><\/td><td>94<\/td><td><\/td><td>379<\/td><\/tr><tr><td><\/td><td><\/td><td><\/td><td><strong>420<\/strong><\/td><td><\/td><\/tr><tr><td>5<\/td><td>Hovan Jozef<\/td><td>94,5<\/td><td>40<\/td><td><\/td><\/tr><tr><td><\/td><td><\/td><td>95,5<\/td><td>60<\/td><td><\/td><\/tr><tr><td><\/td><td><\/td><td>94,5<\/td><td>40<\/td><td><\/td><\/tr><tr><td><\/td><td><\/td><td>95<\/td><td>50<\/td><td>379,5<\/td><\/tr><tr><td><\/td><td><\/td><td>95<\/td><td>50<\/td><td><\/td><\/tr><tr><td><\/td><td><\/td><td>95<\/td><td>50<\/td><td><\/td><\/tr><tr><td><\/td><td><\/td><td>94,5<\/td><td><\/td><td><\/td><\/tr><tr><td><\/td><td><\/td><td><\/td><td><strong>290<\/strong><\/td><td><\/td><\/tr><tr><td>6<\/td><td>MCH Nem\u010d\u00edk M\u00e1rio<\/td><td>94<\/td><td>30<\/td><td><\/td><\/tr><tr><td><\/td><td><\/td><td>94,5<\/td><td>40<\/td><td><\/td><\/tr><tr><td><\/td><td><\/td><td>94,5<\/td><td>40<\/td><td><\/td><\/tr><tr><td><\/td><td><\/td><td>94,5<\/td><td>40<\/td><td>377,5<\/td><\/tr><tr><td><\/td><td><\/td><td>94<\/td><td>30<\/td><td><\/td><\/tr><tr><td><\/td><td><\/td><td>95,5<\/td><td>60<\/td><td><\/td><\/tr><tr><td><\/td><td><\/td><td><\/td><td><strong>240<\/strong><\/td><td><\/td><\/tr><tr><td>7<\/td><td>Pol\u00e1k \u0160tefan<\/td><td>94,5<\/td><td>40<\/td><td><\/td><\/tr><tr><td><\/td><td><\/td><td>94,5<\/td><td>40<\/td><td><\/td><\/tr><tr><td><\/td><td><\/td><td>94,5<\/td><td>40<\/td><td><\/td><\/tr><tr><td><\/td><td><\/td><td>95<\/td><td>50<\/td><td>378,5<\/td><\/tr><tr><td><\/td><td><\/td><td><\/td><td><strong>170<\/strong><\/td><td><\/td><\/tr><tr><td>8<\/td><td>Lehotsk\u00e1 Monika<\/td><td>95<\/td><td>50<\/td><td><\/td><\/tr><tr><td><\/td><td><\/td><td>94,5<\/td><td>40<\/td><td><\/td><\/tr><tr><td><\/td><td><\/td><td>94<\/td><td>30<\/td><td><\/td><\/tr><tr><td><\/td><td><\/td><td><\/td><td><strong>120<\/strong><\/td><td><\/td><\/tr><tr><td>9<\/td><td>Ing.Oblo\u017einsk\u00fd Roman<\/td><td>94<\/td><td>30<\/td><td><\/td><\/tr><tr><td><\/td><td><\/td><td>94<\/td><td>30<\/td><td><\/td><\/tr><tr><td><\/td><td><\/td><td>93<\/td><td>10<\/td><td><\/td><\/tr><tr><td><\/td><td><\/td><td><\/td><td><strong>70<\/strong><\/td><td><\/td><\/tr><\/tbody><\/table><\/figure>\n\n\n\n<p><strong>Fs<\/strong><\/p>\n\n\n\n<figure class=\"wp-block-table\"><table><tbody><tr><td>1<\/td><td>Stapinsk\u00fd Peter MCH<\/td><td>MSR<\/td><td>300<\/td><td><\/td><\/tr><tr><td><\/td><td><\/td><td>94,5<\/td><td>40<\/td><td><\/td><\/tr><tr><td><\/td><td><\/td><td>94,5<\/td><td>40<\/td><td><\/td><\/tr><tr><td><\/td><td><\/td><td>94,5<\/td><td>50<\/td><td><\/td><\/tr><tr><td><\/td><td><\/td><td>95,5<\/td><td>60<\/td><td>379<\/td><\/tr><tr><td><\/td><td><\/td><td><\/td><td><strong>490<\/strong><\/td><td><\/td><\/tr><tr><td>2<\/td><td>Stanko Peter<\/td><td>\u0160SR<\/td><td>300<\/td><td><\/td><\/tr><tr><td><\/td><td><\/td><td>94<\/td><td>30<\/td><td><\/td><\/tr><tr><td><\/td><td><\/td><td>94,5<\/td><td>40<\/td><td><\/td><\/tr><tr><td><\/td><td><\/td><td>95<\/td><td>50<\/td><td><\/td><\/tr><tr><td><\/td><td><\/td><td>95,5<\/td><td>60<\/td><td><\/td><\/tr><tr><td><\/td><td><\/td><td><\/td><td><strong>480<\/strong><\/td><td><\/td><\/tr><\/tbody><\/table><\/figure>\n\n\n\n<p>Oce\u0148ovanie kr\u00e1likov CVMK Hniezdne 28.-29.8.2022<\/p>\n\n\n\n<figure class=\"wp-block-image size-full\"><img loading=\"lazy\" decoding=\"async\" width=\"960\" height=\"640\" src=\"http:\/\/www.klubvss.eu\/wp-content\/uploads\/2022\/09\/FB_IMG_1661844815104.jpg\" alt=\"\" class=\"wp-image-876\" srcset=\"http:\/\/www.klubvss.eu\/wp-content\/uploads\/2022\/09\/FB_IMG_1661844815104.jpg 960w, http:\/\/www.klubvss.eu\/wp-content\/uploads\/2022\/09\/FB_IMG_1661844815104-300x200.jpg 300w, http:\/\/www.klubvss.eu\/wp-content\/uploads\/2022\/09\/FB_IMG_1661844815104-768x512.jpg 768w\" sizes=\"auto, (max-width: 960px) 100vw, 960px\" \/><\/figure>\n\n\n\n<figure class=\"wp-block-image size-full\"><img loading=\"lazy\" decoding=\"async\" width=\"960\" height=\"640\" src=\"http:\/\/www.klubvss.eu\/wp-content\/uploads\/2022\/09\/FB_IMG_1661844757698.jpg\" alt=\"\" class=\"wp-image-875\" srcset=\"http:\/\/www.klubvss.eu\/wp-content\/uploads\/2022\/09\/FB_IMG_1661844757698.jpg 960w, http:\/\/www.klubvss.eu\/wp-content\/uploads\/2022\/09\/FB_IMG_1661844757698-300x200.jpg 300w, http:\/\/www.klubvss.eu\/wp-content\/uploads\/2022\/09\/FB_IMG_1661844757698-768x512.jpg 768w\" sizes=\"auto, (max-width: 960px) 100vw, 960px\" \/><\/figure>\n\n\n\nngg_shortcode_0_placeholder\n","protected":false},"excerpt":{"rendered":"<p>CVMK Hniezdne 28.-29.8.2022 Po\u010det prihl\u00e1sen\u00fdch a&nbsp;vystaven\u00fdch kr\u00e1likov za klub: Vss &nbsp;72 ks a&nbsp;Fs &nbsp;8ksPo\u010det vystavovate\u013eov \u010dlenov klubu Vss&nbsp; &nbsp;&nbsp;&nbsp;&nbsp;&nbsp;&nbsp;9Celkov\u00fd po\u010det&hellip;<\/p>\n","protected":false},"author":1,"featured_media":0,"parent":0,"menu_order":0,"comment_status":"closed","ping_status":"closed","template":"","meta":{"ngg_post_thumbnail":0,"footnotes":""},"class_list":["post-870","page","type-page","status-publish","hentry"],"_links":{"self":[{"href":"http:\/\/www.klubvss.eu\/index.php?rest_route=\/wp\/v2\/pages\/870","targetHints":{"allow":["GET"]}}],"collection":[{"href":"http:\/\/www.klubvss.eu\/index.php?rest_route=\/wp\/v2\/pages"}],"about":[{"href":"http:\/\/www.klubvss.eu\/index.php?rest_route=\/wp\/v2\/types\/page"}],"author":[{"embeddable":true,"href":"http:\/\/www.klubvss.eu\/index.php?rest_route=\/wp\/v2\/users\/1"}],"replies":[{"embeddable":true,"href":"http:\/\/www.klubvss.eu\/index.php?rest_route=%2Fwp%2Fv2%2Fcomments&post=870"}],"version-history":[{"count":7,"href":"http:\/\/www.klubvss.eu\/index.php?rest_route=\/wp\/v2\/pages\/870\/revisions"}],"predecessor-version":[{"id":897,"href":"http:\/\/www.klubvss.eu\/index.php?rest_route=\/wp\/v2\/pages\/870\/revisions\/897"}],"wp:attachment":[{"href":"http:\/\/www.klubvss.eu\/index.php?rest_route=%2Fwp%2Fv2%2Fmedia&parent=870"}],"curies":[{"name":"wp","href":"https:\/\/api.w.org\/{rel}","templated":true}]}}