{"id":767,"date":"2021-11-12T10:47:11","date_gmt":"2021-11-12T09:47:11","guid":{"rendered":"http:\/\/www.klubvss.eu\/?page_id=767"},"modified":"2025-12-30T11:30:39","modified_gmt":"2025-12-30T10:30:39","slug":"navstevy-u-chovatelov","status":"publish","type":"page","link":"http:\/\/www.klubvss.eu\/?page_id=767","title":{"rendered":"N\u00e1v\u0161tevy u chovate\u013eov"},"content":{"rendered":"\n<h1 class=\"wp-block-heading\">&nbsp;<\/h1>\n\n\n\n<h3 class=\"wp-block-heading\"><a href=\"http:\/\/www.klubvss.eu\/?page_id=750\" data-type=\"page\" data-id=\"750\">N\u00e1v\u0161teva u \u010desk\u00fdch chovate\u013eov 8.10.2021<\/a><\/h3>\n\n\n\n<h3 class=\"wp-block-heading\"><a href=\"http:\/\/www.klubvss.eu\/?page_id=1112\" data-type=\"page\" data-id=\"1112\">N\u00e1v\u0161tevy u chovate\u013eov video<\/a><\/h3>\n\n\n\n<h3 class=\"wp-block-heading\"><a href=\"http:\/\/www.klubvss.eu\/?page_id=1108\" data-type=\"page\" data-id=\"1108\">N\u00e1v\u0161tevy u chovate\u013eov gal\u00e9ria<\/a><\/h3>\n\n\n\n<p><\/p>\n","protected":false},"excerpt":{"rendered":"<p>&nbsp; N\u00e1v\u0161teva u \u010desk\u00fdch chovate\u013eov 8.10.2021 N\u00e1v\u0161tevy u chovate\u013eov video N\u00e1v\u0161tevy u chovate\u013eov gal\u00e9ria<\/p>\n","protected":false},"author":1,"featured_media":0,"parent":0,"menu_order":0,"comment_status":"closed","ping_status":"closed","template":"","meta":{"ngg_post_thumbnail":0,"footnotes":""},"class_list":["post-767","page","type-page","status-publish","hentry"],"_links":{"self":[{"href":"http:\/\/www.klubvss.eu\/index.php?rest_route=\/wp\/v2\/pages\/767","targetHints":{"allow":["GET"]}}],"collection":[{"href":"http:\/\/www.klubvss.eu\/index.php?rest_route=\/wp\/v2\/pages"}],"about":[{"href":"http:\/\/www.klubvss.eu\/index.php?rest_route=\/wp\/v2\/types\/page"}],"author":[{"embeddable":true,"href":"http:\/\/www.klubvss.eu\/index.php?rest_route=\/wp\/v2\/users\/1"}],"replies":[{"embeddable":true,"href":"http:\/\/www.klubvss.eu\/index.php?rest_route=%2Fwp%2Fv2%2Fcomments&post=767"}],"version-history":[{"count":13,"href":"http:\/\/www.klubvss.eu\/index.php?rest_route=\/wp\/v2\/pages\/767\/revisions"}],"predecessor-version":[{"id":1121,"href":"http:\/\/www.klubvss.eu\/index.php?rest_route=\/wp\/v2\/pages\/767\/revisions\/1121"}],"wp:attachment":[{"href":"http:\/\/www.klubvss.eu\/index.php?rest_route=%2Fwp%2Fv2%2Fmedia&parent=767"}],"curies":[{"name":"wp","href":"https:\/\/api.w.org\/{rel}","templated":true}]}}