{"id":605,"date":"2020-09-07T11:27:32","date_gmt":"2020-09-07T09:27:32","guid":{"rendered":"http:\/\/www.klubvss.eu\/?page_id=605"},"modified":"2021-09-23T17:45:18","modified_gmt":"2021-09-23T15:45:18","slug":"cvmk-2020-hniezdne","status":"publish","type":"page","link":"http:\/\/www.klubvss.eu\/?page_id=605","title":{"rendered":"CVMK Hniezdne 2020"},"content":{"rendered":"\n<h3 class=\"has-text-align-center wp-block-heading\"><strong>CVMK Hniezdne 29.-30.8.2020<\/strong><\/h3>\n\n\n\n<p><\/p>\n\n\n\n<p>Po\u010det prihl\u00e1sen\u00fdch a&nbsp;vystaven\u00fdch kr\u00e1likov za klub: <strong>Vss <\/strong>&nbsp;70 ks a<strong>&nbsp;Fs<\/strong> &nbsp;4ks<br>Po\u010det vystavovate\u013eov \u010dlenov klubu Vss 12<br>Celkov\u00fd po\u010det vystaven\u00fdch kr\u00e1likov:&nbsp;&nbsp;&nbsp;&nbsp;&nbsp;&nbsp;&nbsp;&nbsp;&nbsp;&nbsp;&nbsp;&nbsp; <strong>Vss<\/strong>&nbsp;&nbsp; 97 ks a &nbsp;<strong>Fs <\/strong>&nbsp;8ks<\/p>\n\n\n\n<p>Posudzovanie kr\u00e1likov vykonali p\u00e1ni Majersk\u00fd Juraj a&nbsp;Rada Du\u0161an posudzovatelia SZCH.<\/p>\n\n\n\n<p>Ocenenie v&nbsp;plemene Vss:&nbsp; <br><strong>MSR <\/strong>&nbsp;&nbsp;&nbsp;&nbsp;&nbsp;Stapinsk\u00fd Peter 382,-b<br><strong>\u010cc kol<\/strong>&nbsp;&nbsp;&nbsp; Stanko Peter&nbsp;&nbsp;&nbsp;&nbsp;&nbsp; 381,-b<br><strong>\u0160SR 0,1<\/strong> Mojcher Juraj&nbsp;&nbsp;&nbsp;&nbsp;&nbsp; 96,0b<br><strong>\u0160SR 1,0<\/strong> &nbsp;Stanko Peter&nbsp;&nbsp;&nbsp;&nbsp;&nbsp;&nbsp;&nbsp; 96,0b<br> <strong>1.V\u0160SR 0,1<\/strong> Stapinsk\u00fd Peter&nbsp; 95,5b<br><strong>2.V\u0160SR 1,0<\/strong> Stapinsk\u00fd Peter&nbsp; 95,5b<br><strong>MCH MSR<\/strong>&nbsp; Nem\u010d\u00edk M\u00e1rio&nbsp;&nbsp;&nbsp;&nbsp;&nbsp; 379,5-b<\/p>\n\n\n\n<p>Ocenenie v&nbsp;plemene Fs:&nbsp;&nbsp; <br><strong>MSR<\/strong>&nbsp;&nbsp;&nbsp;&nbsp;&nbsp;&nbsp;&nbsp; Stanko Peter 380,5-b<br><strong>\u0160SR 0,1<\/strong>&nbsp;&nbsp; Stanko Peter 96,0b<\/p>\n\n\n\n<p><strong>\u010eal\u0161ie hodnotn\u00e9 kolekcie vystavovali \u010dlenovia klubu:<\/strong><br><strong>Stanko Peter<\/strong> 381,-b ,381,-b ,380,5-b , <strong>Re\u017eo\u0148a Jozef<\/strong> 380,-b , <strong>MUDr. Hovan Jozef<\/strong> 380,-b ,<strong>Lehotsk\u00e1 Monika<\/strong> 379,5-b ,<strong>Stoklasa Jaroslav<\/strong> 379,5-b , <strong>Stapinsk\u00fd Peter<\/strong> 379,5-b ,<strong>MCH Nem\u010d\u00edk M\u00e1rio<\/strong> 379,-b ,<strong>Pol\u00e1k \u0160tefan<\/strong> 378,5-b , <strong>Ing. Oblo\u017einsk\u00fd Roman<\/strong> 376,5-b<\/p>\n\n\n\n<p><strong>Preh\u013ead ocenenia Kr\u00e1likov :<\/strong><\/p>\n\n\n\n<figure class=\"wp-block-table is-style-stripes\"><table><tbody><tr><td>&nbsp;<\/td><td><strong>Meno<\/strong><\/td><td><strong>Hodnotenie<\/strong><\/td><\/tr><tr><td>1<\/td><td><strong>Ba\u010da Ondrej<\/strong><\/td><td>4ks&nbsp; 1\/94,5 1\/95 2\/0<\/td><\/tr><tr><td>2<\/td><td><strong>MUDr. Hovan Jozef<\/strong><\/td><td>6ks&nbsp; 2\/94,5 3\/95 1\/95,5<\/td><\/tr><tr><td>3<\/td><td><strong>Mojcher Juraj<\/strong><\/td><td>8ks&nbsp; 1\/94,5 2\/95 2\/95,5 1\/96 2\/0<\/td><\/tr><tr><td>4<\/td><td><strong>Lehotsk\u00e1 Monika<\/strong><\/td><td>4ks&nbsp; 1\/94,5 3\/95<\/td><\/tr><tr><td>5<\/td><td><strong>MCH Nem\u010d\u00edk M\u00e1rio<\/strong><\/td><td>8 ks 3\/94,5 5\/95<\/td><\/tr><tr><td>6<\/td><td><strong>Ing. Oblo\u017einsk\u00fd Roman<\/strong><\/td><td>4 ks&nbsp; 3\/94 1\/94,5<\/td><\/tr><tr><td>7<\/td><td><strong>Pol\u00e1k \u0160tefan<\/strong><\/td><td>4 ks&nbsp; 1\/94 1\/94,5 2\/95<\/td><\/tr><tr><td>8<\/td><td><strong>Re\u017eo\u0148a Jozef<\/strong><\/td><td>4 ks&nbsp; 1\/94 1\/95 2\/95,5<\/td><\/tr><tr><td>9<\/td><td><strong>Salva Laurinec<\/strong><\/td><td>4 ks&nbsp; 1\/94,5 1\/95 1\/95,5 1\/0<\/td><\/tr><tr><td>10<\/td><td><strong>Stanko Peter<\/strong><\/td><td>12 ks&nbsp; 2\/94,5 4\/95 5\/95,5 1\/96<\/td><\/tr><tr><td>11<\/td><td><strong>Stapinsk\u00fd Peter<\/strong><\/td><td>8 ks&nbsp; 2\/94,5 1\/95 5\/95,5<\/td><\/tr><tr><td>20<\/td><td><strong>Stoklasa Jaroslav<\/strong><\/td><td>4 sk&nbsp; 2\/94,5 2\/95<\/td><\/tr><\/tbody><\/table><\/figure>\n\n\n\n<figure class=\"wp-block-table is-style-stripes\"><table><tbody><tr><td class=\"has-text-align-center\" data-align=\"center\"><strong>Vss<\/strong><\/td><\/tr><tr><td class=\"has-text-align-center\" data-align=\"center\">1<\/td><td>Stapinsk\u00fd Peter<\/td><td>MSR<\/td><td>200<\/td><td><\/td><\/tr><tr><td class=\"has-text-align-center\" data-align=\"center\"><\/td><td><\/td><td>1V\u0160SR 0,1-1,0<\/td><td>200<\/td><td><\/td><\/tr><tr><td class=\"has-text-align-center\" data-align=\"center\"><\/td><td><\/td><td>95,5<\/td><td>60<\/td><td><\/td><\/tr><tr><td class=\"has-text-align-center\" data-align=\"center\"><\/td><td><\/td><td>95,5<\/td><td>60<\/td><td><\/td><\/tr><tr><td class=\"has-text-align-center\" data-align=\"center\"><\/td><td><\/td><td>95,5<\/td><td>60<\/td><td><\/td><\/tr><tr><td class=\"has-text-align-center\" data-align=\"center\"><\/td><td><\/td><td>95,5<\/td><td>60<\/td><td>382<\/td><\/tr><tr><td class=\"has-text-align-center\" data-align=\"center\"><\/td><td><\/td><td>95,5<\/td><td>60<\/td><td><\/td><\/tr><tr><td class=\"has-text-align-center\" data-align=\"center\"><\/td><td><\/td><td>95<\/td><td>50<\/td><td><\/td><\/tr><tr><td class=\"has-text-align-center\" data-align=\"center\"><\/td><td><\/td><td>94,5<\/td><td><\/td><td><\/td><\/tr><tr><td class=\"has-text-align-center\" data-align=\"center\"><\/td><td><\/td><td>94,5<\/td><td><\/td><td>379,5<\/td><\/tr><tr><td class=\"has-text-align-center\" data-align=\"center\"><\/td><td><\/td><td><\/td><td><strong>750<\/strong><\/td><td><\/td><\/tr><tr><td class=\"has-text-align-center\" data-align=\"center\">2<\/td><td>Stanko Peter<\/td><td>\u010cc Kol<\/td><td>150<\/td><td><\/td><\/tr><tr><td class=\"has-text-align-center\" data-align=\"center\"><\/td><td><\/td><td>\u0160Sr 1,0<\/td><td>100<\/td><td><\/td><\/tr><tr><td class=\"has-text-align-center\" data-align=\"center\"><\/td><td><\/td><td>94,5<\/td><td><\/td><td><\/td><\/tr><tr><td class=\"has-text-align-center\" data-align=\"center\"><\/td><td><\/td><td>96<\/td><td>70<\/td><td><\/td><\/tr><tr><td class=\"has-text-align-center\" data-align=\"center\"><\/td><td><\/td><td>95,5<\/td><td>60<\/td><td><\/td><\/tr><tr><td class=\"has-text-align-center\" data-align=\"center\"><\/td><td><\/td><td>94,5<\/td><td><\/td><td>380,5<\/td><\/tr><tr><td class=\"has-text-align-center\" data-align=\"center\"><\/td><td><\/td><td>95,5<\/td><td>60<\/td><td><\/td><\/tr><tr><td class=\"has-text-align-center\" data-align=\"center\"><\/td><td><\/td><td>95,5<\/td><td>60<\/td><td><\/td><\/tr><tr><td class=\"has-text-align-center\" data-align=\"center\"><\/td><td><\/td><td>95<\/td><td><\/td><td><\/td><\/tr><tr><td class=\"has-text-align-center\" data-align=\"center\"><\/td><td><\/td><td>95<\/td><td><\/td><td>381<\/td><\/tr><tr><td class=\"has-text-align-center\" data-align=\"center\"><\/td><td><\/td><td>95,5<\/td><td>60<\/td><td><\/td><\/tr><tr><td class=\"has-text-align-center\" data-align=\"center\"><\/td><td><\/td><td>95,5<\/td><td>60<\/td><td><\/td><\/tr><tr><td class=\"has-text-align-center\" data-align=\"center\"><\/td><td><\/td><td>95<\/td><td><\/td><td><\/td><\/tr><tr><td class=\"has-text-align-center\" data-align=\"center\"><\/td><td><\/td><td>95<\/td><td><\/td><td>381<\/td><\/tr><tr><td class=\"has-text-align-center\" data-align=\"center\"><\/td><td><\/td><td><\/td><td><strong>620<\/strong><\/td><td><\/td><\/tr><tr><td class=\"has-text-align-center\" data-align=\"center\">3<\/td><td>Mojcher Juraj<\/td><td>96<\/td><td>70<\/td><td><\/td><\/tr><tr><td class=\"has-text-align-center\" data-align=\"center\"><\/td><td><\/td><td>95,5<\/td><td>60<\/td><td><\/td><\/tr><tr><td class=\"has-text-align-center\" data-align=\"center\"><\/td><td><\/td><td>95,5<\/td><td>60<\/td><td><\/td><\/tr><tr><td class=\"has-text-align-center\" data-align=\"center\"><\/td><td><\/td><td>95<\/td><td>50<\/td><td><\/td><\/tr><tr><td class=\"has-text-align-center\" data-align=\"center\"><\/td><td><\/td><td>95<\/td><td>50<\/td><td><\/td><\/tr><tr><td class=\"has-text-align-center\" data-align=\"center\"><\/td><td><\/td><td>94,5<\/td><td>40<\/td><td><\/td><\/tr><tr><td class=\"has-text-align-center\" data-align=\"center\"><\/td><td><\/td><td>\u0160SR 0,1<\/td><td>100<\/td><td><\/td><\/tr><tr><td class=\"has-text-align-center\" data-align=\"center\"><\/td><td><\/td><td><\/td><td><strong>430<\/strong><\/td><td><\/td><\/tr><tr><td class=\"has-text-align-center\" data-align=\"center\">4<\/td><td>MCH Nem\u010d\u00edk M\u00e1rio<\/td><td>MCHMSR<\/td><td>200<\/td><td><\/td><\/tr><tr><td class=\"has-text-align-center\" data-align=\"center\"><\/td><td><\/td><td>95<\/td><td>50<\/td><td><\/td><\/tr><tr><td class=\"has-text-align-center\" data-align=\"center\"><\/td><td><\/td><td>95<\/td><td>50<\/td><td><\/td><\/tr><tr><td class=\"has-text-align-center\" data-align=\"center\"><\/td><td><\/td><td>95<\/td><td>50<\/td><td><\/td><\/tr><tr><td class=\"has-text-align-center\" data-align=\"center\"><\/td><td><\/td><td>94,5<\/td><td><\/td><td>379,5<\/td><\/tr><tr><td class=\"has-text-align-center\" data-align=\"center\"><\/td><td><\/td><td>95<\/td><td>50<\/td><td><\/td><\/tr><tr><td class=\"has-text-align-center\" data-align=\"center\"><\/td><td><\/td><td>95<\/td><td>50<\/td><td><\/td><\/tr><tr><td class=\"has-text-align-center\" data-align=\"center\"><\/td><td><\/td><td>94,5<\/td><td>40<\/td><td><\/td><\/tr><tr><td class=\"has-text-align-center\" data-align=\"center\"><\/td><td><\/td><td>94,5<\/td><td><\/td><td>379<\/td><\/tr><tr><td class=\"has-text-align-center\" data-align=\"center\"><\/td><td><\/td><td><\/td><td><strong>490<\/strong><\/td><td><\/td><\/tr><tr><td class=\"has-text-align-center\" data-align=\"center\">5<\/td><td>Hovan Jozef<\/td><td>95,5<\/td><td>60<\/td><td><\/td><\/tr><tr><td class=\"has-text-align-center\" data-align=\"center\"><\/td><td><\/td><td>95<\/td><td>50<\/td><td><\/td><\/tr><tr><td class=\"has-text-align-center\" data-align=\"center\"><\/td><td><\/td><td>95<\/td><td>50<\/td><td><\/td><\/tr><tr><td class=\"has-text-align-center\" data-align=\"center\"><\/td><td><\/td><td>94,5<\/td><td>40<\/td><td>380<\/td><\/tr><tr><td class=\"has-text-align-center\" data-align=\"center\"><\/td><td><\/td><td>95<\/td><td>50<\/td><td><\/td><\/tr><tr><td class=\"has-text-align-center\" data-align=\"center\"><\/td><td><\/td><td>94,5<\/td><td>40<\/td><td><\/td><\/tr><tr><td class=\"has-text-align-center\" data-align=\"center\"><\/td><td><\/td><td><\/td><td><strong>290<\/strong><\/td><td><\/td><\/tr><tr><td class=\"has-text-align-center\" data-align=\"center\">6<\/td><td>Re\u017eo\u0148a Jozef<\/td><td>95,5<\/td><td>60<\/td><td><\/td><\/tr><tr><td class=\"has-text-align-center\" data-align=\"center\"><\/td><td><\/td><td>95,5<\/td><td>60<\/td><td><\/td><\/tr><tr><td class=\"has-text-align-center\" data-align=\"center\"><\/td><td><\/td><td>95<\/td><td>50<\/td><td><\/td><\/tr><tr><td class=\"has-text-align-center\" data-align=\"center\"><\/td><td><\/td><td>94<\/td><td>30<\/td><td>380<\/td><\/tr><tr><td class=\"has-text-align-center\" data-align=\"center\"><\/td><td><\/td><td><\/td><td><strong>200<\/strong><\/td><td><\/td><\/tr><tr><td class=\"has-text-align-center\" data-align=\"center\">7<\/td><td>Lehotsk\u00e1 Monika<\/td><td>95<\/td><td>50<\/td><td><\/td><\/tr><tr><td class=\"has-text-align-center\" data-align=\"center\"><\/td><td><\/td><td>95<\/td><td>50<\/td><td><\/td><\/tr><tr><td class=\"has-text-align-center\" data-align=\"center\"><\/td><td><\/td><td>95<\/td><td>50<\/td><td><\/td><\/tr><tr><td class=\"has-text-align-center\" data-align=\"center\"><\/td><td><\/td><td>94,5<\/td><td>40<\/td><td>379,5<\/td><\/tr><tr><td class=\"has-text-align-center\" data-align=\"center\"><\/td><td><\/td><td><\/td><td><strong>190<\/strong><\/td><td><\/td><\/tr><tr><td class=\"has-text-align-center\" data-align=\"center\">8<\/td><td>Stoklasa Jarolav<\/td><td>95<\/td><td>50<\/td><td><\/td><\/tr><tr><td class=\"has-text-align-center\" data-align=\"center\"><\/td><td><\/td><td>95<\/td><td>50<\/td><td><\/td><\/tr><tr><td class=\"has-text-align-center\" data-align=\"center\"><\/td><td><\/td><td>94,5<\/td><td>40<\/td><td><\/td><\/tr><tr><td class=\"has-text-align-center\" data-align=\"center\"><\/td><td><\/td><td>94,5<\/td><td>40<\/td><td>379,5<\/td><\/tr><tr><td class=\"has-text-align-center\" data-align=\"center\"><\/td><td><\/td><td><\/td><td><strong>180<\/strong><\/td><td><\/td><\/tr><tr><td class=\"has-text-align-center\" data-align=\"center\">9<\/td><td>Pol\u00e1k \u0160tefan<\/td><td>95<\/td><td>50<\/td><td><\/td><\/tr><tr><td class=\"has-text-align-center\" data-align=\"center\"><\/td><td><\/td><td>95<\/td><td>50<\/td><td><\/td><\/tr><tr><td class=\"has-text-align-center\" data-align=\"center\"><\/td><td><\/td><td>94,5<\/td><td>40<\/td><td><\/td><\/tr><tr><td class=\"has-text-align-center\" data-align=\"center\"><\/td><td><\/td><td>94<\/td><td>30<\/td><td>378,5<\/td><\/tr><tr><td class=\"has-text-align-center\" data-align=\"center\"><\/td><td><\/td><td><\/td><td><strong>170<\/strong><\/td><td><\/td><\/tr><tr><td class=\"has-text-align-center\" data-align=\"center\">10<\/td><td>Salva Laurinec<\/td><td>95,5<\/td><td>60<\/td><td><\/td><\/tr><tr><td class=\"has-text-align-center\" data-align=\"center\"><\/td><td><\/td><td>95<\/td><td>50<\/td><td><\/td><\/tr><tr><td class=\"has-text-align-center\" data-align=\"center\"><\/td><td><\/td><td>94,5<\/td><td>40<\/td><td><\/td><\/tr><tr><td class=\"has-text-align-center\" data-align=\"center\"><\/td><td><\/td><td><\/td><td><strong>150<\/strong><\/td><td><\/td><\/tr><tr><td class=\"has-text-align-center\" data-align=\"center\">11<\/td><td>Ing.Oblo\u017einsk\u00fd Roman<\/td><td>94,5<\/td><td>40<\/td><td><\/td><\/tr><tr><td class=\"has-text-align-center\" data-align=\"center\"><\/td><td><\/td><td>94<\/td><td>30<\/td><td><\/td><\/tr><tr><td class=\"has-text-align-center\" data-align=\"center\"><\/td><td><\/td><td>94<\/td><td>30<\/td><td><\/td><\/tr><tr><td class=\"has-text-align-center\" data-align=\"center\"><\/td><td><\/td><td>94<\/td><td>30<\/td><td>376,5<\/td><\/tr><tr><td class=\"has-text-align-center\" data-align=\"center\"><\/td><td><\/td><td><\/td><td><strong>130<\/strong><\/td><td><\/td><\/tr><tr><td class=\"has-text-align-center\" data-align=\"center\">12<\/td><td>Ba\u010da Ondrej<\/td><td>95<\/td><td>50<\/td><td><\/td><\/tr><tr><td class=\"has-text-align-center\" data-align=\"center\"><\/td><td><\/td><td>94,5<\/td><td>40<\/td><td><\/td><\/tr><tr><td class=\"has-text-align-center\" data-align=\"center\"><\/td><td><\/td><td><\/td><td>90<\/td><td><\/td><\/tr><\/tbody><\/table><\/figure>\n\n\n\n<p>\u0160ampi\u00f3n: Peter Stanko<\/p>\n\n\n\n<figure class=\"wp-block-image size-large\"><img loading=\"lazy\" decoding=\"async\" width=\"1024\" height=\"461\" src=\"http:\/\/www.klubvss.eu\/wp-content\/uploads\/2020\/09\/Sampion_CVMK_2020-1024x461.jpg\" alt=\"\" class=\"wp-image-611\" srcset=\"http:\/\/www.klubvss.eu\/wp-content\/uploads\/2020\/09\/Sampion_CVMK_2020-1024x461.jpg 1024w, http:\/\/www.klubvss.eu\/wp-content\/uploads\/2020\/09\/Sampion_CVMK_2020-300x135.jpg 300w, http:\/\/www.klubvss.eu\/wp-content\/uploads\/2020\/09\/Sampion_CVMK_2020-768x346.jpg 768w, http:\/\/www.klubvss.eu\/wp-content\/uploads\/2020\/09\/Sampion_CVMK_2020-1536x692.jpg 1536w, http:\/\/www.klubvss.eu\/wp-content\/uploads\/2020\/09\/Sampion_CVMK_2020-2048x922.jpg 2048w, http:\/\/www.klubvss.eu\/wp-content\/uploads\/2020\/09\/Sampion_CVMK_2020-1600x721.jpg 1600w\" sizes=\"auto, (max-width: 1024px) 100vw, 1024px\" \/><\/figure>\n\n\n\n<p>\u0160ampi\u00f3nka: Juraj Mojch\u00e9r<\/p>\n\n\n\n<figure class=\"wp-block-image size-large\"><img loading=\"lazy\" decoding=\"async\" width=\"1024\" height=\"461\" src=\"http:\/\/www.klubvss.eu\/wp-content\/uploads\/2020\/09\/Sampionka_CVMK_2020-1024x461.jpg\" alt=\"\" class=\"wp-image-613\" srcset=\"http:\/\/www.klubvss.eu\/wp-content\/uploads\/2020\/09\/Sampionka_CVMK_2020-1024x461.jpg 1024w, http:\/\/www.klubvss.eu\/wp-content\/uploads\/2020\/09\/Sampionka_CVMK_2020-300x135.jpg 300w, http:\/\/www.klubvss.eu\/wp-content\/uploads\/2020\/09\/Sampionka_CVMK_2020-768x346.jpg 768w, http:\/\/www.klubvss.eu\/wp-content\/uploads\/2020\/09\/Sampionka_CVMK_2020-1536x692.jpg 1536w, http:\/\/www.klubvss.eu\/wp-content\/uploads\/2020\/09\/Sampionka_CVMK_2020-2048x922.jpg 2048w, http:\/\/www.klubvss.eu\/wp-content\/uploads\/2020\/09\/Sampionka_CVMK_2020-1600x721.jpg 1600w\" sizes=\"auto, (max-width: 1024px) 100vw, 1024px\" \/><\/figure>\n\n\n\n<p>\u0160ampi\u00f3nka Franc\u00faskych strieborn\u00fdch: Stanko Peter<\/p>\n\n\n\n<figure class=\"wp-block-image size-large\"><img loading=\"lazy\" decoding=\"async\" width=\"1024\" height=\"461\" src=\"http:\/\/www.klubvss.eu\/wp-content\/uploads\/2020\/09\/Sampionka_FS_CVMK_2020-1024x461.jpg\" alt=\"\" class=\"wp-image-614\" srcset=\"http:\/\/www.klubvss.eu\/wp-content\/uploads\/2020\/09\/Sampionka_FS_CVMK_2020-1024x461.jpg 1024w, http:\/\/www.klubvss.eu\/wp-content\/uploads\/2020\/09\/Sampionka_FS_CVMK_2020-300x135.jpg 300w, http:\/\/www.klubvss.eu\/wp-content\/uploads\/2020\/09\/Sampionka_FS_CVMK_2020-768x346.jpg 768w, http:\/\/www.klubvss.eu\/wp-content\/uploads\/2020\/09\/Sampionka_FS_CVMK_2020-1536x692.jpg 1536w, http:\/\/www.klubvss.eu\/wp-content\/uploads\/2020\/09\/Sampionka_FS_CVMK_2020-2048x922.jpg 2048w, http:\/\/www.klubvss.eu\/wp-content\/uploads\/2020\/09\/Sampionka_FS_CVMK_2020-1600x721.jpg 1600w\" sizes=\"auto, (max-width: 1024px) 100vw, 1024px\" \/><\/figure>\n\n\n\n<p>V\u00ed\u0165azn\u00e1 kolekcia: Stapinsk\u00fd Peter<\/p>\n\n\n\n<figure class=\"wp-block-image size-large\"><img loading=\"lazy\" decoding=\"async\" width=\"1024\" height=\"461\" src=\"http:\/\/www.klubvss.eu\/wp-content\/uploads\/2020\/09\/Stapinsky-Peter-1024x461.jpg\" alt=\"\" class=\"wp-image-615\" srcset=\"http:\/\/www.klubvss.eu\/wp-content\/uploads\/2020\/09\/Stapinsky-Peter-1024x461.jpg 1024w, http:\/\/www.klubvss.eu\/wp-content\/uploads\/2020\/09\/Stapinsky-Peter-300x135.jpg 300w, http:\/\/www.klubvss.eu\/wp-content\/uploads\/2020\/09\/Stapinsky-Peter-768x346.jpg 768w, http:\/\/www.klubvss.eu\/wp-content\/uploads\/2020\/09\/Stapinsky-Peter-1536x692.jpg 1536w, http:\/\/www.klubvss.eu\/wp-content\/uploads\/2020\/09\/Stapinsky-Peter-2048x922.jpg 2048w, http:\/\/www.klubvss.eu\/wp-content\/uploads\/2020\/09\/Stapinsky-Peter-1600x721.jpg 1600w\" sizes=\"auto, (max-width: 1024px) 100vw, 1024px\" \/><\/figure>\n\n\n\n<p>V\u00ed\u0165azn\u00e1 kolekcia ml. chovate\u013e: M\u00e1rio Nem\u010d\u00edk<\/p>\n\n\n\n<figure class=\"wp-block-image size-large\"><img loading=\"lazy\" decoding=\"async\" width=\"608\" height=\"816\" src=\"http:\/\/www.klubvss.eu\/wp-content\/uploads\/2020\/09\/Mario-Nemcik.jpg\" alt=\"\" class=\"wp-image-616\" srcset=\"http:\/\/www.klubvss.eu\/wp-content\/uploads\/2020\/09\/Mario-Nemcik.jpg 608w, http:\/\/www.klubvss.eu\/wp-content\/uploads\/2020\/09\/Mario-Nemcik-224x300.jpg 224w\" sizes=\"auto, (max-width: 608px) 100vw, 608px\" \/><\/figure>\n\n\n\n<p>   <\/p>\n\n\n\n<p>Foto z v\u00fdstavy CVMK Hniezdne 29.-30.8.2020 <\/p>\n\n\n\nngg_shortcode_0_placeholder\n","protected":false},"excerpt":{"rendered":"<p>CVMK Hniezdne 29.-30.8.2020 Po\u010det prihl\u00e1sen\u00fdch a&nbsp;vystaven\u00fdch kr\u00e1likov za klub: Vss &nbsp;70 ks a&nbsp;Fs &nbsp;4ksPo\u010det vystavovate\u013eov \u010dlenov klubu Vss 12Celkov\u00fd po\u010det&hellip;<\/p>\n","protected":false},"author":1,"featured_media":0,"parent":0,"menu_order":0,"comment_status":"closed","ping_status":"closed","template":"","meta":{"ngg_post_thumbnail":0,"footnotes":""},"class_list":["post-605","page","type-page","status-publish","hentry"],"_links":{"self":[{"href":"http:\/\/www.klubvss.eu\/index.php?rest_route=\/wp\/v2\/pages\/605","targetHints":{"allow":["GET"]}}],"collection":[{"href":"http:\/\/www.klubvss.eu\/index.php?rest_route=\/wp\/v2\/pages"}],"about":[{"href":"http:\/\/www.klubvss.eu\/index.php?rest_route=\/wp\/v2\/types\/page"}],"author":[{"embeddable":true,"href":"http:\/\/www.klubvss.eu\/index.php?rest_route=\/wp\/v2\/users\/1"}],"replies":[{"embeddable":true,"href":"http:\/\/www.klubvss.eu\/index.php?rest_route=%2Fwp%2Fv2%2Fcomments&post=605"}],"version-history":[{"count":15,"href":"http:\/\/www.klubvss.eu\/index.php?rest_route=\/wp\/v2\/pages\/605\/revisions"}],"predecessor-version":[{"id":716,"href":"http:\/\/www.klubvss.eu\/index.php?rest_route=\/wp\/v2\/pages\/605\/revisions\/716"}],"wp:attachment":[{"href":"http:\/\/www.klubvss.eu\/index.php?rest_route=%2Fwp%2Fv2%2Fmedia&parent=605"}],"curies":[{"name":"wp","href":"https:\/\/api.w.org\/{rel}","templated":true}]}}