{"id":5,"date":"2020-01-13T17:40:21","date_gmt":"2020-01-13T16:40:21","guid":{"rendered":"http:\/\/www.klubvss.eu\/?page_id=5"},"modified":"2025-12-30T09:56:34","modified_gmt":"2025-12-30T08:56:34","slug":"uvod","status":"publish","type":"page","link":"http:\/\/www.klubvss.eu\/","title":{"rendered":"\u00davod"},"content":{"rendered":"\n<h2 class=\"wp-block-heading has-text-align-center\"> <strong>Vitajte na str\u00e1nke klubu Vss a Fs<\/strong><\/h2>\n\n\n\n<figure class=\"wp-block-image size-full\"><img loading=\"lazy\" decoding=\"async\" width=\"1000\" height=\"1000\" src=\"http:\/\/www.klubvss.eu\/wp-content\/uploads\/2021\/11\/Logo_1000x1000.png\" alt=\"\" class=\"wp-image-834\" srcset=\"http:\/\/www.klubvss.eu\/wp-content\/uploads\/2021\/11\/Logo_1000x1000.png 1000w, http:\/\/www.klubvss.eu\/wp-content\/uploads\/2021\/11\/Logo_1000x1000-300x300.png 300w, http:\/\/www.klubvss.eu\/wp-content\/uploads\/2021\/11\/Logo_1000x1000-150x150.png 150w, http:\/\/www.klubvss.eu\/wp-content\/uploads\/2021\/11\/Logo_1000x1000-768x768.png 768w\" sizes=\"auto, (max-width: 1000px) 100vw, 1000px\" \/><\/figure>\n\n\n\n<p><\/p>\n\n\n\n<p><\/p>\n\n\n\n<p><\/p>\n\n\n\n<h3 class=\"wp-block-heading\">Hlavn\u00fd sponzor klubu Vss a Fs: <br><strong><a href=\"http:\/\/www.mifuma.sk\">MIFUMA &#8211; PESTR\u00c1 STRAVA PRE ZDRAVIE ZVIERAT <\/a><\/strong><\/h3>\n\n\n\n<figure class=\"wp-block-image size-large is-resized\"><a href=\"http:\/\/www.mifuma.sk\"><img loading=\"lazy\" decoding=\"async\" width=\"1024\" height=\"390\" src=\"http:\/\/www.klubvss.eu\/wp-content\/uploads\/2022\/08\/mifuma_sponzor1-1024x390.png\" alt=\"\" class=\"wp-image-856\" srcset=\"http:\/\/www.klubvss.eu\/wp-content\/uploads\/2022\/08\/mifuma_sponzor1-1024x390.png 1024w, http:\/\/www.klubvss.eu\/wp-content\/uploads\/2022\/08\/mifuma_sponzor1-300x114.png 300w, http:\/\/www.klubvss.eu\/wp-content\/uploads\/2022\/08\/mifuma_sponzor1-768x292.png 768w, http:\/\/www.klubvss.eu\/wp-content\/uploads\/2022\/08\/mifuma_sponzor1.png 1167w\" sizes=\"auto, (max-width: 1024px) 100vw, 1024px\" \/><\/a><\/figure>\n\n\n\n<h3 class=\"wp-block-heading has-text-align-center\"><strong>Pozv\u00e1nka<\/strong><\/h3>\n\n\n\n<p class=\"has-text-align-center\">Poz\u00fdvame V\u00e1s na 51. \u0161peci\u00e1lnu v\u00fdstavu klubu v d\u0148och 6. &#8211; 7.11.2026 v chovate\u013eskom are\u00e1li ZO SZCH\u00a0 \u017dilina-Str\u00e1\u017eov.<br><br>Uz\u00e1vierka prihl\u00e1\u0161ok d\u0148a 23. 10. 2026<\/p>\n\n\n\n<p><strong>Prihl\u00e1\u0161ky&nbsp; zasiela\u0165 na adresu: <\/strong><br>Franti\u0161ek Ryb\u00e1r <br>Obrancov mieru 361<br>015 01 Rajec<br>mail: <em><a href=\"mailto:f.rybar2@gmail.com\">f.rybar2@gmail.com<\/a><\/em><\/p>\n\n\n\n<p>Ubytovanie: J\u00e1n Labuda&nbsp; \u010d.Tel: 0902\/237891 <\/p>\n\n\n\n<p><\/p>\n\n\n\n<p><\/p>\n\n\n\n<h5 class=\"wp-block-heading has-text-align-left\">50. \u0160peci\u00e1lna v\u00fdstava klubu kr\u00e1likov Vss &#8211; \u017dilina-Str\u00e1\u017eov 2025<\/h5>\n\n\n\n<figure class=\"wp-block-embed is-type-video is-provider-youtube wp-block-embed-youtube wp-embed-aspect-16-9 wp-has-aspect-ratio\"><div class=\"wp-block-embed__wrapper\">\n<iframe loading=\"lazy\" title=\"50.  \u0160peci\u00e1lna v\u00fdstava klubu kr\u00e1likov Vss\" width=\"688\" height=\"387\" src=\"https:\/\/www.youtube.com\/embed\/WjmH4v-H95I?feature=oembed\" frameborder=\"0\" allow=\"accelerometer; autoplay; clipboard-write; encrypted-media; gyroscope; picture-in-picture; web-share\" referrerpolicy=\"strict-origin-when-cross-origin\" allowfullscreen><\/iframe>\n<\/div><\/figure>\n\n\n<div id='widgetweather' style='width:400px; height:225px;position:relative;'><span class=\"wheatherHide\"><a href=\"https:\/\/pocasie.aktuality.sk\/slazany\/\">Po\u010dasie S\u013ea\u017eany<\/a><\/span><\/div>\n<p><script type='text\/javascript'>document.getElementById('widgetweather').innerHTML = '<a href=\\'https:\/\/pocasie.aktuality.sk\/slazany\/\\' title=\\'Po\u010dasie\\' id=\\'widgetweatherweather\\' class=\\'widgetweatherweather\\' style=\\'display:block !important;\\'>Po\u010dasie S\u013ea\u017eany<\/a>';<\/script><script type='text\/javascript' src='https:\/\/pocasie.aktuality.sk\/pocasie-na-web\/weather\/slazany\/?w=400&#038;h=225&#038;l=400x225&#038;c=interaktivna&#038;s=7&#038;o=1'><\/script><link id='widgetcss' rel='stylesheet' type='text\/css' media='all' href='https:\/\/s.aimg.sk\/weather\/css\/widget\/widget400x225.css?v=5' \/>\n","protected":false},"excerpt":{"rendered":"<p>Vitajte na str\u00e1nke klubu Vss a Fs Hlavn\u00fd sponzor klubu Vss a Fs: MIFUMA &#8211; PESTR\u00c1 STRAVA PRE ZDRAVIE ZVIERAT&hellip;<\/p>\n","protected":false},"author":1,"featured_media":0,"parent":0,"menu_order":0,"comment_status":"closed","ping_status":"closed","template":"","meta":{"ngg_post_thumbnail":0,"footnotes":""},"class_list":["post-5","page","type-page","status-publish","hentry"],"_links":{"self":[{"href":"http:\/\/www.klubvss.eu\/index.php?rest_route=\/wp\/v2\/pages\/5","targetHints":{"allow":["GET"]}}],"collection":[{"href":"http:\/\/www.klubvss.eu\/index.php?rest_route=\/wp\/v2\/pages"}],"about":[{"href":"http:\/\/www.klubvss.eu\/index.php?rest_route=\/wp\/v2\/types\/page"}],"author":[{"embeddable":true,"href":"http:\/\/www.klubvss.eu\/index.php?rest_route=\/wp\/v2\/users\/1"}],"replies":[{"embeddable":true,"href":"http:\/\/www.klubvss.eu\/index.php?rest_route=%2Fwp%2Fv2%2Fcomments&post=5"}],"version-history":[{"count":50,"href":"http:\/\/www.klubvss.eu\/index.php?rest_route=\/wp\/v2\/pages\/5\/revisions"}],"predecessor-version":[{"id":1070,"href":"http:\/\/www.klubvss.eu\/index.php?rest_route=\/wp\/v2\/pages\/5\/revisions\/1070"}],"wp:attachment":[{"href":"http:\/\/www.klubvss.eu\/index.php?rest_route=%2Fwp%2Fv2%2Fmedia&parent=5"}],"curies":[{"name":"wp","href":"https:\/\/api.w.org\/{rel}","templated":true}]}}