{"id":35,"date":"2020-01-13T18:56:32","date_gmt":"2020-01-13T17:56:32","guid":{"rendered":"http:\/\/www.klubvss.eu\/?page_id=35"},"modified":"2024-01-21T15:20:06","modified_gmt":"2024-01-21T14:20:06","slug":"podujatia-klubu","status":"publish","type":"page","link":"http:\/\/www.klubvss.eu\/?page_id=35","title":{"rendered":"Podujatia klubu"},"content":{"rendered":"\n<p><\/p>\n\n\n\n<p><a href=\"http:\/\/www.klubvss.eu\/?page_id=98\" data-type=\"page\" data-id=\"98\">\u0160peci\u00e1lne v\u00fdstavy klubu<\/a><\/p>\n\n\n\n<p><a href=\"http:\/\/www.klubvss.eu\/?page_id=1035\" data-type=\"page\" data-id=\"1035\">CVMK V\u00fdstavy<\/a><\/p>\n\n\n\n<p><a href=\"http:\/\/www.klubvss.eu\/?page_id=1031\" data-type=\"page\" data-id=\"1031\">Celo\u0161t\u00e1tne v\u00fdstavy<\/a><\/p>\n\n\n\n<p><a href=\"http:\/\/www.klubvss.eu\/?page_id=89\" data-type=\"page\" data-id=\"89\">Vyhodnotenia s\u00fa\u0165a\u017ei klubu<\/a><\/p>\n","protected":false},"excerpt":{"rendered":"<p>\u0160peci\u00e1lne v\u00fdstavy klubu CVMK V\u00fdstavy Celo\u0161t\u00e1tne v\u00fdstavy Vyhodnotenia s\u00fa\u0165a\u017ei klubu<\/p>\n","protected":false},"author":1,"featured_media":0,"parent":0,"menu_order":0,"comment_status":"closed","ping_status":"closed","template":"","meta":{"ngg_post_thumbnail":0,"footnotes":""},"class_list":["post-35","page","type-page","status-publish","hentry"],"_links":{"self":[{"href":"http:\/\/www.klubvss.eu\/index.php?rest_route=\/wp\/v2\/pages\/35","targetHints":{"allow":["GET"]}}],"collection":[{"href":"http:\/\/www.klubvss.eu\/index.php?rest_route=\/wp\/v2\/pages"}],"about":[{"href":"http:\/\/www.klubvss.eu\/index.php?rest_route=\/wp\/v2\/types\/page"}],"author":[{"embeddable":true,"href":"http:\/\/www.klubvss.eu\/index.php?rest_route=\/wp\/v2\/users\/1"}],"replies":[{"embeddable":true,"href":"http:\/\/www.klubvss.eu\/index.php?rest_route=%2Fwp%2Fv2%2Fcomments&post=35"}],"version-history":[{"count":11,"href":"http:\/\/www.klubvss.eu\/index.php?rest_route=\/wp\/v2\/pages\/35\/revisions"}],"predecessor-version":[{"id":1045,"href":"http:\/\/www.klubvss.eu\/index.php?rest_route=\/wp\/v2\/pages\/35\/revisions\/1045"}],"wp:attachment":[{"href":"http:\/\/www.klubvss.eu\/index.php?rest_route=%2Fwp%2Fv2%2Fmedia&parent=35"}],"curies":[{"name":"wp","href":"https:\/\/api.w.org\/{rel}","templated":true}]}}