{"id":291,"date":"2020-02-17T15:39:28","date_gmt":"2020-02-17T14:39:28","guid":{"rendered":"http:\/\/www.klubvss.eu\/?page_id=291"},"modified":"2025-12-30T11:45:39","modified_gmt":"2025-12-30T10:45:39","slug":"katalog-sv","status":"publish","type":"page","link":"http:\/\/www.klubvss.eu\/?page_id=291","title":{"rendered":"Katal\u00f3g \u0160V"},"content":{"rendered":"\n<div data-wp-interactive=\"core\/file\" class=\"wp-block-file\"><object data-wp-bind--hidden=\"!state.hasPdfPreview\" hidden class=\"wp-block-file__embed\" data=\"http:\/\/www.klubvss.eu\/wp-content\/uploads\/2025\/12\/Katalog-Vss-a-Fs-Zilina-2025.pdf\" type=\"application\/pdf\" style=\"width:100%;height:600px\" aria-label=\"Vlo\u017eit z Katal\u00f3g Vss a Fs \u017dilina 2025.\"><\/object><a id=\"wp-block-file--media-d1b69688-3e5b-440f-b528-8f264f865aa6\" href=\"http:\/\/www.klubvss.eu\/wp-content\/uploads\/2025\/12\/Katalog-Vss-a-Fs-Zilina-2025.pdf\" target=\"_blank\" rel=\"noreferrer noopener\">Katal\u00f3g Vss a Fs \u017dilina 2025<\/a><\/div>\n\n\n\n<div class=\"wp-block-file\"><a id=\"wp-block-file--media-2841844a-fec8-4cc2-b020-a82e1342322f\" href=\"http:\/\/www.klubvss.eu\/wp-content\/uploads\/2024\/10\/Katalog-VSS-Zilina-2024-1.pdf\" target=\"_blank\" rel=\"noreferrer noopener\">Katal\u00f3g Vss \u017dilina 2024<\/a><\/div>\n\n\n\n<div class=\"wp-block-file\"><a id=\"wp-block-file--media-3aec895a-230a-4afe-a401-371c76968e6e\" href=\"http:\/\/www.klubvss.eu\/wp-content\/uploads\/2022\/11\/Katalog-VSS-Z\u030cilina-2022.pdf\" target=\"_blank\" rel=\"noreferrer noopener\">Katal\u00f3g Vss Z\u030cilina 2022<\/a><\/div>\n\n\n\n<div class=\"wp-block-file\"><a id=\"wp-block-file--media-7960d9aa-9a1e-4669-bdf9-08a2e91eee6f\" href=\"http:\/\/www.klubvss.eu\/wp-content\/uploads\/2021\/11\/Katalog-VSS-Zilina-20211.pdf\" target=\"_blank\" rel=\"noreferrer noopener\">Katal\u00f3g Vss \u017dilina 2021<\/a><\/div>\n\n\n\n<div class=\"wp-block-file\"><a id=\"wp-block-file--media-6ca88d93-8300-4394-a85a-2450f3a81015\" href=\"http:\/\/www.klubvss.eu\/wp-content\/uploads\/2020\/02\/katalog_vss_zilina_2018.pdf\" target=\"_blank\" rel=\"noreferrer noopener\">\u0160v klubu Vss 2018<\/a><\/div>\n\n\n\n<div class=\"wp-block-file\"><a id=\"wp-block-file--media-f5e5a51a-df21-4ce7-8e7e-2289c0cf3d0c\" href=\"http:\/\/www.klubvss.eu\/wp-content\/uploads\/2020\/02\/katalog_vss_zilina_2017.pdf\" target=\"_blank\" rel=\"noreferrer noopener\">\u0160v klubu Vss 2017<\/a><\/div>\n\n\n\n<div class=\"wp-block-file\"><a id=\"wp-block-file--media-21724df9-9d10-4967-925d-8044e7bb40a8\" href=\"http:\/\/www.klubvss.eu\/wp-content\/uploads\/2020\/02\/katalog_vss_zilina_2016__automaticky_ulozene_.pdf\" target=\"_blank\" rel=\"noreferrer noopener\">\u0160v klubu Vss 2016<\/a><\/div>\n\n\n\n<div class=\"wp-block-file\"><a id=\"wp-block-file--media-6c43e543-ae0d-4f9b-90a8-944233336f89\" href=\"http:\/\/www.klubvss.eu\/wp-content\/uploads\/2020\/02\/katalog_vss_zilina_2015.pdf\" target=\"_blank\" rel=\"noreferrer noopener\">\u0160v klubu Vss 2015<\/a><\/div>\n\n\n\n<div class=\"wp-block-file\"><a id=\"wp-block-file--media-4e1b17ef-6fa2-4877-b5b1-d87218839637\" href=\"http:\/\/www.klubvss.eu\/wp-content\/uploads\/2020\/02\/katalog_zilina_2014.pdf\" target=\"_blank\" rel=\"noreferrer noopener\">\u0160v klubu Vss 2014<\/a><\/div>\n\n\n\n<div class=\"wp-block-file\"><a id=\"wp-block-file--media-5d7793b6-4e82-4d05-9b52-2391fda199ac\" href=\"http:\/\/www.klubvss.eu\/wp-content\/uploads\/2020\/02\/katalog_zilina_2013__automaticky_ulozene_.pdf\" target=\"_blank\" rel=\"noreferrer noopener\">\u0160v klubu Vss 2013<\/a><\/div>\n\n\n\n<div class=\"wp-block-file\"><a id=\"wp-block-file--media-182eb768-d319-4241-a83a-97e54f5d6a76\" href=\"http:\/\/www.klubvss.eu\/wp-content\/uploads\/2020\/02\/specialka_klubu_chovate__ov_kralikov_vss_2012.pdf\" target=\"_blank\" rel=\"noreferrer noopener\">\u0160v klubu Vss 2012<\/a><\/div>\n\n\n\n<div class=\"wp-block-file\"><a id=\"wp-block-file--media-d0f67a07-b392-468e-9558-2ef48e526561\" href=\"http:\/\/www.klubvss.eu\/wp-content\/uploads\/2020\/02\/katalog_likavka_2011.pdf\" target=\"_blank\" rel=\"noreferrer noopener\">\u0160v klubu Vss 2011<\/a><\/div>\n\n\n\n<p><\/p>\n","protected":false},"excerpt":{"rendered":"","protected":false},"author":1,"featured_media":0,"parent":0,"menu_order":0,"comment_status":"closed","ping_status":"closed","template":"","meta":{"ngg_post_thumbnail":0,"footnotes":""},"class_list":["post-291","page","type-page","status-publish","hentry"],"_links":{"self":[{"href":"http:\/\/www.klubvss.eu\/index.php?rest_route=\/wp\/v2\/pages\/291","targetHints":{"allow":["GET"]}}],"collection":[{"href":"http:\/\/www.klubvss.eu\/index.php?rest_route=\/wp\/v2\/pages"}],"about":[{"href":"http:\/\/www.klubvss.eu\/index.php?rest_route=\/wp\/v2\/types\/page"}],"author":[{"embeddable":true,"href":"http:\/\/www.klubvss.eu\/index.php?rest_route=\/wp\/v2\/users\/1"}],"replies":[{"embeddable":true,"href":"http:\/\/www.klubvss.eu\/index.php?rest_route=%2Fwp%2Fv2%2Fcomments&post=291"}],"version-history":[{"count":13,"href":"http:\/\/www.klubvss.eu\/index.php?rest_route=\/wp\/v2\/pages\/291\/revisions"}],"predecessor-version":[{"id":1125,"href":"http:\/\/www.klubvss.eu\/index.php?rest_route=\/wp\/v2\/pages\/291\/revisions\/1125"}],"wp:attachment":[{"href":"http:\/\/www.klubvss.eu\/index.php?rest_route=%2Fwp%2Fv2%2Fmedia&parent=291"}],"curies":[{"name":"wp","href":"https:\/\/api.w.org\/{rel}","templated":true}]}}