{"id":263,"date":"2020-02-17T13:54:19","date_gmt":"2020-02-17T12:54:19","guid":{"rendered":"http:\/\/www.klubvss.eu\/?page_id=263"},"modified":"2020-02-17T15:26:16","modified_gmt":"2020-02-17T14:26:16","slug":"tyniste-nad-orlici","status":"publish","type":"page","link":"http:\/\/www.klubvss.eu\/?page_id=263","title":{"rendered":"T\u00fdni\u0161te nad Orlic\u00ed"},"content":{"rendered":"\n<h4 class=\"wp-block-heading\"> T\u00fdni\u0161te nad Orlic\u00ed 39.\u0161peci\u00e1lna klubu Vss \u010cSCH   12. 11. 2016 <\/h4>\n\n\n\n<p>\n\tCelkovo bolo prihl\u00e1sen\u00fdch za klub Vss SZCH&nbsp; 27 ks<\/p>\n\n\n\n<p>\n\tPo\u010det chovate\u013eov \u010dlenov klubu Vss &nbsp;SZCH 9.<\/p>\n\n\n\n<p>\n\tZa klub vystaven\u00fdch 27.<\/p>\n\n\n\n<p>\n\tPosudzovanie kr\u00e1likov vykonali&nbsp; posudzovatelia \u010cSCH.<\/p>\n\n\n\n<p> <strong>Ocenenie\u00a0 kolekci\u00ed:<\/strong>\u00a0 Bez ocenenia<\/p>\n\n\n\n<p> <strong>Ocenenie jednotlivci:<\/strong> \u00a0Bez ocenenia\u00a0 \u00a0 \u00a0 \u00a0 \u00a0 \u00a0 \u00a0 \u00a0 \u00a0 \u00a0 \u00a0<\/p>\n\n\n\n<p> <strong>Preh\u013ead ocenenia Vss:<\/strong><\/p>\n\n\n\n<p>\n\tBa\u010da Ondrej&nbsp; &nbsp;&nbsp; &nbsp;&nbsp; &nbsp;&nbsp; &nbsp; &nbsp; 3 ks &nbsp;&nbsp;1\/94 1\/94,5 1\/93,5<\/p>\n\n\n\n<p>\n\tKu\u0161\u00edk Peter&nbsp; &nbsp;&nbsp; &nbsp;&nbsp; &nbsp;&nbsp; &nbsp;&nbsp; &nbsp; 3 ks &nbsp;&nbsp;1\/93,5 1\/92,5,1\/95,5<\/p>\n\n\n\n<p>\n\tRe\u017eo\u0148a Jozef&nbsp; &nbsp; &nbsp; &nbsp;&nbsp; &nbsp;&nbsp; &nbsp;3 ks&nbsp;&nbsp; 1\/94 1\/95 1\/0<\/p>\n\n\n\n<p>\n\tSalva Laurinec&nbsp; &nbsp;&nbsp; &nbsp;&nbsp; &nbsp;&nbsp; 3 ks&nbsp;&nbsp; 1\/95,5 1\/94,5 1\/93,5&nbsp; <\/p>\n\n\n\n<p>\n\tRyb\u00e1r Franti\u0161ek&nbsp; &nbsp;&nbsp; &nbsp; &nbsp; 3 ks&nbsp; &nbsp;&nbsp;1\/94,5 1\/95 1\/94<\/p>\n\n\n\n<p>\n\tStanko Peter&nbsp; &nbsp;&nbsp; &nbsp;&nbsp; &nbsp;&nbsp; &nbsp; &nbsp;0 ks&nbsp; <\/p>\n\n\n\n<p>\n\tLabuda J\u00e1n&nbsp; &nbsp;&nbsp; &nbsp;&nbsp; &nbsp; &nbsp; &nbsp;&nbsp; &nbsp;3 ks&nbsp; &nbsp;1\/94 1\/94,5 1\/0<\/p>\n\n\n\n<p>\n\tOblo\u017einsk\u00fd Roman&nbsp;&nbsp; &nbsp;3 ks&nbsp; &nbsp;&nbsp;1\/94 2\/95,5 1\/0<\/p>\n\n\n\n<p>\n\t\u0160ajben Drahoslav&nbsp;&nbsp; &nbsp; &nbsp;3 ks&nbsp; &nbsp;&nbsp;1\/94 2\/0<\/p>\n\n\n\n<p>\n\tPol\u00e1k \u0160tefan&nbsp; &nbsp;&nbsp; &nbsp;&nbsp; &nbsp;&nbsp; &nbsp; &nbsp;3 ks &nbsp; &nbsp;1\/93,5 1\/94 1\/93,5<\/p>\n\n\n\n<p> <strong>Vyhodnotenie 37. \u0161peci\u00e1lnej v\u00fdstavy klubu Vss \u010cSCH  Tyni\u0161te nad Orlic\u00ed 15.11.2014 <\/strong><\/p>\n\n\n\n<p>\n\tPo\u010det prihl\u00e1sen\u00fdch kr\u00e1likov za klub&nbsp; Vss &nbsp;SZCH&nbsp; 33 ks.<\/p>\n\n\n\n<p>\n\tPo\u010det vystaven\u00fdch kr\u00e1likov za klub Vss&nbsp; 27 ks.<\/p>\n\n\n\n<p>\n\tPo\u010det chovate\u013eov \u010dlenov n\u00e1\u0161ho klubu 7.<\/p>\n\n\n\n<p> <strong>V\u00ed\u0165azn\u00fa kolekciu:<\/strong><\/p>\n\n\n\n<p> \u00a0 \u00a0\u00a0 \u00a0\u00a0 \u00a0\u00a0 \u00a0\u00a0 \u00a0\u00a0 \u00a0\u00a0 \u00a0 \u00a0\u00a0  \u0160ampi\u00f3n 1.0\u00a0 \u00a0 Re\u017eo\u0148a Jozef\u00a0 288,0 b<\/p>\n\n\n\n<p> \u00a0 \u00a0\u00a0 \u00a0\u00a0 \u00a0\u00a0 \u00a0\u00a0 \u00a0\u00a0 \u00a0\u00a0 \u00a0 \u0160ampi\u00f3nka 0.1  \u00a0 Stapinsk\u00fd Peter\u00a0 96,- b<\/p>\n\n\n\n<p> \u00a0 \u00a0\u00a0 \u00a0\u00a0 \u00a0\u00a0 \u00a0\u00a0 \u00a0\u00a0 \u00a0\u00a0        \u010cestn\u00e9 cena: \u00a0\u00a0 Salva Laurinec\u00a0\u00a0 95,5 b<\/p>\n\n\n\n<p> \u00a0 \u00a0\u00a0 \u00a0\u00a0 \u00a0\u00a0 \u00a0\u00a0 \u00a0 Preh\u013ead\u00a0 ocenenia: \u00a0 \u00a0 Stanko Peter, Stapinsk\u00fd Peter, Re\u017eo\u0148a Jozef <\/p>\n\n\n\n<p>\n\tLabuda J\u00e1n&nbsp; &nbsp;&nbsp; &nbsp;&nbsp; &nbsp; &nbsp; 3 ks&nbsp;&nbsp; &nbsp;1\/95,-&nbsp; 1\/92,5&nbsp; 1\/V<\/p>\n\n\n\n<p>\n\tSalva Laurinec&nbsp; &nbsp; &nbsp; 3 ks&nbsp; &nbsp; 1\/95,5&nbsp; 1\/94,-&nbsp; 1\/93,5<\/p>\n\n\n\n<p>\n\tG\u00f6d\u00f6lley J\u00e1n&nbsp; &nbsp;&nbsp; &nbsp; &nbsp; 3 ks&nbsp; &nbsp; 1\/ 93,- &nbsp;1\/0&nbsp; &nbsp; 1\/V<\/p>\n\n\n\n<p>\n\tRe\u017eo\u0148a Jozef&nbsp; &nbsp;&nbsp; &nbsp; &nbsp; 3 ks&nbsp; &nbsp; 1\/95,5&nbsp; 1\/95,-&nbsp; 1\/93,5<\/p>\n\n\n\n<p>\n\tStapinsk\u00fd Peter&nbsp; &nbsp; &nbsp; 6 ks&nbsp;&nbsp; 1\/96,-&nbsp;&nbsp; 2\/95,-&nbsp; 1\/92,5&nbsp; 2\/N<\/p>\n\n\n\n<p>\n\tBa\u010da Ondrej&nbsp; &nbsp;&nbsp; &nbsp;&nbsp; &nbsp;&nbsp; 3 ks&nbsp; &nbsp; 1\/94,-&nbsp; 2\/V<\/p>\n\n\n\n<p>\n\tStanko Peter&nbsp; &nbsp;&nbsp; &nbsp;&nbsp; &nbsp;&nbsp; 6 ks&nbsp; &nbsp; 2\/95,5&nbsp; 1\/94,5&nbsp; 1\/93,5&nbsp; 1\/93,-&nbsp; 1\/N<\/p>\n\n\n\n<p>\n\t\u0160ajben Drahoslav&nbsp;&nbsp; 3 ks&nbsp; &nbsp;&nbsp; 1\/94,-&nbsp; 1\/0&nbsp;&nbsp; 1\/N<\/p>\n\n\n\n<p>\n\tK\u00f6ver Milo\u0161&nbsp; &nbsp;&nbsp; &nbsp;&nbsp; &nbsp;&nbsp; 3 ks&nbsp; &nbsp;&nbsp; 3\/N<\/p>\n","protected":false},"excerpt":{"rendered":"<p>T\u00fdni\u0161te nad Orlic\u00ed 39.\u0161peci\u00e1lna klubu Vss \u010cSCH 12. 11. 2016 Celkovo bolo prihl\u00e1sen\u00fdch za klub Vss SZCH&nbsp; 27 ks Po\u010det&hellip;<\/p>\n","protected":false},"author":1,"featured_media":0,"parent":0,"menu_order":0,"comment_status":"closed","ping_status":"closed","template":"","meta":{"ngg_post_thumbnail":0,"footnotes":""},"class_list":["post-263","page","type-page","status-publish","hentry"],"_links":{"self":[{"href":"http:\/\/www.klubvss.eu\/index.php?rest_route=\/wp\/v2\/pages\/263","targetHints":{"allow":["GET"]}}],"collection":[{"href":"http:\/\/www.klubvss.eu\/index.php?rest_route=\/wp\/v2\/pages"}],"about":[{"href":"http:\/\/www.klubvss.eu\/index.php?rest_route=\/wp\/v2\/types\/page"}],"author":[{"embeddable":true,"href":"http:\/\/www.klubvss.eu\/index.php?rest_route=\/wp\/v2\/users\/1"}],"replies":[{"embeddable":true,"href":"http:\/\/www.klubvss.eu\/index.php?rest_route=%2Fwp%2Fv2%2Fcomments&post=263"}],"version-history":[{"count":2,"href":"http:\/\/www.klubvss.eu\/index.php?rest_route=\/wp\/v2\/pages\/263\/revisions"}],"predecessor-version":[{"id":281,"href":"http:\/\/www.klubvss.eu\/index.php?rest_route=\/wp\/v2\/pages\/263\/revisions\/281"}],"wp:attachment":[{"href":"http:\/\/www.klubvss.eu\/index.php?rest_route=%2Fwp%2Fv2%2Fmedia&parent=263"}],"curies":[{"name":"wp","href":"https:\/\/api.w.org\/{rel}","templated":true}]}}