{"id":26,"date":"2020-01-13T18:52:12","date_gmt":"2020-01-13T17:52:12","guid":{"rendered":"http:\/\/www.klubvss.eu\/?page_id=26"},"modified":"2020-12-30T13:46:37","modified_gmt":"2020-12-30T12:46:37","slug":"o-klube","status":"publish","type":"page","link":"http:\/\/www.klubvss.eu\/?page_id=26","title":{"rendered":"O klube"},"content":{"rendered":"\n<p><a href=\"http:\/\/www.klubvss.eu\/?page_id=66\"><strong>Hist\u00f3ria klubu<\/strong><\/a><\/p>\n\n\n\n<p><strong><a href=\"http:\/\/www.klubvss.eu\/?page_id=62\">Organiza\u010dn\u00fd poriadok<\/a> <\/strong><\/p>\n\n\n\n<p><a href=\"http:\/\/www.klubvss.eu\/?page_id=121\"><strong>Prihl\u00e1\u0161ky<\/strong><\/a><\/p>\n\n\n\n<p><a href=\"http:\/\/www.klubvss.eu\/?page_id=291\"><strong>Katal\u00f3g \u0160V<\/strong><\/a><\/p>\n\n\n\n<p><a href=\"http:\/\/www.klubvss.eu\/?page_id=126\"><strong>Ro\u010denky<\/strong><\/a><\/p>\n","protected":false},"excerpt":{"rendered":"<p>Hist\u00f3ria klubu Organiza\u010dn\u00fd poriadok Prihl\u00e1\u0161ky Katal\u00f3g \u0160V Ro\u010denky<\/p>\n","protected":false},"author":1,"featured_media":0,"parent":0,"menu_order":0,"comment_status":"closed","ping_status":"closed","template":"","meta":{"ngg_post_thumbnail":0,"footnotes":""},"class_list":["post-26","page","type-page","status-publish","hentry"],"_links":{"self":[{"href":"http:\/\/www.klubvss.eu\/index.php?rest_route=\/wp\/v2\/pages\/26","targetHints":{"allow":["GET"]}}],"collection":[{"href":"http:\/\/www.klubvss.eu\/index.php?rest_route=\/wp\/v2\/pages"}],"about":[{"href":"http:\/\/www.klubvss.eu\/index.php?rest_route=\/wp\/v2\/types\/page"}],"author":[{"embeddable":true,"href":"http:\/\/www.klubvss.eu\/index.php?rest_route=\/wp\/v2\/users\/1"}],"replies":[{"embeddable":true,"href":"http:\/\/www.klubvss.eu\/index.php?rest_route=%2Fwp%2Fv2%2Fcomments&post=26"}],"version-history":[{"count":5,"href":"http:\/\/www.klubvss.eu\/index.php?rest_route=\/wp\/v2\/pages\/26\/revisions"}],"predecessor-version":[{"id":665,"href":"http:\/\/www.klubvss.eu\/index.php?rest_route=\/wp\/v2\/pages\/26\/revisions\/665"}],"wp:attachment":[{"href":"http:\/\/www.klubvss.eu\/index.php?rest_route=%2Fwp%2Fv2%2Fmedia&parent=26"}],"curies":[{"name":"wp","href":"https:\/\/api.w.org\/{rel}","templated":true}]}}