{"id":24,"date":"2020-01-13T18:51:52","date_gmt":"2020-01-13T17:51:52","guid":{"rendered":"http:\/\/www.klubvss.eu\/?page_id=24"},"modified":"2020-02-17T15:33:10","modified_gmt":"2020-02-17T14:33:10","slug":"kralik-vss","status":"publish","type":"page","link":"http:\/\/www.klubvss.eu\/?page_id=24","title":{"rendered":"Kr\u00e1lik Vss"},"content":{"rendered":"\n<h2 class=\"has-text-align-center wp-block-heading\">Velk\u00fd svetl\u00fd  strieborn\u00fd<\/h2>\n\n\n\n<p class=\"has-text-align-left\"><strong>DE:<\/strong>    Helle Gro\u03b2silber <br><strong>EN:<\/strong>    Big Light Silver<br> <strong>CZ:<\/strong> &nbsp;Velk\u00fd sv\u011btl\u00fd st\u0159\u00edb\u0159it\u00fd <\/p>\n\n\n\n<p><strong>Genotyp<\/strong>:<br>AA BB CC DD gg P3P3<br><br><strong>Mesa\u010dn\u00e9 pr\u00edrastky \u017eivej hmotnosti :<\/strong><\/p>\n\n\n\n<figure class=\"wp-block-table is-style-stripes\"><table class=\"\"><tbody><tr><td><strong>Mesiac<\/strong><\/td><td class=\"has-text-align-center\" data-align=\"center\">1<\/td><td class=\"has-text-align-center\" data-align=\"center\">2<\/td><td class=\"has-text-align-center\" data-align=\"center\">3<\/td><td class=\"has-text-align-center\" data-align=\"center\">4<\/td><td class=\"has-text-align-center\" data-align=\"center\">5<\/td><td class=\"has-text-align-center\" data-align=\"center\">6<\/td><td class=\"has-text-align-center\" data-align=\"center\">7<\/td><td class=\"has-text-align-center\" data-align=\"center\">9<\/td><\/tr><tr><td><strong>Kg<\/strong><\/td><td class=\"has-text-align-center\" data-align=\"center\">0,5<\/td><td class=\"has-text-align-center\" data-align=\"center\">1,3<\/td><td class=\"has-text-align-center\" data-align=\"center\">2,2<\/td><td class=\"has-text-align-center\" data-align=\"center\">2,8<\/td><td class=\"has-text-align-center\" data-align=\"center\">3,4<\/td><td class=\"has-text-align-center\" data-align=\"center\">3,8<\/td><td class=\"has-text-align-center\" data-align=\"center\">4,1<\/td><td class=\"has-text-align-center\" data-align=\"center\">4,5<\/td><\/tr><\/tbody><\/table><\/figure>\n\n\n\n<h5 class=\"wp-block-heading\"> <strong>Bodovacia stupnica:<\/strong><\/h5>\n\n\n\n<figure class=\"wp-block-table is-style-regular\"><table class=\"\"><tbody><tr><td><\/td><td><\/td><td class=\"has-text-align-center\" data-align=\"center\"><strong>Body<\/strong><\/td><\/tr><tr><td><strong>1<\/strong><\/td><td> Hmotnos\u0165 <\/td><td class=\"has-text-align-center\" data-align=\"center\">10<\/td><\/tr><tr><td><strong>2<\/strong><\/td><td> Tvar <\/td><td class=\"has-text-align-center\" data-align=\"center\">20<\/td><\/tr><tr><td><strong>3<\/strong><\/td><td> Typ <\/td><td class=\"has-text-align-center\" data-align=\"center\">15<\/td><\/tr><tr><td><strong>4<\/strong><\/td><td> Srs\u0165&nbsp; <\/td><td class=\"has-text-align-center\" data-align=\"center\">20<\/td><\/tr><tr><td><strong>5<\/strong><\/td><td> Striebritos\u0165, pes\u00edkovanie, rovnomernos\u0165 <\/td><td class=\"has-text-align-center\" data-align=\"center\">20<\/td><\/tr><tr><td><strong>6<\/strong><\/td><td> Farba podsady <\/td><td class=\"has-text-align-center\" data-align=\"center\">10<\/td><\/tr><tr><td><strong>7<\/strong><\/td><td> Starostlivos\u0165 a&nbsp;zdravie <\/td><td class=\"has-text-align-center\" data-align=\"center\">5<\/td><\/tr><tr><td><\/td><td><strong>Spolu :<\/strong><\/td><td class=\"has-text-align-center\" data-align=\"center\"><strong>100<\/strong><\/td><\/tr><\/tbody><\/table><\/figure>\n\n\n\n<p> <strong>1. \u2013 hmotnos\u0165<\/strong> <\/p>\n\n\n\n<figure class=\"wp-block-table\"><table class=\"\"><tbody><tr><td> 4,00 \u2013 4,24 kg <\/td><td> 4,25 \u2013 4,49 kg <\/td><td> 4,50 \u2013 5,50 kg <\/td><td> 5,51 \u2013 5,75 kg <\/td><\/tr><tr><td> 8 bodov <\/td><td> 9 bodov <\/td><td> 10 bodov <\/td><td> 9 bodov <\/td><\/tr><\/tbody><\/table><\/figure>\n\n\n\n<p> <strong>2. \u2013 tvar<\/strong><br> Ako vo V\u0161eobecnej \u010dasti <\/p>\n\n\n\n<p> <strong>3. \u2013 typ<\/strong><br> Ako vo V\u0161eobecnej \u010dasti a&nbsp;\u010falej:&nbsp; telo je zavalit\u00e9, tvor\u00ed mas\u00edvny valec   so \u0161irokou hrudnou a&nbsp;panvovou&nbsp; \u010das\u0165ou. Hlava je robustn\u00e1, siln\u00e1, \u0161irok\u00e1   a&nbsp;mierne klabonosov\u00e1, u&nbsp;sam\u00edc o&nbsp;nie\u010do jemnej\u0161ia. Hrudn\u00e9 kon\u010datiny s\u00fa   siln\u00e9 so stredne&nbsp; vysok\u00fdm postojom. U\u0161nice s\u00fa m\u00e4sit\u00e9, ly\u017eicovito   otvoren\u00e9 o&nbsp;d\u013a\u017eke 12 a\u017e 13 cm. Krk je siln\u00fd, ve\u013emi kr\u00e1tky. <\/p>\n\n\n\n<p><strong>4. \u2013srs\u0165<\/strong><br> Srs\u0165 je hust\u00e1, pru\u017en\u00e1, s&nbsp;v\u00fdrazn\u00fdmi pes\u00edkmi. Jej d\u013a\u017eka je asi 3 cm. <\/p>\n\n\n\n<p> <strong>5. \u2013 striebritos\u0165, pes\u00edkovanie, rovnomernos\u0165<\/strong><br> Striebritos\u0165 vznik\u00e1 premie\u0161an\u00edm modr\u00fdch &nbsp;podsadov\u00fdch &nbsp;chlpov&nbsp;   a&nbsp;svetl\u00fdch pes\u00edkov. Nad kryc\u00edm chlpom pre\u010dnievaj\u00fa&nbsp; asi &nbsp;o&nbsp;1 cm e\u0161te   i&nbsp;\u010dierne leskl\u00e9 pes\u00edky, ktor\u00e9 vytv\u00e1raj\u00fa tzv. pes\u00edkovanie. Svetl\u00e1 krycia   farba i&nbsp;pes\u00edkovanie s\u00fa po celom tele rovnomerne rozlo\u017een\u00e9, u&nbsp;ide\u00e1lnych   &nbsp;aj &nbsp;na extremit\u00e1ch &nbsp;(tj. \u010dasti s&nbsp;krat\u0161ou&nbsp; srs\u0165ou&nbsp; ako s\u00fa u\u0161nice, o\u010dn\u00e9   kr\u00fa\u017eky, nosn\u00e1 \u010das\u0165, kon\u010datiny a&nbsp;chvost). Ich o&nbsp;nie\u010do tmav\u0161ie sfarbenie   nie je chybou. Na bruchu &nbsp;je striebritos\u0165 trochu &nbsp;matnej\u0161ia. Farba o\u010d\u00ed   je hned\u00e1, farba paz\u00farikov tmavo &nbsp;rohovit\u00e1. <\/p>\n\n\n\n<p><strong>6. \u2013 farba podsady<\/strong><br> Podsada je po celom &nbsp;tele tmavo bridlicovito modr\u00e1 a\u017e &nbsp;ku ko\u017ei, bez   bielych ch\u013apkov. Nesmie&nbsp; by\u0165 \u010dierna. U&nbsp;star\u0161\u00edch kr\u00e1likov sa intenzita   sfarbenia podsady zni\u017euje a&nbsp;pri posudzovan\u00ed &nbsp;na to berieme oh\u013ead. <\/p>\n\n\n\n<p> <strong>7. \u2013 starostlivos\u0165 a&nbsp;zdravie<\/strong><br> Ako vo V\u0161eobecnej \u010dasti. <\/p>\n\n\n\n<h5 class=\"wp-block-heading\">\n\tPR\u00cdPUSTN\u00c9 CHYBY :<\/h5>\n\n\n\n<p><strong>1.<\/strong> <strong>\u2013 <\/strong> <br> Vi\u010f stupnica hmotnosti. <\/p>\n\n\n\n<p> <strong>2.<\/strong> <strong>\u2013 <\/strong>  <br> Ako vo V\u0161eobecnej \u010dasti. <\/p>\n\n\n\n<p><strong>3.<\/strong> <strong>\u2013 <\/strong>  <br> Ako vo V\u0161eobecnej \u010dasti a&nbsp;\u010falej: menej zavalit\u00e9, pretiahnutej\u0161ie telo,   men\u0161ie odch\u00fdlky od stanoven\u00e9ho utv\u00e1rania hlavy, menej zm\u00e4sil\u00e9 u\u0161nice   a&nbsp;men\u0161ie odch\u00fdlky od stanovenej d\u013a\u017eky u\u0161n\u00edc. <\/p>\n\n\n\n<p> <strong>4.<\/strong> <strong>\u2013 <\/strong>  <br> Red\u0161ia, nepru\u017en\u00e1, m\u00e4k\u0161ia alabo hrub\u0161ia srs\u0165. Men\u0161ie odch\u00fdlky od   stanovenej d\u013a\u017eky srsti. M\u00e4k\u0161ie, mierne zahnut\u00e9 pre\u010dnievaj\u00face pes\u00edky. <\/p>\n\n\n\n<p> <strong>5.<\/strong> <strong>\u2013 <\/strong>  <br> Nerovnomern\u00e1 alebo menej v\u00fdrazn\u00e1 striebritos\u0165 a&nbsp;pes\u00edkovanie. Tmav\u0161ie   extremity tj. mot\u00fdlik, kon\u010datiny, u\u0161nice, chvost. Pr\u00edli\u0161 svetl\u00fd odtie\u0148&nbsp;   striebritosti. Odch\u00fdlky od&nbsp; predp\u00edsanej farby o\u010d\u00ed a&nbsp;paz\u00farikov. <\/p>\n\n\n\n<p><strong>6.<\/strong> <strong>\u2013 <\/strong>  <br> Svetlej\u0161ia podsada, ojedinel\u00e9 biele ch\u013apky. <\/p>\n\n\n\n<p> <strong>7.<\/strong> <strong>\u2013 <\/strong>  <br> Ako vo V\u0161eobecnej \u010dasti. <\/p>\n\n\n\n<h5 class=\"wp-block-heading\">\n\tNEPR\u00cdPUSTN\u00c9 CHYBY :<\/h5>\n\n\n\n<p><strong>1.<\/strong> <strong>\u2013 <\/strong>  <br> Hmotnos\u0165 ni\u017e\u0161ia ako 4,00 kg a&nbsp;vy\u0161\u0161ia ako 5,75 kg (neklasifikovan\u00fd) <\/p>\n\n\n\n<p><strong>2.<\/strong> <strong>\u2013 <\/strong>  <br> Ako vo V\u0161eobecnej \u010dasti. <\/p>\n\n\n\n<p><strong>3.<\/strong> <strong>\u2013 <\/strong>  <br> Ako vo V\u0161eobecnej \u010dasti a&nbsp;\u010falej : vyslovene dlh\u00e9 a&nbsp;\u00fazke telo (v\u00fdluka),   dlh\u00e1 a&nbsp;\u00fazka hlava (v\u00fdluka). U\u0161nice dlh\u0161ie ako 14,0 cm (v\u00fdluka). <\/p>\n\n\n\n<p><strong> 4.<\/strong> <strong>\u2013 <\/strong>  <br> Srs\u0165 takmer bez podsady (v\u00fdluka), ve\u013ek\u00e9 odch\u00fdlky od predp\u00edsanej d\u013a\u017eky srsti (v\u00fdluka). <\/p>\n\n\n\n<p> <strong>5.<\/strong> <strong>\u2013 <\/strong>  <br> Nadmern\u00e9 pes\u00edkovanie a&nbsp;vyslovene tmav\u00e1 striebritos\u0165 (v\u00fdluka). \u0160kvrnit\u00e1   a&nbsp;nerovnomern\u00e1 striebritos\u0165 (v\u00fdluka). Vyslovene tmav\u00fd mot\u00fdlik, u\u0161nice,   kon\u010datiny, chvost (v\u00fdluka). Ch\u00fdbaj\u00face pes\u00edkovanie, sp\u00f4sobuj\u00face&nbsp; takmer   biely z\u00e1voj (v\u00fdluka). Takmer biely celkov\u00fd dojem (v\u00fdluka). V\u00fdrazne&nbsp;   tmav\u00e1 hlava (v\u00fdluka). In\u00e1 farba o\u010d\u00ed (v\u00fdluka). Skupina bielych chlpov   (v\u00fdluka),&nbsp; biely paz\u00farik (v\u00fdluka). <\/p>\n\n\n\n<p><strong>6.<\/strong> <strong>\u2013 <\/strong>  <br> Ve\u013emi svetl\u00e1 a\u017e biela podsada (v\u00fdluka), podsada silne premie\u0161an\u00e1 bielymi ch\u013apkami (v\u00fdluka). <\/p>\n\n\n\n<p> <strong>7.<\/strong> <strong>\u2013 <\/strong>  <br> Ako vo V\u0161eobecnej \u010dasti <\/p>\n\n\n\n<h5 class=\"wp-block-heading\"> Foto od mlad\u00e9ho a\u017e po dospel\u00e9ho kr\u00e1lika: <\/h5>\n\n\n\nngg_shortcode_0_placeholder\n","protected":false},"excerpt":{"rendered":"<p>Velk\u00fd svetl\u00fd strieborn\u00fd DE: Helle Gro\u03b2silber EN: Big Light Silver CZ: &nbsp;Velk\u00fd sv\u011btl\u00fd st\u0159\u00edb\u0159it\u00fd Genotyp:AA BB CC DD gg P3P3&hellip;<\/p>\n","protected":false},"author":1,"featured_media":0,"parent":0,"menu_order":0,"comment_status":"closed","ping_status":"closed","template":"","meta":{"ngg_post_thumbnail":0,"footnotes":""},"class_list":["post-24","page","type-page","status-publish","hentry"],"_links":{"self":[{"href":"http:\/\/www.klubvss.eu\/index.php?rest_route=\/wp\/v2\/pages\/24","targetHints":{"allow":["GET"]}}],"collection":[{"href":"http:\/\/www.klubvss.eu\/index.php?rest_route=\/wp\/v2\/pages"}],"about":[{"href":"http:\/\/www.klubvss.eu\/index.php?rest_route=\/wp\/v2\/types\/page"}],"author":[{"embeddable":true,"href":"http:\/\/www.klubvss.eu\/index.php?rest_route=\/wp\/v2\/users\/1"}],"replies":[{"embeddable":true,"href":"http:\/\/www.klubvss.eu\/index.php?rest_route=%2Fwp%2Fv2%2Fcomments&post=24"}],"version-history":[{"count":11,"href":"http:\/\/www.klubvss.eu\/index.php?rest_route=\/wp\/v2\/pages\/24\/revisions"}],"predecessor-version":[{"id":286,"href":"http:\/\/www.klubvss.eu\/index.php?rest_route=\/wp\/v2\/pages\/24\/revisions\/286"}],"wp:attachment":[{"href":"http:\/\/www.klubvss.eu\/index.php?rest_route=%2Fwp%2Fv2%2Fmedia&parent=24"}],"curies":[{"name":"wp","href":"https:\/\/api.w.org\/{rel}","templated":true}]}}