{"id":146,"date":"2020-01-13T22:52:42","date_gmt":"2020-01-13T21:52:42","guid":{"rendered":"http:\/\/www.klubvss.eu\/?page_id=146"},"modified":"2020-01-13T23:07:18","modified_gmt":"2020-01-13T22:07:18","slug":"p-a-k-chov","status":"publish","type":"page","link":"http:\/\/www.klubvss.eu\/?page_id=146","title":{"rendered":"P a K chov"},"content":{"rendered":"\n<h5 class=\"wp-block-heading\">\n\tK&nbsp;chovy v&nbsp;roku 2017-2018<\/h5>\n\n\n\n<p> Ryb\u00e1r Franti\u0161ek\u00a0\u00a0 &#8211; \u00a0 \u00a0\u00a0 K\u00a0chov<br> Salva Laurinec\u00a0\u00a0 &#8211; \u00a0 \u00a0 \u00a0  K\u00a0chov <br> Stanko Peter\u00a0 &#8211; \u00a0 \u00a0\u00a0 \u00a0\u00a0 \u00a0  K\u00a0chov <br> Stapinsk\u00fd Peter &#8211; \u00a0 \u00a0 \u00a0   K\u00a0chov <br> Michalec\u00a0 Ivan\u00a0 &#8211; \u00a0 \u00a0 \u00a0 \u00a0 K chov <br> K\u00f6ver Milo\u0161\u00a0 &#8211; \u00a0 \u00a0\u00a0 \u00a0\u00a0 \u00a0\u00a0 K chov <\/p>\n\n\n\n<h5 class=\"wp-block-heading\">\n\tZRU\u0160ENIE PLEMENN\u00ddCH a KME\u0147OV\u00ddCH CHOVOV<\/h5>\n\n\n\n<p>\n\t\tSmernice na uzn\u00e1vanie Plemenn\u00fdch a&nbsp;Kme\u0148ov\u00fdch chovov boli vydan\u00e9 \nv&nbsp;roku&nbsp; 1999 , postupne sa len upravovali a&nbsp;dopl\u0148ovali.&nbsp; Ke\u010f\u017ee ve\u013ek\u00e1 \n\u010das\u0165 chovate\u013eov ich v&nbsp;z\u00e1sade nedodr\u017eiavala \u2013 neskor\u00e9 poslanie prihl\u00e1\u0161ky \nna uzn\u00e1vanie chovu, nepotvrden\u00e9 prihl\u00e1\u0161ky klubom, niektor\u00ed majitelia \nsvoje odchovy nevystavovali na vy\u0161\u0161\u00edch v\u00fdstav\u00e1ch a&nbsp;len mal\u00e1 \u010das\u0165 \nchovate\u013eov posielala na zv\u00e4z spr\u00e1vu o&nbsp;svojom chove.<\/p>\n\n\n\n<p>\n\t\tKe\u010f sa prihl\u00e1\u0161ka na uznanie chovu neskoro poslala, tak bol probl\u00e9m \nvydelegova\u0165 posudzovate\u013ea na uznanie chovu, v\u00e4\u010d\u0161inou to bolo u\u017e v&nbsp;Novom \nroku \u2013 to u\u017e samice boli bu\u010f nap\u00e1ren\u00e9, alebo u\u017e chovali mlad\u00e9 a&nbsp;cesty \nboli zasne\u017een\u00e9.<\/p>\n\n\n\n<p>\n\t\tTieto v\u0161etky probl\u00e9my sa vyv\u0155\u0161ili na prelome rokov 2015 \u2013 2016, kedy \nna zv\u00e4ze kon\u010dila tajomn\u00ed\u010dka komisie a&nbsp;tieto \u017eiadosti ostali nevybaven\u00e9 \nniekde na zv\u00e4ze\u2026<\/p>\n\n\n\n<p>\n\t\tAj t\u00fdmito probl\u00e9mamy&nbsp; sa v&nbsp;Slia\u010di d\u0148a 16.4.2016&nbsp;&nbsp; komisia zaoberala&nbsp; a&nbsp;rozhodla nasledovne.<\/p>\n\n\n\n<p>\n\t\tPosledn\u00fdm d\u0148om v&nbsp;roku 2016 sa ru\u0161ia v\u0161etky uznan\u00e9 PLEMENN\u00c9 a&nbsp;KME\u0147OV\u00c9 chovy na Slovensku.<\/p>\n\n\n\n<p>\n\t\tDo&nbsp; platnosti&nbsp; od 1.1.2017&nbsp;&nbsp; prich\u00e1dza KONTROLOVAN\u00dd&nbsp; chov&nbsp; \u2013 bude sa \nozna\u010dova\u0165 zna\u010dkou \u2013 K&nbsp;v&nbsp;pravej u\u0161nici. Nov\u00e9 podmienky s\u00fa preh\u013eadnej\u0161ie \na&nbsp;ove\u013ea \u013eah\u0161ie je mo\u017enos\u0165 ich dosiahn\u00fa\u0165 a&nbsp;aj finan\u010dn\u00e9 n\u00e1klady chovate\u013ea \nbudu ni\u017e\u0161ie.<\/p>\n\n\n\n<p>\n\t\tZ\u00e1ujemci o&nbsp;uznanie K \u2013 chovu musia posla\u0165 \u017eiados\u0165 na poveren\u00e9ho \u010dlena komisie \u2013 jeho adresa:<\/p>\n\n\n\n<p> L\u00ed\u0161ka\u00a0 Ivan<br> Nekrasov\u00e1 6 <br> 03601\u00a0 Martin <br> mobil : 0903 116 792 <br> email :\u00a0\u00a0<a href=\"mailto:chovatel-liska@azet.sk\">chovatel-liska@azet.sk<\/a> <\/p>\n\n\n\n<p>\n\t\tT\u00fato \u017eiados\u0165 treba posla\u0165 v\u017edy pred&nbsp; uz\u00e1vierkou&nbsp; prihl\u00e1\u0161ky&nbsp; na CVMK , \nalebo CVZ. Sta\u010d\u00ed, ak \u017eiadate\u013e vypln\u00ed prihl\u00e1\u0161ku na Kontrolovan\u00fd chov , \nt\u00e1to mus\u00ed by\u0165 potvrden\u00e1 klubom. Pe\u010diatka potvrdzuje :<\/p>\n\n\n\n<p> \u2013 \u017ee je akt\u00edvny \u010dlen\u00a0 v klube<br> \u2013 \u017ee jeho kr\u00e1liky s\u00fa na kvalitnej \u00farovni <br> \u2013 \u017ee jeho kr\u00e1liky s\u00fa pod veterin\u00e1rnym dozorom <br> \u2013 \u017ee jeho chovate\u013esk\u00e9 zariadenie je na sol\u00eddnej \u00farovni <br> \u2013 \u017ee\u00a0je \u010dlenom SZCH. <\/p>\n\n\n\n<p>\n\t\tAk chovan\u00e9 plemeno nezastre\u0161uje &nbsp;\u017eiadny klub, tak \u017eiados\u0165 potvrdzuje Oblastn\u00fd v\u00fdbor.<\/p>\n\n\n\n<p>\n\t\tV&nbsp;danom roku na uznanie mus\u00ed \u017eiadate\u013e vystavi\u0165 dve kolekcie kr\u00e1likov \nbu\u010f&nbsp; \u2013 4 z&nbsp;jedn\u00e9ho vrhu, alebo 2+2 , v&nbsp;oboch pohlav\u00ed. M\u00f4\u017ee vystavi\u0165 bu\u010f \njednu kolekciu na CVMK a&nbsp;druh\u00fa na CVZ, alebo dve kolekcie na CVZ. \nZ&nbsp;\u00f4smych&nbsp; kr\u00e1likov mus\u00ed&nbsp; by\u0165 ocenen\u00fdch minim\u00e1lne \u0161es\u0165 94,0 bodmi, \nml\u00e1\u010fata \u2013 \/94,0\/ bodmi.<\/p>\n\n\n\n<p>\n\t\tJeden chovate\u013e m\u00f4\u017ee ma\u0165 uznan\u00fd iba jeden KONTROLOVAN\u00dd chov na jedno plemeno a&nbsp;farebn\u00fd r\u00e1z.<\/p>\n\n\n\n<p>\n\t\tJeden chovate\u013e m\u00f4\u017ee ma\u0165 uznan\u00fdch&nbsp; aj viac KONTROLOVAN\u00ddCH chovov na r\u00f4zne plemen\u00e1 a&nbsp;farebn\u00e9 r\u00e1zy.<\/p>\n\n\n\n<p>\n\t\tPo CVZ \u017eiados\u0165 vyhodnot\u00ed poveren\u00fd \u010dlen \u00daOKK&nbsp; a&nbsp;ak \u017eiadate\u013e splnil \npodmienky na uznanie chovu, tak dostane CERTIFIK\u00c1T na KONTROLOVAN\u00dd chov.\n Ak nespln\u00ed podmienky, taktie\u017e dostane odpove\u010f. \u010ealej sa uznanie chovu \npo\u0161le na KLUB \u2013 na tajomn\u00edka, ktor\u00fd upovedom\u00ed klubov\u00e9ho registr\u00e1tora. Ak\n nie je pre dan\u00e9 plemeno zalo\u017een\u00fd klub, tak registr\u00e1ciu bude vykon\u00e1va\u0165 \n\u00dastredn\u00fd registr\u00e1tor. Od Nov\u00e9ho roku mus\u00ed chovate\u013e registrova\u0165 v\u0161etky&nbsp; \nodchovy z&nbsp;uznan\u00e9ho chovu z&nbsp;jedn\u00e9ho plemena a&nbsp;farebn\u00e9ho r\u00e1zu&nbsp; p\u00edsmenom&nbsp; \nK, v&nbsp;pravej u\u0161nici.<\/p>\n\n\n\n<p>\n\t\tPre\u010do sa \u00daOKK rozhodla pre p\u00edsmeno K ? Boli dan\u00e9 tri n\u00e1vrhy \u2013 \nPlemenn\u00fd, Kme\u0148ov\u00fd a&nbsp;Kontrolovan\u00fd chov. Nako\u013eko na Slovensku sa \nregistruj\u00fa regenera\u010dn\u00e9 a&nbsp;v\u00fdskumn\u00e9 chovy p\u00edsmenom P za \u010d\u00edslom, kde sa \n\u010dasto&nbsp; st\u00e1va, \u017ee tetovate\u013e sa pom\u00fdli a&nbsp;d\u00e1 P pred \u010d\u00edslo a&nbsp;tak by bolo&nbsp;&nbsp; \nrovnak\u00e9 tetovanie u&nbsp;dvoch kr\u00e1likoch.<\/p>\n\n\n\n<p>\n\t\tUznan\u00fd chov plat\u00ed na 3 roky. Majite\u013e by mal registrova\u0165 v\u0161etky mlad\u00e9 kr\u00e1liky v&nbsp;uznanom plemene a&nbsp;farebnom r\u00e1ze p\u00edsmenom K.<\/p>\n\n\n\n<p>\n\t\tKa\u017ed\u00fd rok mus\u00ed vystavi\u0165 jednu kolekciu \u2013 bu\u010f na CVMK alebo na CVZ.<\/p>\n\n\n\n<p>\n\t\tAk by ho oslovila \u00daOKK , je povinn\u00fd vystavi\u0165 svoje kr\u00e1liky na Eur\u00f3pskej v\u00fdstave, na Interkanin\u2026<\/p>\n\n\n\n<p>\n\t\tAk nezaregistruje v&nbsp;roku ani jedn\u00e9ho kr\u00e1lika cez K \u2013 chov, tak sa mu chov ru\u0161\u00ed.<\/p>\n\n\n\n<p>\n\t\tAk&nbsp; chovate\u013e nevystav\u00ed svoje kr\u00e1liky jeden kr\u00e1t v&nbsp;roku bu\u010f na CVMK \nalebo CVZ&nbsp; po\u010das troch rokov , tak automaticky sa mu chov ru\u0161\u00ed.<\/p>\n\n\n\n<p>\n\t\t\u017diadnu spr\u00e1vu p\u00edsa\u0165 na komisiu nemus\u00ed.<\/p>\n\n\n\n<p>\n\t\tPoveren\u00fd \u010dlen \u00daOKK ka\u017ed\u00fd rok vypracuje spr\u00e1vu o&nbsp;Kontrolovan\u00fdch chovov,\n ktor\u00fa predlo\u017e\u00ed na prvom zasadan\u00ed komisie v&nbsp;Novom roku. Tu sa chovy \nvyhodnotia , prip\u00ed\u0161u nov\u00e9 a&nbsp;naopak, ak sa chov zru\u0161il, tak sa upovedom\u00ed \nregistr\u00e1tor \u2013 bu\u010f klubov\u00fd, alebo \u00fastredn\u00fd, \u017ee chov je zru\u0161en\u00fd.<\/p>\n\n\n\n<p>\n\t\t\u00daOKK je presved\u010den\u00e1, \u017ee takto to bude regur\u00e1lnej\u0161ie, finan\u010dne pre \nchovate\u013ea menej n\u00e1ro\u010dn\u00e9 a&nbsp;ur\u010dite ka\u017ed\u00fd KONTROLOVAN\u00dd chov bude spestren\u00edm\n ka\u017edej n\u00e1rodnej v\u00fdstavy, kde kr\u00e1liky s&nbsp;tetovan\u00edm v&nbsp;pravej u\u0161nici K&nbsp;bud\u00fa\n postupne v&nbsp;lep\u0161ej kvalite ako ostatn\u00e9 kr\u00e1liky.<\/p>\n\n\n\n<p>\n\t\tAk&nbsp; z\u00e1ujemcovi&nbsp; o&nbsp;K \u2013 chov bude nie\u010do nejasn\u00e9, m\u00f4\u017ee sa obr\u00e1ti\u0165 na \n\u010dlena \u00daOKK a&nbsp;ten mu&nbsp;v\u0161etko dopodrobna vysvetli. Prihl\u00e1\u0161ky na K \u2013 chov \nbud\u00fa zverejnen\u00e9 na zv\u00e4zovej str\u00e1nke.<\/p>\n\n\n\n<p> <strong>ADAMEC \u0160tefan<\/strong><br> \u010dlen \u00daOKK <\/p>\n\n\n\n<h4 class=\"has-text-align-center wp-block-heading\">S M E R N I C E<\/h4>\n\n\n\n<h5 class=\"has-text-align-center wp-block-heading\">pre uzn\u00e1vanie plemenn\u00fdch, kme\u0148ov\u00fdch, regenera\u010dn\u00fdch  a v\u00fdskumn\u00fdch chovov kr\u00e1likov. <\/h5>\n\n\n\n<h6 class=\"wp-block-heading\"> I.\u00a0 \u00a0\u00a0 \u00a0 \u00da\u010del <\/h6>\n\n\n\n<p> <strong>Z\u00e1kladom \u0161\u013eachtenia jednotliv\u00fdch plemien kr\u00e1likov s\u00fa:<\/strong><\/p>\n\n\n\n<p>\n\ta) \u0161\u013eachtite\u013esk\u00e9 plemenn\u00e9, kme\u0148ov\u00e9, regenera\u010dn\u00e9 a v\u00fdskumn\u00e9 chovy. Ich \n\u00falohou je produkcia \u010distokrvn\u00fdch plemenn\u00fdch kr\u00e1likov, predov\u0161etk\u00fdm pre \n\u00fa\u010dely zlep\u0161ovania ich \u00fa\u017eitkov\u00fdch a reproduk\u010dn\u00fdch parametrov a in\u00fdch \nznakov (exteri\u00e9r) a vlastnost\u00ed, \u00fa\u010dinnou selekciou a plemenitbou. Cie\u013eom \n\u0161\u013eachtenia kr\u00e1likov je tie\u017e zlep\u0161ova\u0165 ich genetick\u00fd potenci\u00e1l, zachova\u0165 a\n obnovova\u0165 genofond vz\u00e1cnych l\u00edni\u00ed a t\u00fdm vytv\u00e1ra\u0165 g\u00e9nov\u00e9 rezervy \nohrozen\u00fdch alebo m\u00e1lopo\u010detn\u00fdch plemen\u00e1rsky v\u00fdznamn\u00fdch popul\u00e1ci\u00ed \n\u010distokrvn\u00fdch plemien kr\u00e1likov. <\/p>\n\n\n\n<p> b) \u0161\u013eachtite\u013esk\u00fd program ur\u010duj\u00faci met\u00f3dy selekcie a plemenitby u danej  popul\u00e1cie kr\u00e1likov, s vyt\u00fd\u010den\u00fdm chovn\u00fdm cie\u013eom a postupmi jeho  dosiahnutia.<\/p>\n\n\n\n<h6 class=\"wp-block-heading\"> II.\u00a0\u00a0 Druhy chovov <\/h6>\n\n\n\n<ol class=\"wp-block-list\"><li>\n\t\tPlemenn\u00e9 chovy &#8211; s\u00fa prv\u00fdm stup\u0148om kontrolovan\u00fdch chovov, po\u017eaduje sa v nich vy\u0161\u0161ia<\/li><\/ol>\n\n\n\n<p>\n\tforma chovate\u013eskej a plemen\u00e1rskej pr\u00e1ce. Odchov sa vyu\u017e\u00edva predov\u0161etk\u00fdm\n pre skvalitnenie vlastn\u00e9ho chovu a rozmiest\u0148uje sa do plemenn\u00fdch chovov\n \u010fa\u013e\u0161\u00edch chovate\u013eov.<\/p>\n\n\n\n<ol class=\"wp-block-list\"><li> Kme\u0148ov\u00e9 chovy \u2013 predstavuj\u00fa najvy\u0161\u0161iu formu v \u010distokrvn\u00fdch chovoch a tvoria g\u00e9nov\u00e9\u00a0 jadro dan\u00e9ho plemena.<\/li><li> Regenera\u010dn\u00e9 chovy \u2013 zria\u010fuj\u00fa sa za \u00fa\u010delom regener\u00e1cie existuj\u00facich a  m\u00e1lo chovan\u00fdch plemien, farebn\u00fdch r\u00e1zov a \u00fa\u017eitkov\u00fdch typov alebo za  \u00fa\u010delom zav\u00e1dzania nov\u00fdch zahrani\u010dn\u00fdch u n\u00e1s nechovan\u00fdch plemien a  farebn\u00fdch r\u00e1zov do vzorn\u00edka.<\/li><li> V\u00fdskumn\u00e9 chovy \u2013 zria\u010fuj\u00fa sa za \u00fa\u010delom vy\u0161\u013eachtenia nov\u00fdch  zootechnick\u00fdch jednotiek kr\u00e1likov (plemen\u00e1, farebn\u00e9 r\u00e1zy, \u00fa\u017eitkov\u00e9 typy)  cie\u013eavedomou a systematickou plemen\u00e1rskou pr\u00e1cou a za \u00fa\u010delom zav\u00e1dzania  a rozmno\u017eovania novovy\u0161\u013eachten\u00fdch alebo nov\u00fdch farebn\u00fdch r\u00e1zov plemien  uveden\u00fdch vo vzorn\u00edku.<\/li><\/ol>\n\n\n\n<h6 class=\"wp-block-heading\"> III.\u00a0  Podmienky pre uznanie plemenn\u00fdch chovov (PCH) a kme\u0148ov\u00fdch chovov (KCH) <\/h6>\n\n\n\n<ol class=\"wp-block-list\"><li><strong>Uch\u00e1dza\u010d o uznanie PCH mus\u00ed sp\u013a\u0148a\u0165 tieto podmienky: <\/strong><\/li><\/ol>\n\n\n\n<p>a)\u00a0\u00a0 Najmenej 5 rokov mus\u00ed by\u0165 organizovan\u00fd v SZCH a chova\u0165 aspo\u0148 3 roky plemeno, ktor\u00e9  prihlasuje do plemenn\u00e9ho chovu, mus\u00ed by\u0165 \u010dlenom pr\u00edslu\u0161n\u00e9ho chovate\u013esk\u00e9ho klubu,  pokia\u013e je tento zalo\u017een\u00fd. <\/p>\n\n\n\n<p>b)\u00a0\u00a0 Predlo\u017ei\u0165 doporu\u010denie ZO SZCH, v ktorej je \u010dlenom, pr\u00edslu\u0161nou kr\u00e1lik\u00e1rskou komisiou  OV SZCH alebo v\u00fdborom chovate\u013esk\u00e9ho klubu. <\/p>\n\n\n\n<p>c)\u00a0\u00a0 Dokonale ovl\u00e1da\u0165 chovate\u013esk\u00e9 minimum, \u0161tandard, resp. farebn\u00fa \u0161k\u00e1lu plemena, o uznanie  ktor\u00e9ho sa uch\u00e1dza\u010d uch\u00e1dza a registra\u010dn\u00fd poriadok (vedomosti preukazuje pri uzn\u00e1vacom konan\u00ed).  \u00a0 \u00a0\u00a0 \u00a0 <\/p>\n\n\n\n<p>d)\u00a0 V\u0161etky chovn\u00e9 zvierat\u00e1 musia by\u0165 registrovan\u00e9 pod\u013ea platn\u00e9ho registra\u010dn\u00e9ho poriadku  SZCH, alebo v pr\u00edpade zvierat nak\u00fapen\u00fdch v zahrani\u010d\u00ed, pod\u013ea registra\u010dn\u00e9ho poriadku  zahrani\u010dn\u00fdch zv\u00e4zov. Pri uzn\u00e1van\u00ed musia by\u0165 predlo\u017een\u00e9 rodokmene kr\u00e1likov. <\/p>\n\n\n\n<p>e)\u00a0 Udr\u017eiava\u0165 chovn\u00e9 zariadenie na \u00farovni a v hygienicky nez\u00e1vadnom stave, v\u0161etky zvierat\u00e1  musia by\u0165 vakcinovan\u00e9 proti myxomat\u00f3ze a v\u00edrusovej hemoragickej pneum\u00f3nii. Cel\u00fd chov  kr\u00e1likov mus\u00ed by\u0165 v pravideln\u00fdch intervaloch podroben\u00fd prevent\u00edvnej lie\u010dbe.  O v\u0161etk\u00fdch veterin\u00e1rnych \u00fakonoch vedie chovate\u013e p\u00edsomn\u00fa evidenciu. <\/p>\n\n\n\n<p>f)\u00a0\u00a0 Ve\u013ekos\u0165 jednotliv\u00fdch oddelen\u00ed chovate\u013esk\u00e9ho zariadenia uch\u00e1dza\u010da o PCH mus\u00ed zodpoveda\u0165  minim\u00e1lne t\u00fdmto rozmerom: <br>  &#8211; ve\u013ek\u00e9 plemen\u00e1 \u2013 min. 1,00 m2 pre jedno dospel\u00e9 zviera<br> &#8211; stredn\u00e9 plemen\u00e1 \u2013 min. 0,70 m2 pre jedno dospel\u00e9 zviera <br> &#8211; mal\u00e9 a zdrobnen\u00e9 plemen\u00e1 \u2013 min. 0,50 m2 pre jedno dospel\u00e9 zviera <\/p>\n\n\n\n<p> g)\u00a0 Ma\u0165 pre odchov k dispoz\u00edcii minim\u00e1lne dva koterce na jednu samicu. Chovn\u00e9 samice aj  sam\u010die ml\u00e1\u010fat\u00e1 ur\u010den\u00e9 k pr\u00edpadn\u00e9mu \u010fa\u013e\u0161iemu chovu musia ma\u0165 samostatn\u00e9 oddelenia,  umiestnen\u00e9 pokia\u013e mo\u017eno v inej kr\u00e1lik\u00e1rni ako s\u00fa umiestnen\u00e9 samice. <\/p>\n\n\n\n<p>h)\u00a0 Stav chovn\u00fdch kr\u00e1likov nesmie klesn\u00fa\u0165 pod 2,4, z toho minim\u00e1lne polovica zvierat mus\u00ed by\u0165\u00a0 z vlastn\u00e9ho chovu. Musia to by\u0165 dva nepr\u00edbuzn\u00e9 kmene 1.2.  \u00a0 <\/p>\n\n\n\n<p><strong>2. Chovn\u00e1 hodnota kr\u00e1likov, ktor\u00e9 maj\u00fa by\u0165 zaraden\u00e9 do PCH mus\u00ed zodpoveda\u0165 t\u00fdmto<\/strong> <strong> podmienkam:<\/strong> <\/p>\n\n\n\n<p> a)\u00a0 Samci v\u0161etk\u00fdch plemien musia dosiahn\u00fa\u0165 minim\u00e1lne ocenenie 94 bodov. V\u00fdnimku mo\u017eno  pripusti\u0165 pri plemen\u00e1ch s kresbou, alebo m\u00e1lo chovan\u00fdch plemen\u00e1ch, kde sa m\u00f4\u017ee uzna\u0165 aj  ocenenie 93 bodov. <\/p>\n\n\n\n<p> b)\u00a0 Samice v\u0161etk\u00fdch plemien musia dosiahn\u00fa\u0165 minim\u00e1lne ocenenie 94 bodov. V\u00fdnimku mo\u017eno  pripusti\u0165 pri jednej samici s kresbou, alebo m\u00e1lo chovan\u00fdch plemien, kde sa m\u00f4\u017ee uzna\u0165  ocenenie 93 bodov. <\/p>\n\n\n\n<p> c)\u00a0 Chovn\u00e9 samice m\u00f4\u017eu by\u0165 pripusten\u00e9 len po dosiahnut\u00ed hmotnosti zodpovedaj\u00facej  v pr\u00edslu\u0161nom \u0161tandarde\u00a0 (10 bodov). Chovn\u00e9 samice m\u00f4\u017eu by\u0165 pripusten\u00e9   len pri dosiahnut\u00ed veku dospelosti t.j. 6-8 mesiacov pod\u013ea plemena. <\/p>\n\n\n\n<p><strong>3. Uch\u00e1dza\u010d o uznanie KCH mus\u00ed sp\u013a\u0148a\u0165 podmienky majite\u013ea PCH a tieto \u010fa\u013e\u0161ie  podmienky: <\/strong><\/p>\n\n\n\n<p>a)\u00a0 Mus\u00ed ma\u0165 najmenej dva roky uznan\u00fd PCH toho plemena , resp.  farebnej variety, u ktorej  \u017eiada uznanie KCH.. <\/p>\n\n\n\n<p>b)\u00a0 Stav chovn\u00fdch zvierat nesmie klesn\u00fa\u0165 pod 2.6, z toho  minim\u00e1lne polovica zvierat mus\u00ed by\u0165\u00a0 z vlastn\u00e9ho chovu. Musia to by\u0165 dva nepr\u00edbuzn\u00e9 kmene 1.3. <\/p>\n\n\n\n<p><strong>4. Chovn\u00e1 hodnota kr\u00e1likov, ktor\u00e9 maj\u00fa by\u0165 zaraden\u00e9 do KCH mus\u00ed zodpoveda\u0165 t\u00fdmto  podmienkam: <\/strong><\/p>\n\n\n\n<p>a)\u00a0 Samci v\u0161etk\u00fdch plemien musia pri hodnoten\u00ed dosiahn\u00fa\u0165 minim\u00e1lne 95 bodov. V\u00fdnimku  mo\u017eno povoli\u0165 pri plemen\u00e1ch s kresbou a m\u00e1lo chovan\u00fdch plemen\u00e1ch, kde sa m\u00f4\u017ee uzna\u0165  ocenenie 94 bodov. <\/p>\n\n\n\n<p> b)\u00a0 Samice v\u0161etk\u00fdch plemien musia dosiahn\u00fa\u0165 minim\u00e1lne ocenenie 95 bodov. V\u00fdnimku mo\u017eno  povoli\u0165 pri jednej samici s kresbou alebo pri m\u00e1lo chovan\u00fdch plemen\u00e1ch, kde sa m\u00f4\u017ee uzna\u0165  ocenenie 94 bodov. <\/p>\n\n\n\n<p>c)\u00a0 Chovate\u013e mus\u00ed dodr\u017ea\u0165 z\u00e1sadu, aby v\u0161etky zvierat\u00e1 pred ich pou\u017eit\u00edm v chove dosahovali  hmotnos\u0165 zodpovedaj\u00facu pr\u00edslu\u0161n\u00e9mu \u0161tandardu (10 bodov) a vek dospelosti, t.j. 6-8  mesiacov pod\u013ea plemena. <\/p>\n\n\n\n<h6 class=\"wp-block-heading\">IV.&nbsp; Povinnosti a pr\u00e1va majite\u013eov plemenn\u00fdch a kme\u0148ov\u00fdch chovov<\/h6>\n\n\n\n<p> \u00a0 \u00a0\u00a0 \u00a0 a)\u00a0 Uch\u00e1dza\u010dovi o uznanie plemenn\u00e9ho a kme\u0148ov\u00e9ho chovu (\u010falej len chovate\u013eovi) m\u00f4\u017ee by\u0165 uznan\u00fdch aj viac chovov, ale len v tom pr\u00edpade, \u017ee dodr\u017e\u00ed podmienky pre PCH alebo KCH  uveden\u00e9 v predch\u00e1dzaj\u00facej \u010dasti pre jednotliv\u00e9 plemen\u00e1. Nem\u00f4\u017ee by\u0165 uznan\u00fdch viac PCH  alebo KCH jedn\u00e9ho plemena a jedn\u00e9ho farebn\u00e9ho r\u00e1zu. \u00a0 \u00a0\u00a0 <\/p>\n\n\n\n<p> \u00a0 \u00a0 \u00a0 b)\u00a0 Chovate\u013e je povinn\u00fd vies\u0165 chovn\u00e9 listy vydan\u00e9 \u00dastrednou odbornou komisiou pre chov kr\u00e1likov, ko\u017eu\u0161inov\u00fdch zvierat a drobn\u00fdch hlodavcov (\u010falej len \u00daOK), ako aj \u010fa\u013e\u0161ie  z\u00e1znamy o \u00fa\u017eitkovosti. Chovn\u00e9 listy vedie dvojmo. Origin\u00e1l zasiela   ved\u00facemu vy\u0161\u0161\u00edch chovate\u013esk\u00fdch stup\u0148ov do 31.12. kalend\u00e1rneho roku. <\/p>\n\n\n\n<p> \u00a0 \u00a0 \u00a0 c)\u00a0\u00a0 Majite\u013e chovu registruje odchovy pod\u013ea registra\u010dn\u00e9ho poriadku SZCH prostredn\u00edctvom klubov\u00e9ho registr\u00e1tora. V pr\u00edpade, \u017ee pre dan\u00e9 plemeno nie je zatia\u013e   zalo\u017een\u00fd klub, je treba zabezpe\u010dova\u0165 registr\u00e1ciu cestou \u00fastredn\u00e9ho   registr\u00e1tora SZCH. <\/p>\n\n\n\n<p> \u00a0 \u00a0 \u00a0 d)\u00a0 \u00dahyn chovn\u00e9ho zviera\u0165a, maxim\u00e1lne jedn\u00e9ho samca a jednej samice, zaraden\u00e9ho do chovu je majite\u013e povinn\u00fd hl\u00e1si\u0165 svojej ZO a potvrdenie o tom zasla\u0165 registr\u00e1torovi klubu alebo  \u00fastredn\u00e9mu registr\u00e1torovi. Uhynut\u00e9 chovn\u00e9 zvierat\u00e1 je mo\u017en\u00e9 nahradi\u0165 ich potomkami  alebo in\u00fdmi kr\u00e1likmi toho ist\u00e9ho plemena a farebn\u00e9ho r\u00e1zu, ktor\u00e9 sp\u013a\u0148aj\u00fa podmienky pre  uznanie PCH a KCH s t\u00fdm, \u017ee musia by\u0165 ocenen\u00e9 na v\u00fdstave alebo plemenu  prisl\u00fachaj\u00facej klubovej v\u00fdstave. <\/p>\n\n\n\n<p> \u00a0 \u00a0\u00a0 \u00a0 e)\u00a0 Majite\u013e PCH alebo KCH je povinn\u00fd po\u010das dvoch rokov trvania povolenia registrova\u0165 v\u0161etky kr\u00e1liky z plemena uznan\u00e9ho vy\u0161\u0161ieho chovate\u013esk\u00e9ho stup\u0148a pod zna\u010dkou P a K.  Pri zisten\u00ed inej registr\u00e1cie sa uznan\u00fd PCH alebo KCH ru\u0161\u00ed. <\/p>\n\n\n\n<p> \u00a0 \u00a0\u00a0 \u00a0 f)\u00a0 Majite\u013e chovu je povinn\u00fd umo\u017eni\u0165 kontrolu dedi\u010dnosti \u00fa\u017eitkov\u00fdch vlastnost\u00ed a zdravia kr\u00e1likov, ako i prehliadku chovn\u00e9ho pos\u00fadenia potomstva \u010dlenom uzn\u00e1vacej komisie.  Povinnosti kontroly maj\u00fa v\u0161etky stupne odborn\u00fdch komisi\u00ed pre chov kr\u00e1likov v okruhu\u00a0  svojej p\u00f4sobnosti, v zmysle t\u00fdchto smern\u00edc. Pr\u00e1vo kontroly maj\u00fa tie\u017e poveren\u00ed z\u00e1stupcovia  chovate\u013esk\u00fdch klubov a \u00daOK. O kontrole sa vyhotovuje z\u00e1pis v troch exempl\u00e1roch. Jeden  z\u00e1pis treba zasla\u0165 \u00daOK, druh\u00fd si ponech\u00e1 kontroln\u00fd org\u00e1n a tret\u00ed je k dispoz\u00edcii majite\u013eovi  kontrolovan\u00e9ho chovu. <\/p>\n\n\n\n<p> \u00a0 \u00a0\u00a0 \u00a0 g) Majite\u013e PCH alebo KCH je povinn\u00fd vystavova\u0165 svoje zvierat\u00e1 na v\u00fdstav\u00e1ch poriadan\u00fdch vlastnou ZO SZCH a pr\u00edslu\u0161n\u00e9ho OV SZCH. \u010ealej je povinn\u00fd vystavova\u0165 minim\u00e1lne jednu  kolekciu svojich zvierat na n\u00e1rodnej alebo celo\u0161t\u00e1tnej v\u00fdstave ml\u00e1\u010fat kr\u00e1likov. <\/p>\n\n\n\n<p> \u00a0 \u00a0\u00a0 \u00a0 f)\u00a0 Majite\u013e PCH a KCH je povinn\u00fd pon\u00faknu\u0165 odchovy ml\u00e1\u010fat k n\u00e1kupu ostatn\u00fdm chovate\u013eom na v\u0161etk\u00fdch v\u00fdstav\u00e1ch, najm\u00e4 na celo\u0161t\u00e1tnej a celoslovenskej v\u00fdstave ml\u00e1\u010fat kr\u00e1likov. <\/p>\n\n\n\n<h6 class=\"wp-block-heading\"> V.\u00a0 \u00a0 Z\u00e1vere\u010dn\u00e9 ustanovenia <\/h6>\n\n\n\n<p> \u017diados\u0165 o uznanie chovu pod\u00e1 uch\u00e1dza\u010d na tla\u010dive \u201e Prihl\u00e1\u0161ka na uznanie  PCH, KCH kr\u00e1likov\u201c do 30.11. pre nasleduj\u00faci rok. \u017diados\u0165 mus\u00ed by\u0165  opatren\u00e1 pe\u010diatkou ZO SZCH,  ktorej je uch\u00e1dza\u010d \u010dlenom, pe\u010diatkou chovate\u013esk\u00e9ho klubu ak je pre dan\u00e9  plemeno vytvoren\u00fd a vyjadren\u00edm a pe\u010diatkou veterin\u00e1rneho lek\u00e1ra o  celkovom v\u00fdsledku vy\u0161etrenia zdravotn\u00e9ho stavu svojho chovu. Uzn\u00e1vacie  konanie sa uskuto\u010d\u0148uje v chovate\u013eskom zariaden\u00ed hodnotite\u013eom, ktor\u00fd je  delegovan\u00fd Sekretari\u00e1tom RR SZCH. Uzn\u00e1vacie konanie sa pri uznan\u00fdch  chovoch opakuje raz za dva roky. Cestovn\u00e9 vo v\u00fd\u0161ke hromadn\u00e9ho dopravn\u00e9ho  prostriedku a odmenu za uznanie vo v\u00fd\u0161ke 10.-EUR uhrad\u00ed \u017eiadate\u013e priamo  na mieste po uzn\u00e1vacom konan\u00ed delegovan\u00e9mu hodnotite\u013eovi. Na z\u00e1klade  v\u00fdsledku, potvrden\u00e9ho na tla\u010dive \u201ePrihl\u00e1\u0161ka na uznanie PCH, KCH kr\u00e1likov  vyd\u00e1 \u00daOK uzn\u00e1vac\u00ed list. <\/p>\n","protected":false},"excerpt":{"rendered":"<p>K&nbsp;chovy v&nbsp;roku 2017-2018 Ryb\u00e1r Franti\u0161ek\u00a0\u00a0 &#8211; \u00a0 \u00a0\u00a0 K\u00a0chov Salva Laurinec\u00a0\u00a0 &#8211; \u00a0 \u00a0 \u00a0 K\u00a0chov Stanko Peter\u00a0 &#8211; \u00a0&hellip;<\/p>\n","protected":false},"author":1,"featured_media":0,"parent":0,"menu_order":0,"comment_status":"closed","ping_status":"closed","template":"templates\/template-full-width.php","meta":{"ngg_post_thumbnail":0,"footnotes":""},"class_list":["post-146","page","type-page","status-publish","hentry"],"_links":{"self":[{"href":"http:\/\/www.klubvss.eu\/index.php?rest_route=\/wp\/v2\/pages\/146","targetHints":{"allow":["GET"]}}],"collection":[{"href":"http:\/\/www.klubvss.eu\/index.php?rest_route=\/wp\/v2\/pages"}],"about":[{"href":"http:\/\/www.klubvss.eu\/index.php?rest_route=\/wp\/v2\/types\/page"}],"author":[{"embeddable":true,"href":"http:\/\/www.klubvss.eu\/index.php?rest_route=\/wp\/v2\/users\/1"}],"replies":[{"embeddable":true,"href":"http:\/\/www.klubvss.eu\/index.php?rest_route=%2Fwp%2Fv2%2Fcomments&post=146"}],"version-history":[{"count":3,"href":"http:\/\/www.klubvss.eu\/index.php?rest_route=\/wp\/v2\/pages\/146\/revisions"}],"predecessor-version":[{"id":150,"href":"http:\/\/www.klubvss.eu\/index.php?rest_route=\/wp\/v2\/pages\/146\/revisions\/150"}],"wp:attachment":[{"href":"http:\/\/www.klubvss.eu\/index.php?rest_route=%2Fwp%2Fv2%2Fmedia&parent=146"}],"curies":[{"name":"wp","href":"https:\/\/api.w.org\/{rel}","templated":true}]}}