{"id":128,"date":"2020-01-13T22:09:54","date_gmt":"2020-01-13T21:09:54","guid":{"rendered":"http:\/\/www.klubvss.eu\/?page_id=128"},"modified":"2020-02-10T20:13:25","modified_gmt":"2020-02-10T19:13:25","slug":"francuzsky-strieborny","status":"publish","type":"page","link":"http:\/\/www.klubvss.eu\/?page_id=128","title":{"rendered":"Franc\u00fazsky strieborn\u00fd"},"content":{"rendered":"\n<h2 class=\"has-text-align-center wp-block-heading\">Franc\u00fazsky strieborn\u00fd<\/h2>\n\n\n\n<p><strong>CZ<\/strong>: Franc\u00fazsky st\u0159\u00edbrit\u00fd<br><strong>EN<\/strong>: Argente Champagnesax <br><strong>DE<\/strong>: Champagne-Silber <\/p>\n\n\n\n<p> <strong>Genotyp:<\/strong><br> AA BB CC DD gg P2P2 <\/p>\n\n\n\n<p> <strong>Mesa\u010dn\u00e9 pr\u00edrastky \u017eivej hmotnosti:<\/strong><\/p>\n\n\n\n<figure class=\"wp-block-table is-style-stripes\"><table class=\"\"><tbody><tr><td><strong>Mesiac<\/strong><\/td><td>1<\/td><td>2<\/td><td>3<\/td><td>4<\/td><td>5<\/td><td>6<\/td><td>7<\/td><td>8<\/td><\/tr><tr><td><strong>Kg<\/strong><\/td><td>0,5<\/td><td>1,3<\/td><td>2,2<\/td><td>2,8<\/td><td>34<\/td><td>3,8<\/td><td>4,1<\/td><td>4,5<\/td><\/tr><\/tbody><\/table><\/figure>\n\n\n\n<p> <strong>Bodovacia stupnica:<\/strong><\/p>\n\n\n\n<figure class=\"wp-block-table\"><table class=\"\"><tbody><tr><td><\/td><td><\/td><td><strong>Body<\/strong><\/td><\/tr><tr><td><strong>1.<\/strong><\/td><td> Hmotnos\u0165 <\/td><td>10<\/td><\/tr><tr><td><strong>2.<\/strong><\/td><td> Tvar&nbsp; &nbsp; <\/td><td>20<\/td><\/tr><tr><td><strong>3.<\/strong><\/td><td> Typ&nbsp;  <\/td><td>15<\/td><\/tr><tr><td><strong>4.<\/strong><\/td><td> Srs\u0165&nbsp; &nbsp; <\/td><td>20<\/td><\/tr><tr><td><strong>5.<\/strong><\/td><td>  Striebritos\u0165,  pes\u00edkovanie, rovnomernos\u0165  <\/td><td>20<\/td><\/tr><tr><td><strong>6.<\/strong><\/td><td> Farba podsady <\/td><td>10<\/td><\/tr><tr><td><strong>7.<\/strong><\/td><td> Starostlivos\u0165 a&nbsp;zdravie <\/td><td>5<\/td><\/tr><tr><td><\/td><td><strong>Spolu:<\/strong><\/td><td><strong>100<\/strong><\/td><\/tr><\/tbody><\/table><\/figure>\n\n\n\n<p> <strong>Poz\u00edcia 1. &#8211; hmotnos\u0165<\/strong><\/p>\n\n\n\n<figure class=\"wp-block-table\"><table class=\"\"><tbody><tr><td> 4.00 \u2013 4,24 kg <\/td><td> 4,25 \u2013 4,49 kg <\/td><td> 4,50 \u2013 5,50 kg <\/td><td> 5,51 \u2013 5,75 kg <\/td><\/tr><tr><td> 8 bodov <\/td><td> 9 bodov <\/td><td> 10 bodov <\/td><td> 9 bodov <\/td><\/tr><\/tbody><\/table><\/figure>\n\n\n\n<p> <strong>Poz\u00edcia 2. &#8211; tvar<\/strong><br> Ako vo V\u0161eobecnej \u010dasti. <\/p>\n\n\n\n<p> <strong>Poz\u00edcia 3. &#8211; typ<\/strong><br>  Ako vo v\u0161eobecnej \u010dasti a \u010falej: telo je mierne zavalit\u00e9 v porovnan\u00ed   s Vss netvor\u00ed tak vyslovene os valen\u00fd typ. Hlava je siln\u00e1 a \u0161irok\u00e1, hlavne v \u010dele. U\u0161nice s\u00fa m\u00e4sit\u00e9, siln\u00e9, ly\u017eicovit\u00e9 s d\u013a\u017ekou 12,5 a\u017e 13,5 cm.  <\/p>\n\n\n\n<p> <strong>Poz\u00edcia 4. &#8211; srs\u0165<\/strong><br> Srs\u0165 m\u00e1 hust\u00fa podsadu s\u00a0rovnomern\u00fdm pes\u00edkovan\u00edm. D\u013a\u017eka kryc\u00edch chlpov je 3 cm. <\/p>\n\n\n\n<p> <strong>Poz\u00edcia 5. &#8211; striebritos\u0165, pes\u00edkovanie, rovnomernos\u0165<\/strong><br>Farba kryc\u00edch chlpov m\u00e1 odtie\u0148 star\u00e9ho striebra s rovnomern\u00fdm   rozlo\u017een\u00edm po celom tele. V\u00fdnimku tvoria telov\u00e9 \u010dasti s krat\u0161\u00edm   osrsten\u00fdm a u\u0161nice, o\u010dn\u00e9 kr\u00fa\u017eky, nosn\u00e1 \u010das\u0165 \u2013 mot\u00fdlik, kon\u010datiny,   chvost. Tieto \u010dasti s\u00fa zrete\u013ene tmav\u0161ie, nesm\u00fa v\u0161ak by\u0165 takmer \u010dierne   bez striebritosti. Odtie\u0148 striebritosti zodpoved\u00e1 stredn\u00e9mu stup\u0148u.   Leskl\u00e9 \u010dierne pes\u00edky pre\u010dnievaj\u00face cez krycie chlpy s\u00fa po\u010detnej\u0161ie, ako   pri Vss a maj\u00fa by\u0165 rovnomerne  rozlo\u017een\u00e9. Brucho je matnej\u0161ie. Farba o\u010d\u00ed   je hned\u00e1, paz\u00fariky s\u00fa rohovit\u00e9 a\u017e \u010dierne.  <\/p>\n\n\n\n<p> <strong>Poz\u00edcia 6. &#8211; farba podsady<\/strong><br> Farba podsady je s\u00fdto tmavomodr\u00e1, pri ko\u017ei svetlej\u0161ia, ale tie\u017e modr\u00e1 <\/p>\n\n\n\n<p> <strong>Poz\u00edcia 7. &#8211; starostlivos\u0165 a\u00a0zdravie<\/strong><br> Ako vo V\u0161eobecnej \u010dasti. <\/p>\n\n\n\n<h5 class=\"wp-block-heading\">\n\tPR\u00cdPUSTN\u00c9&nbsp; CHYBY:<\/h5>\n\n\n\n<p> <strong>V\u00a0poz\u00edcii 1. :<\/strong><br> Vi\u010f. Stupnica hmotnosti. <\/p>\n\n\n\n<p><strong> V&nbsp;poz\u00edcii 2. :<\/strong><br> Ako vo V\u0161eobecnej \u010dasti. <\/p>\n\n\n\n<p><strong> V&nbsp;poz\u00edcii 3.:<\/strong><br> Ako vo V\u0161eobecnej \u010dasti a&nbsp;\u010falej: pretiahnut\u00e9 telo, mierne odch\u00fdlky od typu hlavy, mierne odch\u00fdlky od stanovenej d\u013a\u017eky u\u0161n\u00edc. <\/p>\n\n\n\n<p> <strong>V\u00a0poz\u00edcii 4. :<\/strong><br> Red\u0161ia srs\u0165, nepru\u017en\u00e9 pes\u00edky, mierne odch\u00fdlky od stanovenej d\u013a\u017eky srsti kryc\u00edch chlpov. <\/p>\n\n\n\n<p><strong> V\u00a0poz\u00edcii 5. :<\/strong><br>  Sklon k tmav\u00e9mu odtie\u0148u striebritosti, vlo\u010dkovit\u00e1 alebo \u0161kvrnit\u00e1   stiebritos\u0165, slab\u0161ia hrdza, takmer \u010dierny mot\u00fdlik, u\u0161nice, o\u010dn\u00e9 kr\u00fa\u017eky,  kon\u010datiny a chvost. Mierne odch\u00fdlky od stanovenej farby paz\u00farikov a o\u010d\u00ed.  <\/p>\n\n\n\n<p> <strong>V\u00a0poz\u00edcii 6. :<\/strong><br>  Svetlej\u0161ia, menej v\u00fdrazn\u00e1 farba podsady, ojedinel\u00e9 biele chlpy v\u00a0podsade. <br> V\u00a0poz\u00edcii. :  Ako vo V\u0161eobecnej \u010dasti. <\/p>\n\n\n\n<h5 class=\"wp-block-heading\">\n\tNEPR\u00cdPUSTN\u00c9&nbsp; CHYBY :<\/h5>\n\n\n\n<p><strong> V\u00a0poz\u00edcii 1. :<\/strong><br> Hmotnos\u0165 ni\u017e\u0161ia ako 4,00 kg a\u00a0vy\u0161\u0161ia ako 5,75 kg (neklasifikovan\u00fd) <\/p>\n\n\n\n<p> <strong>V\u00a0poz\u00edcii 2. :<\/strong><br>  Ako vo V\u0161eobecnej \u010dasti. <\/p>\n\n\n\n<p> <strong>V\u00a0poz\u00edcii 3. :<\/strong><br> Ako vo V\u0161eobecnej \u010dasti a\u00a0\u010falej: dlh\u00e9 a\u00a0\u00fazke telo (v\u00fdluka). Dlh\u00e1 a\u00a0\u00fazka   hlava (v\u00fdluka). U\u0161nice krat\u0161ie ako 11,5 a\u00a0dlh\u0161ie ako 14,5 cm (v\u00fdluka). <\/p>\n\n\n\n<p> <strong>V\u00a0popz\u00edcii 4. :<\/strong><br> Srs\u0165 takmer bez podsady (v\u00fdluka). Ve\u013ek\u00e9 odch\u00fdlky od predp\u00edsanej d\u013a\u017eky srsti (v\u00fdluka). <\/p>\n\n\n\n<p> <strong>V\u00a0poz\u00edcii 5. :<\/strong><br> Vyslovene tmav\u00fd odtie\u0148 striebritosti (v\u00fdluka). Silno \u0161kvrnit\u00e1   striebritos\u0165 (v\u00fdluka). Siln\u00e1 hrdza (neklasifikovan\u00fd). Skupina bielych   chlpov, biele paz\u00fariky, in\u00e9 ako hned\u00e9 o\u010di (v\u0161etko v\u00fdluka). Celkom \u010dierny   mot\u00fdlik, u\u0161nice, kon\u010datiny a\u00a0chvost, bez akejko\u013evek striebritosti   (v\u00fdluka). Svetl\u00fd odtie\u0148 pripom\u00ednaj\u00faci Vss (v\u00fdluka). <\/p>\n\n\n\n<p> <strong>V\u00a0poz\u00edcii 7. : <\/strong><br> Ako vo V\u0161eobecnej \u010dasti. <\/p>\n","protected":false},"excerpt":{"rendered":"<p>Franc\u00fazsky strieborn\u00fd CZ: Franc\u00fazsky st\u0159\u00edbrit\u00fdEN: Argente Champagnesax DE: Champagne-Silber Genotyp: AA BB CC DD gg P2P2 Mesa\u010dn\u00e9 pr\u00edrastky \u017eivej hmotnosti:&hellip;<\/p>\n","protected":false},"author":1,"featured_media":0,"parent":0,"menu_order":0,"comment_status":"closed","ping_status":"closed","template":"","meta":{"ngg_post_thumbnail":0,"footnotes":""},"class_list":["post-128","page","type-page","status-publish","hentry"],"_links":{"self":[{"href":"http:\/\/www.klubvss.eu\/index.php?rest_route=\/wp\/v2\/pages\/128","targetHints":{"allow":["GET"]}}],"collection":[{"href":"http:\/\/www.klubvss.eu\/index.php?rest_route=\/wp\/v2\/pages"}],"about":[{"href":"http:\/\/www.klubvss.eu\/index.php?rest_route=\/wp\/v2\/types\/page"}],"author":[{"embeddable":true,"href":"http:\/\/www.klubvss.eu\/index.php?rest_route=\/wp\/v2\/users\/1"}],"replies":[{"embeddable":true,"href":"http:\/\/www.klubvss.eu\/index.php?rest_route=%2Fwp%2Fv2%2Fcomments&post=128"}],"version-history":[{"count":8,"href":"http:\/\/www.klubvss.eu\/index.php?rest_route=\/wp\/v2\/pages\/128\/revisions"}],"predecessor-version":[{"id":235,"href":"http:\/\/www.klubvss.eu\/index.php?rest_route=\/wp\/v2\/pages\/128\/revisions\/235"}],"wp:attachment":[{"href":"http:\/\/www.klubvss.eu\/index.php?rest_route=%2Fwp%2Fv2%2Fmedia&parent=128"}],"curies":[{"name":"wp","href":"https:\/\/api.w.org\/{rel}","templated":true}]}}