{"id":121,"date":"2020-01-13T21:48:32","date_gmt":"2020-01-13T20:48:32","guid":{"rendered":"http:\/\/www.klubvss.eu\/?page_id=121"},"modified":"2020-02-17T15:55:38","modified_gmt":"2020-02-17T14:55:38","slug":"prihlaska-na-vystavu","status":"publish","type":"page","link":"http:\/\/www.klubvss.eu\/?page_id=121","title":{"rendered":"Prihl\u00e1\u0161ky"},"content":{"rendered":"\n<div class=\"wp-block-file\"><a href=\"http:\/\/www.klubvss.eu\/wp-content\/uploads\/2020\/01\/prihlaska_na_vystavu.docx\">Prihl\u00e1\u0161ka na v\u00fdstavu<\/a><\/div>\n\n\n\n<div class=\"wp-block-file\"><a href=\"http:\/\/www.klubvss.eu\/wp-content\/uploads\/2020\/01\/Prihlaska-do-klubu.docx\">Prihl\u00e1\u0161ka za \u010dlena klubu<\/a><\/div>\n","protected":false},"excerpt":{"rendered":"","protected":false},"author":1,"featured_media":0,"parent":0,"menu_order":0,"comment_status":"closed","ping_status":"closed","template":"","meta":{"ngg_post_thumbnail":0,"footnotes":""},"class_list":["post-121","page","type-page","status-publish","hentry"],"_links":{"self":[{"href":"http:\/\/www.klubvss.eu\/index.php?rest_route=\/wp\/v2\/pages\/121","targetHints":{"allow":["GET"]}}],"collection":[{"href":"http:\/\/www.klubvss.eu\/index.php?rest_route=\/wp\/v2\/pages"}],"about":[{"href":"http:\/\/www.klubvss.eu\/index.php?rest_route=\/wp\/v2\/types\/page"}],"author":[{"embeddable":true,"href":"http:\/\/www.klubvss.eu\/index.php?rest_route=\/wp\/v2\/users\/1"}],"replies":[{"embeddable":true,"href":"http:\/\/www.klubvss.eu\/index.php?rest_route=%2Fwp%2Fv2%2Fcomments&post=121"}],"version-history":[{"count":3,"href":"http:\/\/www.klubvss.eu\/index.php?rest_route=\/wp\/v2\/pages\/121\/revisions"}],"predecessor-version":[{"id":316,"href":"http:\/\/www.klubvss.eu\/index.php?rest_route=\/wp\/v2\/pages\/121\/revisions\/316"}],"wp:attachment":[{"href":"http:\/\/www.klubvss.eu\/index.php?rest_route=%2Fwp%2Fv2%2Fmedia&parent=121"}],"curies":[{"name":"wp","href":"https:\/\/api.w.org\/{rel}","templated":true}]}}