{"id":1108,"date":"2025-12-30T11:14:30","date_gmt":"2025-12-30T10:14:30","guid":{"rendered":"http:\/\/www.klubvss.eu\/?page_id=1108"},"modified":"2025-12-30T11:16:24","modified_gmt":"2025-12-30T10:16:24","slug":"navstevy-u-chovatelov-galeria","status":"publish","type":"page","link":"http:\/\/www.klubvss.eu\/?page_id=1108","title":{"rendered":"N\u00e1v\u0161tevy u chovate\u013eov gal\u00e9ria"},"content":{"rendered":"\nngg_shortcode_0_placeholder\n\n\n\nngg_shortcode_1_placeholder\n\n\n\nngg_shortcode_2_placeholder\n","protected":false},"excerpt":{"rendered":"","protected":false},"author":1,"featured_media":0,"parent":0,"menu_order":0,"comment_status":"closed","ping_status":"closed","template":"","meta":{"ngg_post_thumbnail":0,"footnotes":""},"class_list":["post-1108","page","type-page","status-publish","hentry"],"_links":{"self":[{"href":"http:\/\/www.klubvss.eu\/index.php?rest_route=\/wp\/v2\/pages\/1108","targetHints":{"allow":["GET"]}}],"collection":[{"href":"http:\/\/www.klubvss.eu\/index.php?rest_route=\/wp\/v2\/pages"}],"about":[{"href":"http:\/\/www.klubvss.eu\/index.php?rest_route=\/wp\/v2\/types\/page"}],"author":[{"embeddable":true,"href":"http:\/\/www.klubvss.eu\/index.php?rest_route=\/wp\/v2\/users\/1"}],"replies":[{"embeddable":true,"href":"http:\/\/www.klubvss.eu\/index.php?rest_route=%2Fwp%2Fv2%2Fcomments&post=1108"}],"version-history":[{"count":2,"href":"http:\/\/www.klubvss.eu\/index.php?rest_route=\/wp\/v2\/pages\/1108\/revisions"}],"predecessor-version":[{"id":1111,"href":"http:\/\/www.klubvss.eu\/index.php?rest_route=\/wp\/v2\/pages\/1108\/revisions\/1111"}],"wp:attachment":[{"href":"http:\/\/www.klubvss.eu\/index.php?rest_route=%2Fwp%2Fv2%2Fmedia&parent=1108"}],"curies":[{"name":"wp","href":"https:\/\/api.w.org\/{rel}","templated":true}]}}