{"id":1031,"date":"2024-01-21T15:07:48","date_gmt":"2024-01-21T14:07:48","guid":{"rendered":"http:\/\/www.klubvss.eu\/?page_id=1031"},"modified":"2024-01-21T15:07:49","modified_gmt":"2024-01-21T14:07:49","slug":"celostatne-vystavy","status":"publish","type":"page","link":"http:\/\/www.klubvss.eu\/?page_id=1031","title":{"rendered":"Celo\u0161t\u00e1tne v\u00fdstavy"},"content":{"rendered":"\n<p><a href=\"http:\/\/www.klubvss.eu\/?page_id=1021\" data-type=\"page\" data-id=\"1021\">Celo\u0161t\u00e1tna v\u00fdstava Nitra 2023<\/a><\/p>\n\n\n\n<p><a href=\"http:\/\/www.klubvss.eu\/?page_id=261\" data-type=\"page\" data-id=\"261\">Celo\u0161t\u00e1tna v\u00fdstava 2016<\/a><\/p>\n","protected":false},"excerpt":{"rendered":"<p>Celo\u0161t\u00e1tna v\u00fdstava Nitra 2023 Celo\u0161t\u00e1tna v\u00fdstava 2016<\/p>\n","protected":false},"author":1,"featured_media":0,"parent":0,"menu_order":0,"comment_status":"closed","ping_status":"closed","template":"","meta":{"ngg_post_thumbnail":0,"footnotes":""},"class_list":["post-1031","page","type-page","status-publish","hentry"],"_links":{"self":[{"href":"http:\/\/www.klubvss.eu\/index.php?rest_route=\/wp\/v2\/pages\/1031","targetHints":{"allow":["GET"]}}],"collection":[{"href":"http:\/\/www.klubvss.eu\/index.php?rest_route=\/wp\/v2\/pages"}],"about":[{"href":"http:\/\/www.klubvss.eu\/index.php?rest_route=\/wp\/v2\/types\/page"}],"author":[{"embeddable":true,"href":"http:\/\/www.klubvss.eu\/index.php?rest_route=\/wp\/v2\/users\/1"}],"replies":[{"embeddable":true,"href":"http:\/\/www.klubvss.eu\/index.php?rest_route=%2Fwp%2Fv2%2Fcomments&post=1031"}],"version-history":[{"count":1,"href":"http:\/\/www.klubvss.eu\/index.php?rest_route=\/wp\/v2\/pages\/1031\/revisions"}],"predecessor-version":[{"id":1032,"href":"http:\/\/www.klubvss.eu\/index.php?rest_route=\/wp\/v2\/pages\/1031\/revisions\/1032"}],"wp:attachment":[{"href":"http:\/\/www.klubvss.eu\/index.php?rest_route=%2Fwp%2Fv2%2Fmedia&parent=1031"}],"curies":[{"name":"wp","href":"https:\/\/api.w.org\/{rel}","templated":true}]}}