{"id":1021,"date":"2023-12-10T13:12:59","date_gmt":"2023-12-10T12:12:59","guid":{"rendered":"http:\/\/www.klubvss.eu\/?page_id=1021"},"modified":"2024-01-21T14:49:05","modified_gmt":"2024-01-21T13:49:05","slug":"sr-vystava-nitra-2023","status":"publish","type":"page","link":"http:\/\/www.klubvss.eu\/?page_id=1021","title":{"rendered":"Celo\u0161t\u00e1tna v\u00fdstava Nitra 2023"},"content":{"rendered":"\n<p><strong>Majster SR<\/strong> \u00a0 \u00a0 \u00a0Stanko Peter &#8230;&#8230;&#8230;&#8230;&#8230;&#8230;<strong>400<\/strong><br>1 Vicemajster M\u00fa\u010dka Miroslav&#8230;&#8230;&#8230;&#8230;&#8230;.<strong>350<\/strong><br>2.Vicemajster M\u00fa\u010dka Miroslav&#8230;&#8230;&#8230;&#8230;&#8230;.<strong>300<\/strong><\/p>\n\n\n\n<p><\/p>\n\n\n\n<p><strong>\u0160ampi\u00f3n SR<\/strong>\u00a0Oblo\u017einsk\u00fd Roman&#8230;&#8230;&#8230;..<strong>300<\/strong><br>1.Vice\u0161ampi\u00f3n SR M\u00fa\u010dka Miroslav&#8230;&#8230;..<strong>250<\/strong><br>2.Vice\u0161ampi\u00f3n SR Stanko Peter &#8230;&#8230;&#8230;..<strong>200<\/strong><\/p>\n\n\n\n<p><\/p>\n\n\n\n<p><strong>\u0160ampi\u00f3nka SR<\/strong>\u00a0 Stanko Peter&#8230;&#8230;&#8230;&#8230;&#8230;..<strong>300<\/strong><br>1.Vice\u0161ampi\u00f3nka SR Ryb\u00e1r Franti\u0161ek&#8230;.<strong>250<\/strong><br>2.Vice\u0161ampi\u00f3nka SR M\u00fa\u010dka Miroslav&#8230;..<strong>200<\/strong><\/p>\n\n\n\n<p><\/p>\n\n\n\n<p><strong>Preh\u013ead :<\/strong><br>Ryb\u00e1r\u00a0 \u00a0 \u00a0 \u00a0 \u00a01\/96,5 1\/95,5 1\/95 1\/94&#8230;&#8230;..220<br>Salva\u00a0 \u00a0 \u00a0 \u00a0 \u00a0 2\/95,5 2\/95 &#8230;&#8230;&#8230;&#8230;&#8230;&#8230;&#8230;&#8230;..220<br>Oblo\u017einsk\u00fd\u00a0 1\/96,5 2\/96 1\/95&#8230;&#8230;&#8230;&#8230;&#8230;&#8230;270<br>Stapinsk\u00fd\u00a0 \u00a0 1\/96 3\/95,5&#8230;&#8230;&#8230;&#8230;&#8230;&#8230;&#8230;&#8230;..250<br>Re\u017eo\u0148a\u00a0 \u00a0 \u00a0 \u00a02\/96 1\/95,5 1\/95&#8230;&#8230;&#8230;&#8230;&#8230;&#8230;250<br>Kriv\u00fd\u00a0 \u00a0 \u00a0 \u00a0 \u00a0 \u00a01\/96 4\/95,5 2\/95 1\/93&#8230;&#8230;&#8230;.360<br>\u0160imek\u00a0 \u00a0 \u00a0 \u00a0 \u00a02\/95,5 1\/95&#8230;&#8230;&#8230;&#8230;&#8230;&#8230;&#8230;&#8230;..170<br>Kover\u00a0 \u00a0 \u00a0 \u00a0 \u00a02\/96 1\/95,5 1\/95&#8230;&#8230;&#8230;&#8230;&#8230;&#8230;.250<br>M\u00fa\u010dka\u00a0 \u00a0 \u00a0 \u00a0 2\/96,5 6\/96 3\/95,5 1\/95&#8230;&#8230;.440<br>Stanko\u00a0 \u00a0 \u00a0 \u00a01\/97 6\/96 3\/95,5 1\/95 1\/93&#8230;440<br>Kopeck\u00fd\u00a0 \u00a0 \u00a02\/95 2\/94,5&#8230;&#8230;&#8230;&#8230;&#8230;&#8230;&#8230;&#8230;..180<br>Mojcher\u00a0 \u00a0 \u00a0 2\/95 1\/94 1\/93,5&#8230;&#8230;&#8230;&#8230;&#8230;&#8230;150<\/p>\n\n\n\n<p><\/p>\n\n\n\n<p><strong>Celkov\u00fd v\u00ed\u0165az :<\/strong><br>1.Stanko Peter&#8230;&#8230;&#8230;&#8230;&#8230;&#8230;&#8230;&#8230;&#8230;&#8230;&#8230;5.130 b<br>2.M\u00fa\u010dka Miroslav&#8230;&#8230;&#8230;&#8230;&#8230;&#8230;&#8230;&#8230;&#8230;..3.360 b<br>3. Stapinsk\u00fd Peter&#8230;&#8230;&#8230;&#8230;&#8230;&#8230;&#8230;&#8230;&#8230;.2.800 b<br>4. Michalec Ivan&#8230;&#8230;&#8230;&#8230;&#8230;&#8230;&#8230;&#8230;&#8230;&#8230;.1.320 b<br>5-6. Salva Laurinec&#8230;&#8230;&#8230;&#8230;&#8230;&#8230;&#8230;&#8230;..1.300 b<br>5-6. Mojcher Juraj&#8230;&#8230;&#8230;&#8230;&#8230;&#8230;&#8230;&#8230;&#8230;.1.300 b<br>7. Re\u017eo\u0148a Jozef&#8230;&#8230;&#8230;&#8230;&#8230;&#8230;&#8230;&#8230;&#8230;&#8230;.1.280 b<br>8. \u0160imek Peter&#8230;&#8230;&#8230;&#8230;&#8230;&#8230;&#8230;&#8230;&#8230;&#8230;&#8230;.1.250 b<br>9. Oblo\u017einsk\u00fd Roman&#8230;&#8230;&#8230;&#8230;&#8230;&#8230;&#8230;..1.160 b<br>10. Steiniger Juraj&#8230;&#8230;&#8230;&#8230;&#8230;&#8230;&#8230;&#8230;&#8230;&#8230;.900 b<\/p>\n\n\n\n<p><\/p>\n\n\n\nngg_shortcode_0_placeholder\n","protected":false},"excerpt":{"rendered":"<p>Majster SR \u00a0 \u00a0 \u00a0Stanko Peter &#8230;&#8230;&#8230;&#8230;&#8230;&#8230;4001 Vicemajster M\u00fa\u010dka Miroslav&#8230;&#8230;&#8230;&#8230;&#8230;.3502.Vicemajster M\u00fa\u010dka Miroslav&#8230;&#8230;&#8230;&#8230;&#8230;.300 \u0160ampi\u00f3n SR\u00a0Oblo\u017einsk\u00fd Roman&#8230;&#8230;&#8230;..3001.Vice\u0161ampi\u00f3n SR M\u00fa\u010dka Miroslav&#8230;&#8230;..2502.Vice\u0161ampi\u00f3n SR Stanko&hellip;<\/p>\n","protected":false},"author":1,"featured_media":0,"parent":0,"menu_order":0,"comment_status":"closed","ping_status":"closed","template":"","meta":{"ngg_post_thumbnail":0,"footnotes":""},"class_list":["post-1021","page","type-page","status-publish","hentry"],"_links":{"self":[{"href":"http:\/\/www.klubvss.eu\/index.php?rest_route=\/wp\/v2\/pages\/1021","targetHints":{"allow":["GET"]}}],"collection":[{"href":"http:\/\/www.klubvss.eu\/index.php?rest_route=\/wp\/v2\/pages"}],"about":[{"href":"http:\/\/www.klubvss.eu\/index.php?rest_route=\/wp\/v2\/types\/page"}],"author":[{"embeddable":true,"href":"http:\/\/www.klubvss.eu\/index.php?rest_route=\/wp\/v2\/users\/1"}],"replies":[{"embeddable":true,"href":"http:\/\/www.klubvss.eu\/index.php?rest_route=%2Fwp%2Fv2%2Fcomments&post=1021"}],"version-history":[{"count":2,"href":"http:\/\/www.klubvss.eu\/index.php?rest_route=\/wp\/v2\/pages\/1021\/revisions"}],"predecessor-version":[{"id":1028,"href":"http:\/\/www.klubvss.eu\/index.php?rest_route=\/wp\/v2\/pages\/1021\/revisions\/1028"}],"wp:attachment":[{"href":"http:\/\/www.klubvss.eu\/index.php?rest_route=%2Fwp%2Fv2%2Fmedia&parent=1021"}],"curies":[{"name":"wp","href":"https:\/\/api.w.org\/{rel}","templated":true}]}}