{"id":1018,"date":"2023-12-10T13:05:44","date_gmt":"2023-12-10T12:05:44","guid":{"rendered":"http:\/\/www.klubvss.eu\/?page_id=1018"},"modified":"2023-12-10T13:16:06","modified_gmt":"2023-12-10T12:16:06","slug":"specialna-vystava-zilina-2023","status":"publish","type":"page","link":"http:\/\/www.klubvss.eu\/?page_id=1018","title":{"rendered":"\u0160pecialna v\u00fdstava \u017dilina 2023"},"content":{"rendered":"\n<p><strong>Kolekcie:<\/strong><br>1.    73 Stanko 290 b &#8230;&#8230;&#8230;&#8230;..<strong>400<\/strong><br>2.    32 Stapinsk\u00fd 289,5b &#8230;&#8230;..<strong>350<\/strong><br>3.    49 Michalec 289,5b &#8230;&#8230;&#8230;<strong>300<\/strong><br>4.    45 M\u00fa\u010dka 289 b&#8230;&#8230;&#8230;&#8230;&#8230;.<strong>250<\/strong><br>5.    23 Re\u017eo\u0148a 288,5b&#8230;&#8230;&#8230;&#8230;<strong>200<\/strong><\/p>\n\n\n\n<p><strong>Kolekcie mlad\u00e9:<\/strong><br>1.    39 \u0160imek 287b &#8230;&#8230;&#8230;&#8230;&#8230;<strong>200<\/strong><br>2.    85 Margetin 286b&#8230;&#8230;&#8230;&#8230;<strong>150<\/strong><br>3.    37 Stoklasa 285,5b&#8230;&#8230;&#8230;<strong>100<\/strong><\/p>\n\n\n\n<p><strong>\u0160ampi\u00f3n\/ka :<\/strong><br>1. 217 Stanko 97,5b&#8230;&#8230;&#8230;&#8230;<strong>300&nbsp;<\/strong> &nbsp; &nbsp; &nbsp; &nbsp; &nbsp; &nbsp; &nbsp; &nbsp; &nbsp; &nbsp; &nbsp; &nbsp; &nbsp; &nbsp; &nbsp; &nbsp; &nbsp; 1. 180 Stanko 97,5b&#8230;&#8230;..<strong>300<\/strong><br>2. 7 Hovan 97b&#8230;&#8230;&#8230;&#8230;&#8230;&#8230;.<strong>250<\/strong>&nbsp; &nbsp; &nbsp; &nbsp; &nbsp; &nbsp; &nbsp; &nbsp; &nbsp; &nbsp; &nbsp; &nbsp; &nbsp; &nbsp; &nbsp; &nbsp; &nbsp; &nbsp; &nbsp;2. 138 M\u00fa\u010dka 97b &#8230;&#8230;&#8230;..<strong>250<\/strong><br>3. 94 Stapinsk\u00fd 97b &#8230;&#8230;&#8230;..<strong>200&nbsp;<\/strong> &nbsp; &nbsp; &nbsp; &nbsp; &nbsp; &nbsp; &nbsp; &nbsp; &nbsp; &nbsp; &nbsp; &nbsp; &nbsp; &nbsp; &nbsp; &nbsp; &nbsp; &nbsp;3. 213 Re\u017eo\u0148a 97b&#8230;&#8230;&#8230;.<strong>200<\/strong><br>4. 274 Oblo\u017einsk\u00fd 97b &#8230;&#8230;.<strong>150<\/strong>&nbsp; &nbsp; &nbsp; &nbsp; &nbsp; &nbsp; &nbsp; &nbsp; &nbsp; &nbsp; &nbsp; &nbsp; &nbsp; &nbsp; &nbsp; &nbsp; &nbsp; &nbsp; &nbsp;4. 102 Steiniger 97b &#8230;&#8230;.<strong>150<\/strong><br>5. 38 \u0160imek 97b&#8230;&#8230;&#8230;&#8230;&#8230;&#8230;<strong>100<\/strong>&nbsp; &nbsp; &nbsp; &nbsp; &nbsp; &nbsp; &nbsp; &nbsp; &nbsp; &nbsp; &nbsp; &nbsp; &nbsp; &nbsp; &nbsp; &nbsp; &nbsp; &nbsp; &nbsp;5. 182 Michalec 97b &#8230;&#8230;.<strong>100<\/strong><\/p>\n\n\n\n<p><strong>\u0160ampi\u00f3n\/ka mlade:<\/strong><br>1. 193 Margetin 96b &#8230;&#8230;&#8230;&#8230;<strong>150&nbsp; &nbsp;<\/strong> &nbsp; &nbsp; &nbsp; &nbsp; &nbsp; &nbsp; &nbsp; &nbsp; &nbsp; &nbsp; &nbsp; &nbsp; &nbsp; &nbsp; &nbsp; &nbsp; &nbsp;1. 116 \u0160imek 96,5b&#8230;&#8230;&#8230;&#8230;.<strong>150<\/strong><br>2. 124 Tej 95,5b&#8230;&#8230;&#8230;&#8230;&#8230;&#8230;..<strong>100&nbsp;<\/strong> &nbsp; &nbsp; &nbsp; &nbsp; &nbsp; &nbsp; &nbsp; &nbsp; &nbsp; &nbsp; &nbsp; &nbsp; &nbsp; &nbsp; &nbsp; &nbsp; &nbsp; &nbsp;2. 115 \u0160imek 96b&#8230;&#8230;&#8230;&#8230;&#8230;.<strong>100<\/strong><br>3.&nbsp; 109 Stoklasa 95,5b &#8230;&#8230;&#8230;. <strong>50<\/strong>&nbsp; &nbsp; &nbsp; &nbsp; &nbsp; &nbsp; &nbsp; &nbsp; &nbsp; &nbsp; &nbsp; &nbsp; &nbsp; &nbsp; &nbsp; &nbsp; &nbsp; &nbsp; &nbsp;3. 283 Stapinsk\u00fd 96b&#8230;&#8230;&#8230;&#8230;<strong>50<\/strong><\/p>\n\n\n\n<p><strong>\u010cestn\u00e9 ceny:<\/strong><br>Kuczynski, Pol\u00e1k, Re\u017eo\u0148a, Salva 2x, M\u00fa\u010dka, Michalec, Mojcher 2x, Stanko 2x, Jan\u00ed\u010dek, Nem\u010d\u00edk,&nbsp;<\/p>\n\n\n\n<p><strong>Vyhodnotenie do s\u00fa\u0165a\u017ee:<\/strong><br><strong>Grand\u0161ampi\u00f3n 2&#215;1.0&nbsp;<\/strong><br>1, 45-46 M\u00fa\u010dka 578b \/S.0333 Hovan\/&#8230;..<strong>300<\/strong><br>2, 30-32 Stapinsk\u00fd 577b \/K416 Stap.\/&#8230;..<strong>250<\/strong><br>3, 50-58 Stanko 576b \/K0823 Stanko\/&#8230;.<strong>200<\/strong><br>4, 33-36 Steiniger 575b\/S344 Steiniger\/.<strong>150<\/strong>&nbsp;<br>5, 17-18 M\u00fa\u010dka 574b \/K349 M\u00fa\u010dka\/&#8230;&#8230;..<strong>100<\/strong>&nbsp;<br>6, 15-16 M\u00fa\u010dka 573,5b\/S278 Steiniger\/&#8230;<strong>100<\/strong><br>7, 10-11 Kuczynski 570b \/S1153Martinek\/<strong>100<\/strong><br>8, 75-76 Stapinsky 569,5b \/K1511Re\u017eo\u0148a\/<strong>100<\/strong><br><br><strong>Supermajster 1.0&#215;1.0<\/strong><br>1, 53-73 Stanko 579b&#8230;&#8230;&#8230;..<strong>300<\/strong><br>2, 31-32 Stapinsk\u00fd 577,5b&#8230;.<strong>250<\/strong><br>3,49-61 Michalec 576,5b&#8230;&#8230;<strong>200<\/strong><br>4, 18-46 M\u00fa\u010dka 576,5b&#8230;&#8230;&#8230;<strong>150<\/strong><br>5. 35-36 Steiniger 575,5&#8230;&#8230;.<strong>100<\/strong><br>6, 39-58 \u0160imek 574b&#8230;&#8230;&#8230;&#8230;.<strong>100<\/strong><br>7, 23-24 Re\u017eo\u0148a 572,5b&#8230;&#8230;..<strong>100<\/strong><br>8, 26-27 Salva 571b&#8230;&#8230;&#8230;&#8230;&#8230;<strong>100<\/strong><br>9, 37-78 Stoklasa 570b&#8230;&#8230;&#8230;..<strong>100<\/strong><br>10, 20-21 Pol\u00e1k 568,5&#8230;&#8230;&#8230;&#8230;..<strong>100<\/strong><br><\/p>\n\n\n\n<p><strong>Franc\u00fazske<\/strong><br>V\u00ed\u0165azn\u00e1 kolekcia&#8230;&#8230;..83 Kad\u00edk J\u00e1n&nbsp; 291,5b<br>\u0160ampi\u00f3n&#8230;&#8230;&#8230;&#8230;&#8230;&#8230;.. 307 Kad\u00edk J\u00e1n 97,5b<br>\u0160ampi\u00f3nka&#8230;&#8230;&#8230;&#8230;&#8230;..309 Kad\u00edk J\u00e1n 97,5b<\/p>\n\n\n\n<p><strong>Prehlad ocenenia kr\u00e1likov:<\/strong><br>\u010capkovi\u010d\u00a0 \u00a0 \u00a0 \u00a0 \u00a0 \u00a0 \u00a01\/94.5 1\/93,5&#8230;&#8230;&#8230;&#8230;&#8230;..<strong>50<\/strong><br>Hovan\u00a0 \u00a0 \u00a0 \u00a0 \u00a0 \u00a0 \u00a0 \u00a0 \u00a0 1\/97 1\/96,5 1\/96 2\/95,5 1\/95&#8230;..<strong>410<\/strong><br>Kover\u00a0 \u00a0 \u00a0 \u00a0 \u00a0 \u00a0 \u00a0 \u00a0 \u00a0 \u00a02\/96,5 2\/96 1\/94,5 1\/93&#8230;&#8230;&#8230;&#8230;.<strong>350<\/strong><br>Kriv\u00fd\u00a0 \u00a0 \u00a0 \u00a0 \u00a0 \u00a0 \u00a0 \u00a0 \u00a0 \u00a0 4\/95,5 2\/94,5 1\/94&#8230;&#8230;&#8230;&#8230;&#8230;&#8230;&#8230;.<strong>280<\/strong><br>Kuczynski\u00a0 \u00a0 \u00a0 \u00a0 \u00a0 \u00a0 1\/96,5 1\/96 5\/95 1\/94&#8230;&#8230;&#8230;&#8230;&#8230;.<strong>350<\/strong><br>Michalec\u00a0 \u00a0 \u00a0 \u00a0 \u00a0 \u00a0 \u00a0 5\/97 2\/96,5 3\/96 4\/95,5 2\/94,5 1\/93,5&#8230;..<strong>520<\/strong><br>M\u00fa\u010dka\u00a0 \u00a0 \u00a0 \u00a0 \u00a0 \u00a0 \u00a0 \u00a0 \u00a0 2\/97 13\/96,5 4\/96 2\/95,5 2\/95 2\/94,5 3\/94&#8230;&#8230;<strong>500<\/strong><br>Pol\u00e1k\u00a0 \u00a0 \u00a0 \u00a0 \u00a0 \u00a0 \u00a0 \u00a0 \u00a0 \u00a0 3\/96 1\/95,5 1\/95 4\/94,5 1\/94 2\/93,5 2\/93&#8230;&#8230;.<strong>360<\/strong><br>Re\u017eo\u0148a\u00a0 \u00a0 \u00a0 \u00a0 \u00a0 \u00a0 \u00a0 \u00a0 \u00a01\/97 1\/96,5 2\/96 2\/95,5 1\/95 1\/93&#8230;&#8230;&#8230;&#8230;&#8230;&#8230;<strong>430<\/strong><br>Ryb\u00e1r\u00a0 \u00a0 \u00a0 \u00a0 \u00a0 \u00a0 \u00a0 \u00a0 \u00a0 \u00a0 1\/96,5 1\/95 1\/94&#8230;&#8230;&#8230;&#8230;&#8230;&#8230;&#8230;&#8230;&#8230;&#8230;&#8230;&#8230;&#8230;&#8230;&#8230;1<strong>60<\/strong><br>Salva\u00a0 \u00a0 \u00a0 \u00a0 \u00a0 \u00a0 \u00a0 \u00a0 \u00a0 \u00a0 \u00a01\/96,5 1\/96 3\/95,5 1\/95 1\/94,5 1\/93,5 1\/93&#8230;<strong>380<\/strong><br>Stapinsk\u00fd\u00a0 \u00a0 \u00a0 \u00a0 \u00a0 \u00a0 \u00a0 2\/97 4\/96,5 6\/96 5\/95,5 5\/95 4\/94,5 1\/94 1\/93,5&#8230;.<strong>.500<\/strong><br>Stanko\u00a0 \u00a0 \u00a0 \u00a0 \u00a0 \u00a0 \u00a0 \u00a0 \u00a0 2\/97,5 2\/97 4\/96,5 7\/96 6\/95,5 4\/95 4\/94,5 3\/94 1\/93,5&#8230;<strong>540<\/strong><br>Steiniger\u00a0 \u00a0 \u00a0 \u00a0 \u00a0 \u00a0 \u00a0 \u00a02\/97 4\/96,5 7\/96 2\/95,5 4\/95 2\/94,5&#8230;&#8230;&#8230;&#8230;&#8230;&#8230;&#8230;&#8230;&#8230;&#8230;&#8230;<strong>500<\/strong><br>Stoklasa\u00a0 \u00a0 \u00a0 \u00a0 \u00a0 \u00a0 \u00a0 \u00a01\/96 1\/95,5 2\/95 1\/94,5 1\/94&#8230;&#8230;&#8230;&#8230;&#8230;&#8230;&#8230;&#8230;&#8230;&#8230;&#8230;&#8230;&#8230;&#8230;..<strong>300<\/strong><br>\u0160imek\u00a0 \u00a0 \u00a0 \u00a0 \u00a0 \u00a0 \u00a0 \u00a0 \u00a0 \u00a02\/96,5 3\/96 2\/95,5 2\/95 3\/94,5&#8230;&#8230;&#8230;&#8230;&#8230;&#8230;&#8230;&#8230;&#8230;&#8230;&#8230;&#8230;&#8230;..<strong>430<\/strong><br>Vrba\u00a0 \u00a0 \u00a0 \u00a0 \u00a0 \u00a0 \u00a0 \u00a0 \u00a0 \u00a0 \u00a0 1\/94,5 1\/94 1\/93&#8230;&#8230;&#8230;&#8230;&#8230;&#8230;&#8230;&#8230;&#8230;&#8230;&#8230;&#8230;&#8230;&#8230;&#8230;&#8230;&#8230;&#8230;&#8230;&#8230;&#8230;<strong>.80<\/strong><br>Tej\u00a0 \u00a0 \u00a0 \u00a0 \u00a0 \u00a0 \u00a0 \u00a0 \u00a0 \u00a0 \u00a0 \u00a0 \u00a01\/95,5 2\/95 &#8230;&#8230;&#8230;&#8230;&#8230;&#8230;&#8230;&#8230;&#8230;&#8230;&#8230;&#8230;&#8230;&#8230;&#8230;&#8230;&#8230;&#8230;&#8230;&#8230;&#8230;&#8230;..<strong>.160<\/strong><br>Czegledi\u00a0 \u00a0 \u00a0 \u00a0 \u00a0 \u00a0 \u00a0 \u00a0 2\/94,5 1\/94&#8230;&#8230;&#8230;&#8230;&#8230;&#8230;&#8230;&#8230;&#8230;&#8230;&#8230;&#8230;&#8230;&#8230;&#8230;&#8230;&#8230;&#8230;&#8230;&#8230;&#8230;&#8230;&#8230;<strong>.110<\/strong><br>Ba\u010da\u00a0 \u00a0 \u00a0 \u00a0 \u00a0 \u00a0 \u00a0 \u00a0 \u00a0 \u00a0 \u00a01\/95 1\/94,5&#8230;&#8230;&#8230;&#8230;&#8230;&#8230;&#8230;&#8230;&#8230;&#8230;&#8230;&#8230;&#8230;&#8230;&#8230;&#8230;&#8230;&#8230;&#8230;&#8230;&#8230;&#8230;&#8230;&#8230;<strong>90<\/strong><br>Margetin\u00a0 \u00a0 \u00a0 \u00a0 \u00a0 \u00a0 \u00a0 \u00a01\/96 3\/95 1\/94,5&#8230;&#8230;&#8230;&#8230;&#8230;&#8230;&#8230;&#8230;&#8230;&#8230;&#8230;&#8230;&#8230;&#8230;&#8230;&#8230;&#8230;&#8230;&#8230;&#8230;&#8230;<strong>260<\/strong><br>Mojcher\u00a0 \u00a0 \u00a0 \u00a0 \u00a0 \u00a0 \u00a0 \u00a0 \u00a02\/96 2\/95,5 2\/95 1\/94,5 3\/94&#8230;&#8230;&#8230;&#8230;&#8230;&#8230;&#8230;&#8230;&#8230;&#8230;&#8230;&#8230;&#8230;&#8230;.<strong>360<\/strong><br>Oblo\u017einsk\u00fd\u00a0 \u00a0 \u00a0 \u00a0 \u00a0 \u00a0 1\/97 1\/96 1\/95 1\/94,5 1\/94 1\/93,5&#8230;&#8230;&#8230;&#8230;&#8230;&#8230;&#8230;&#8230;&#8230;&#8230;&#8230;..<strong>340<\/strong><br>Adamec\u00a0 \u00a0 \u00a0 \u00a0 \u00a0 \u00a0 \u00a0 \u00a0 2\/94,5 1\/93.5&#8230;&#8230;&#8230;&#8230;&#8230;&#8230;&#8230;&#8230;&#8230;&#8230;&#8230;&#8230;&#8230;&#8230;&#8230;&#8230;&#8230;&#8230;&#8230;&#8230;&#8230;&#8230;..<strong>100<\/strong><br>Labuda\u00a0 \u00a0 \u00a0 \u00a0 \u00a0 \u00a0 \u00a0 \u00a0 \u00a01\/96 1\/95 1\/94,5&#8230;&#8230;&#8230;&#8230;&#8230;&#8230;&#8230;&#8230;&#8230;&#8230;&#8230;&#8230;&#8230;&#8230;&#8230;&#8230;&#8230;&#8230;&#8230;&#8230;&#8230;.<strong>160<\/strong><br>Nem\u010d\u00edk\u00a0 \u00a0 \u00a0 \u00a0 \u00a0 \u00a0 \u00a0 \u00a0 \u00a01\/96 2\/94,5&#8230;&#8230;&#8230;&#8230;&#8230;&#8230;&#8230;&#8230;&#8230;&#8230;&#8230;&#8230;&#8230;&#8230;&#8230;&#8230;&#8230;&#8230;&#8230;&#8230;&#8230;&#8230;&#8230;&#8230;<strong>150<\/strong><br>\u0160\u010derb\u00e1k\u00a0 \u00a0 \u00a0 \u00a0 \u00a0 \u00a0 \u00a0 \u00a0 1\/93,5 2\/93&#8230;&#8230;&#8230;&#8230;&#8230;&#8230;&#8230;&#8230;&#8230;&#8230;&#8230;&#8230;&#8230;&#8230;&#8230;&#8230;&#8230;&#8230;&#8230;&#8230;&#8230;&#8230;&#8230;&#8230;.<strong>40<\/strong><br>Dedinsk\u00fd\u00a0 \u00a0 \u00a0 \u00a0 \u00a0 \u00a0 \u00a0 \u00a01\/95,5&#8230;&#8230;&#8230;&#8230;&#8230;&#8230;&#8230;&#8230;&#8230;&#8230;&#8230;&#8230;&#8230;&#8230;&#8230;&#8230;&#8230;&#8230;&#8230;&#8230;&#8230;&#8230;&#8230;&#8230;&#8230;&#8230;..<strong>60<\/strong><br>Jan\u00ed\u010dek\u00a0 \u00a0 \u00a0 \u00a0 \u00a0 \u00a0 \u00a0 \u00a0 \u00a01\/96,5 1\/95,5 1\/95&#8230;&#8230;&#8230;&#8230;&#8230;&#8230;&#8230;&#8230;&#8230;&#8230;&#8230;&#8230;&#8230;&#8230;&#8230;&#8230;&#8230;&#8230;&#8230;&#8230;<strong>190<\/strong><br>Czeledi\u00a0 \u00a0 \u00a0    \u00a0 \u00a0 \u00a0 \u00a0 1\/95,5 1\/95 1\/94,5 1\/94 1\/93,5 1\/93 &#8230;&#8230;&#8230;&#8230;&#8230;&#8230;&#8230;&#8230;&#8230;&#8230;&#8230;<strong>210<\/strong><br>Kad\u00edk\u00a0 \u00a0 \u00a0 \u00a0 \u00a0 \u00a0    \u00a0 \u00a0 \u00a02\/97,5 1\/97 3\/96,5 2\/96 1\/95,5&#8230;&#8230;&#8230;&#8230;&#8230;&#8230;&#8230;&#8230;&#8230;&#8230;&#8230;&#8230;&#8230;..<strong>530<\/strong><br>Kover\u00a0 \u00a0 \u00a0 \u00a0 \u00a0    \u00a0 \u00a0 \u00a0 2\/96 1\/95,5 4\/95 2\/94,5 3\/94 3\/93,5 1\/93&#8230;&#8230;&#8230;&#8230;&#8230;&#8230;&#8230;&#8230;.<strong>350<\/strong><br>Stanko\u00a0 \u00a0 \u00a0 \u00a0 \u00a0    \u00a0 \u00a0 2\/96,5 1\/94,5&#8230;&#8230;&#8230;&#8230;&#8230;&#8230;&#8230;&#8230;&#8230;&#8230;&#8230;&#8230;&#8230;&#8230;&#8230;&#8230;&#8230;&#8230;&#8230;&#8230;&#8230;&#8230;..<strong>200<\/strong><br>Stapinsk\u00fd ml.\u00a0    \u00a0 1\/96,5 1\/95.5 &#8230;&#8230;&#8230;&#8230;&#8230;&#8230;&#8230;&#8230;&#8230;&#8230;&#8230;&#8230;&#8230;&#8230;&#8230;&#8230;&#8230;&#8230;&#8230;&#8230;&#8230;&#8230;.<strong>140<\/strong><\/p>\n\n\n\nngg_shortcode_0_placeholder\n\n\n\n<p><\/p>\n\n\n\n<p><\/p>\n","protected":false},"excerpt":{"rendered":"<p>Kolekcie:1. 73 Stanko 290 b &#8230;&#8230;&#8230;&#8230;..4002. 32 Stapinsk\u00fd 289,5b &#8230;&#8230;..3503. 49 Michalec 289,5b &#8230;&#8230;&#8230;3004. 45 M\u00fa\u010dka 289 b&#8230;&#8230;&#8230;&#8230;&#8230;.2505. 23 Re\u017eo\u0148a&hellip;<\/p>\n","protected":false},"author":1,"featured_media":0,"parent":0,"menu_order":0,"comment_status":"closed","ping_status":"closed","template":"","meta":{"ngg_post_thumbnail":0,"footnotes":""},"class_list":["post-1018","page","type-page","status-publish","hentry"],"_links":{"self":[{"href":"http:\/\/www.klubvss.eu\/index.php?rest_route=\/wp\/v2\/pages\/1018","targetHints":{"allow":["GET"]}}],"collection":[{"href":"http:\/\/www.klubvss.eu\/index.php?rest_route=\/wp\/v2\/pages"}],"about":[{"href":"http:\/\/www.klubvss.eu\/index.php?rest_route=\/wp\/v2\/types\/page"}],"author":[{"embeddable":true,"href":"http:\/\/www.klubvss.eu\/index.php?rest_route=\/wp\/v2\/users\/1"}],"replies":[{"embeddable":true,"href":"http:\/\/www.klubvss.eu\/index.php?rest_route=%2Fwp%2Fv2%2Fcomments&post=1018"}],"version-history":[{"count":3,"href":"http:\/\/www.klubvss.eu\/index.php?rest_route=\/wp\/v2\/pages\/1018\/revisions"}],"predecessor-version":[{"id":1025,"href":"http:\/\/www.klubvss.eu\/index.php?rest_route=\/wp\/v2\/pages\/1018\/revisions\/1025"}],"wp:attachment":[{"href":"http:\/\/www.klubvss.eu\/index.php?rest_route=%2Fwp%2Fv2%2Fmedia&parent=1018"}],"curies":[{"name":"wp","href":"https:\/\/api.w.org\/{rel}","templated":true}]}}